{"id":632,"date":"2023-01-26T13:22:20","date_gmt":"2023-01-26T13:22:20","guid":{"rendered":"http:\/\/test.udestinations.es\/?post_type=product&#038;p=632"},"modified":"2023-02-27T16:11:11","modified_gmt":"2023-02-27T16:11:11","slug":"vendimia-y-almuerzo-en-bodega","status":"publish","type":"product","link":"https:\/\/udestinations.es\/pt\/produto\/vendimia-y-almuerzo-en-bodega\/","title":{"rendered":"Colheita e almo\u00e7o na adega"},"content":{"rendered":"<p><span style=\"color: #c9e5eb;\">O Alentejo, no sul de Portugal, faz fronteira com Espanha a leste e com o Oceano Atl\u00e2ntico a oeste. \u00c9 uma regi\u00e3o de uma beleza paisag\u00edstica deslumbrante, um patrim\u00f3nio arqueol\u00f3gico e etnogr\u00e1fico invej\u00e1vel e uma excel\u00eancia gastron\u00f3mica que se manifesta, por exemplo, nos seus vinhos.<\/span><\/p>\n<p><span style=\"color: #c9e5eb;\">A vindima \u00e9 a colheita das uvas que ser\u00e3o utilizadas para a produ\u00e7\u00e3o de vinho. Em Portugal, grande produtor de vinho, a altura da vindima depende sempre do clima anual (e da localiza\u00e7\u00e3o). Outros factores, como o grau de matura\u00e7\u00e3o desejado e o tipo de vinho a produzir, devem tamb\u00e9m ser tidos em conta.<\/span><\/p>\n<p><span style=\"color: #c9e5eb;\">Nesta atividade,\u00a0<strong>Desfrutar\u00e1 de uma visita a uma adega alentejana moderna e inovadora e aprender\u00e1 e participar\u00e1 no processo do vinho desde o in\u00edcio. Depois, terminar\u00e1 a sua atividade com um almo\u00e7o de produtos locais num excelente restaurante.<\/strong><\/span><\/p>","protected":false},"excerpt":{"rendered":"<p>El Alentejo, al sur de Portugal, limita al este con Espa\u00f1a y al oeste\u00a0con el oc\u00e9ano Atl\u00e1ntico. Se trata de una zona con una belleza paisaj\u00edstica impresionante, un patrimonio arqueol\u00f3gico y etnogr\u00e1fico envidiable y una excelencia gastron\u00f3mica que puede verse, por ejemplo, a trav\u00e9s de sus vinos. La vendimia es la recolecci\u00f3n de las uvas&hellip;&nbsp;<a href=\"https:\/\/udestinations.es\/pt\/produto\/vendimia-y-almuerzo-en-bodega\/\" rel=\"bookmark\">Ler mais \"<span class=\"screen-reader-text\">Colheita e almo\u00e7o na adega<\/span><\/a><\/p>","protected":false},"featured_media":556,"comment_status":"open","ping_status":"closed","template":"","meta":{"_acf_changed":false,"neve_meta_sidebar":"","neve_meta_container":"","neve_meta_enable_content_width":"off","neve_meta_content_width":100,"neve_meta_title_alignment":"","neve_meta_author_avatar":"","neve_post_elements_order":"","neve_meta_disable_header":"","neve_meta_disable_footer":"","neve_meta_disable_title":"","neve_meta_reading_time":""},"product_cat":[34,35,33,24],"product_tag":[],"class_list":{"0":"post-632","1":"product","2":"type-product","3":"status-publish","4":"has-post-thumbnail","6":"product_cat-obras-al-aire-libre","7":"product_cat-recorrido-fotografico","8":"product_cat-rutas-de-las-bodegas-y-cata-de-vinos","9":"product_cat-verano","11":"first","12":"instock","13":"virtual","14":"taxable","15":"purchasable","16":"product-type-simple"},"acf":[],"yoast_head":"<!-- This site is optimized with the Yoast SEO Premium plugin v20.1 (Yoast SEO v23.8) - https:\/\/yoast.com\/wordpress\/plugins\/seo\/ -->\n<title>Vendimia y almuerzo en bodega<\/title>\n<meta name=\"robots\" content=\"index, follow, max-snippet:-1, max-image-preview:large, max-video-preview:-1\" \/>\n<link rel=\"canonical\" href=\"https:\/\/udestinations.es\/pt\/produto\/vendimia-y-almuerzo-en-bodega\/\" \/>\n<meta property=\"og:locale\" content=\"pt_PT\" \/>\n<meta property=\"og:type\" content=\"article\" \/>\n<meta property=\"og:title\" content=\"Vendimia y almuerzo en bodega\" \/>\n<meta property=\"og:description\" content=\"El Alentejo, al sur de Portugal, limita al este con Espa\u00f1a y al oeste\u00a0con el oc\u00e9ano Atl\u00e1ntico. Se trata de una zona con una belleza paisaj\u00edstica impresionante, un patrimonio arqueol\u00f3gico y etnogr\u00e1fico envidiable y una excelencia gastron\u00f3mica que puede verse, por ejemplo, a trav\u00e9s de sus vinos. La vendimia es la recolecci\u00f3n de las uvas&hellip;&nbsp;Ler mais &raquo;Vendimia y almuerzo en bodega\" \/>\n<meta property=\"og:url\" content=\"https:\/\/udestinations.es\/pt\/produto\/vendimia-y-almuerzo-en-bodega\/\" \/>\n<meta property=\"og:site_name\" content=\"uDestinations\" \/>\n<meta property=\"article:publisher\" content=\"https:\/\/www.facebook.com\/UDestinations.experiences\/\" \/>\n<meta property=\"article:modified_time\" content=\"2023-02-27T16:11:11+00:00\" \/>\n<meta property=\"og:image\" content=\"https:\/\/udestinations.es\/wp-content\/uploads\/2023\/01\/28.VENDIMIA-Y-ALMUERZO-EN-BODEGA-1.webp\" \/>\n\t<meta property=\"og:image:width\" content=\"912\" \/>\n\t<meta property=\"og:image:height\" content=\"720\" \/>\n\t<meta property=\"og:image:type\" content=\"image\/webp\" \/>\n<meta name=\"twitter:card\" content=\"summary_large_image\" \/>\n<meta name=\"twitter:site\" content=\"@udestinations_\" \/>\n<meta name=\"twitter:label1\" content=\"Tempo estimado de leitura\" \/>\n\t<meta name=\"twitter:data1\" content=\"1 minuto\" \/>\n<script type=\"application\/ld+json\" class=\"yoast-schema-graph\">{\"@context\":\"https:\/\/schema.org\",\"@graph\":[{\"@type\":\"WebPage\",\"@id\":\"https:\/\/udestinations.es\/producto\/vendimia-y-almuerzo-en-bodega\/\",\"url\":\"https:\/\/udestinations.es\/producto\/vendimia-y-almuerzo-en-bodega\/\",\"name\":\"Vendimia y almuerzo en bodega\",\"isPartOf\":{\"@id\":\"https:\/\/udestinations.es\/de\/#website\"},\"primaryImageOfPage\":{\"@id\":\"https:\/\/udestinations.es\/producto\/vendimia-y-almuerzo-en-bodega\/#primaryimage\"},\"image\":{\"@id\":\"https:\/\/udestinations.es\/producto\/vendimia-y-almuerzo-en-bodega\/#primaryimage\"},\"thumbnailUrl\":\"https:\/\/udestinations.es\/wp-content\/uploads\/2023\/01\/28.VENDIMIA-Y-ALMUERZO-EN-BODEGA-1.webp\",\"datePublished\":\"2023-01-26T13:22:20+00:00\",\"dateModified\":\"2023-02-27T16:11:11+00:00\",\"breadcrumb\":{\"@id\":\"https:\/\/udestinations.es\/producto\/vendimia-y-almuerzo-en-bodega\/#breadcrumb\"},\"inLanguage\":\"pt-PT\",\"potentialAction\":[{\"@type\":\"ReadAction\",\"target\":[\"https:\/\/udestinations.es\/producto\/vendimia-y-almuerzo-en-bodega\/\"]}]},{\"@type\":\"ImageObject\",\"inLanguage\":\"pt-PT\",\"@id\":\"https:\/\/udestinations.es\/producto\/vendimia-y-almuerzo-en-bodega\/#primaryimage\",\"url\":\"https:\/\/udestinations.es\/wp-content\/uploads\/2023\/01\/28.VENDIMIA-Y-ALMUERZO-EN-BODEGA-1.webp\",\"contentUrl\":\"https:\/\/udestinations.es\/wp-content\/uploads\/2023\/01\/28.VENDIMIA-Y-ALMUERZO-EN-BODEGA-1.webp\",\"width\":912,\"height\":720},{\"@type\":\"BreadcrumbList\",\"@id\":\"https:\/\/udestinations.es\/producto\/vendimia-y-almuerzo-en-bodega\/#breadcrumb\",\"itemListElement\":[{\"@type\":\"ListItem\",\"position\":1,\"name\":\"Tienda\",\"item\":\"https:\/\/udestinations.es\/tienda\/\"},{\"@type\":\"ListItem\",\"position\":2,\"name\":\"Vendimia y almuerzo en bodega\"}]},{\"@type\":\"WebSite\",\"@id\":\"https:\/\/udestinations.es\/de\/#website\",\"url\":\"https:\/\/udestinations.es\/de\/\",\"name\":\"uDestinations\",\"description\":\"\",\"potentialAction\":[{\"@type\":\"SearchAction\",\"target\":{\"@type\":\"EntryPoint\",\"urlTemplate\":\"https:\/\/udestinations.es\/de\/?s={search_term_string}\"},\"query-input\":{\"@type\":\"PropertyValueSpecification\",\"valueRequired\":true,\"valueName\":\"search_term_string\"}}],\"inLanguage\":\"pt-PT\"}]}<\/script>\n<!-- \/ Yoast SEO Premium plugin. -->","yoast_head_json":{"title":"Vendimia y almuerzo en bodega","robots":{"index":"index","follow":"follow","max-snippet":"max-snippet:-1","max-image-preview":"max-image-preview:large","max-video-preview":"max-video-preview:-1"},"canonical":"https:\/\/udestinations.es\/pt\/produto\/vendimia-y-almuerzo-en-bodega\/","og_locale":"pt_PT","og_type":"article","og_title":"Vendimia y almuerzo en bodega","og_description":"El Alentejo, al sur de Portugal, limita al este con Espa\u00f1a y al oeste\u00a0con el oc\u00e9ano Atl\u00e1ntico. Se trata de una zona con una belleza paisaj\u00edstica impresionante, un patrimonio arqueol\u00f3gico y etnogr\u00e1fico envidiable y una excelencia gastron\u00f3mica que puede verse, por ejemplo, a trav\u00e9s de sus vinos. La vendimia es la recolecci\u00f3n de las uvas&hellip;&nbsp;Ler mais &raquo;Vendimia y almuerzo en bodega","og_url":"https:\/\/udestinations.es\/pt\/produto\/vendimia-y-almuerzo-en-bodega\/","og_site_name":"uDestinations","article_publisher":"https:\/\/www.facebook.com\/UDestinations.experiences\/","article_modified_time":"2023-02-27T16:11:11+00:00","og_image":[{"width":912,"height":720,"url":"https:\/\/udestinations.es\/wp-content\/uploads\/2023\/01\/28.VENDIMIA-Y-ALMUERZO-EN-BODEGA-1.webp","type":"image\/webp"}],"twitter_card":"summary_large_image","twitter_site":"@udestinations_","twitter_misc":{"Tempo estimado de leitura":"1 minuto"},"schema":{"@context":"https:\/\/schema.org","@graph":[{"@type":"WebPage","@id":"https:\/\/udestinations.es\/producto\/vendimia-y-almuerzo-en-bodega\/","url":"https:\/\/udestinations.es\/producto\/vendimia-y-almuerzo-en-bodega\/","name":"Vendimia y almuerzo en bodega","isPartOf":{"@id":"https:\/\/udestinations.es\/de\/#website"},"primaryImageOfPage":{"@id":"https:\/\/udestinations.es\/producto\/vendimia-y-almuerzo-en-bodega\/#primaryimage"},"image":{"@id":"https:\/\/udestinations.es\/producto\/vendimia-y-almuerzo-en-bodega\/#primaryimage"},"thumbnailUrl":"https:\/\/udestinations.es\/wp-content\/uploads\/2023\/01\/28.VENDIMIA-Y-ALMUERZO-EN-BODEGA-1.webp","datePublished":"2023-01-26T13:22:20+00:00","dateModified":"2023-02-27T16:11:11+00:00","breadcrumb":{"@id":"https:\/\/udestinations.es\/producto\/vendimia-y-almuerzo-en-bodega\/#breadcrumb"},"inLanguage":"pt-PT","potentialAction":[{"@type":"ReadAction","target":["https:\/\/udestinations.es\/producto\/vendimia-y-almuerzo-en-bodega\/"]}]},{"@type":"ImageObject","inLanguage":"pt-PT","@id":"https:\/\/udestinations.es\/producto\/vendimia-y-almuerzo-en-bodega\/#primaryimage","url":"https:\/\/udestinations.es\/wp-content\/uploads\/2023\/01\/28.VENDIMIA-Y-ALMUERZO-EN-BODEGA-1.webp","contentUrl":"https:\/\/udestinations.es\/wp-content\/uploads\/2023\/01\/28.VENDIMIA-Y-ALMUERZO-EN-BODEGA-1.webp","width":912,"height":720},{"@type":"BreadcrumbList","@id":"https:\/\/udestinations.es\/producto\/vendimia-y-almuerzo-en-bodega\/#breadcrumb","itemListElement":[{"@type":"ListItem","position":1,"name":"Tienda","item":"https:\/\/udestinations.es\/tienda\/"},{"@type":"ListItem","position":2,"name":"Vendimia y almuerzo en bodega"}]},{"@type":"WebSite","@id":"https:\/\/udestinations.es\/de\/#website","url":"https:\/\/udestinations.es\/de\/","name":"uDestinations","description":"","potentialAction":[{"@type":"SearchAction","target":{"@type":"EntryPoint","urlTemplate":"https:\/\/udestinations.es\/de\/?s={search_term_string}"},"query-input":{"@type":"PropertyValueSpecification","valueRequired":true,"valueName":"search_term_string"}}],"inLanguage":"pt-PT"}]}},"_links":{"self":[{"href":"https:\/\/udestinations.es\/pt\/wp-json\/wp\/v2\/product\/632","targetHints":{"allow":["GET"]}}],"collection":[{"href":"https:\/\/udestinations.es\/pt\/wp-json\/wp\/v2\/product"}],"about":[{"href":"https:\/\/udestinations.es\/pt\/wp-json\/wp\/v2\/types\/product"}],"replies":[{"embeddable":true,"href":"https:\/\/udestinations.es\/pt\/wp-json\/wp\/v2\/comments?post=632"}],"version-history":[{"count":4,"href":"https:\/\/udestinations.es\/pt\/wp-json\/wp\/v2\/product\/632\/revisions"}],"predecessor-version":[{"id":2156,"href":"https:\/\/udestinations.es\/pt\/wp-json\/wp\/v2\/product\/632\/revisions\/2156"}],"wp:featuredmedia":[{"embeddable":true,"href":"https:\/\/udestinations.es\/pt\/wp-json\/wp\/v2\/media\/556"}],"wp:attachment":[{"href":"https:\/\/udestinations.es\/pt\/wp-json\/wp\/v2\/media?parent=632"}],"wp:term":[{"taxonomy":"product_cat","embeddable":true,"href":"https:\/\/udestinations.es\/pt\/wp-json\/wp\/v2\/product_cat?post=632"},{"taxonomy":"product_tag","embeddable":true,"href":"https:\/\/udestinations.es\/pt\/wp-json\/wp\/v2\/product_tag?post=632"}],"curies":[{"name":"wp","href":"https:\/\/api.w.org\/{rel}","templated":true}]}}