{"id":629,"date":"2023-01-26T13:14:42","date_gmt":"2023-01-26T13:14:42","guid":{"rendered":"http:\/\/test.udestinations.es\/?post_type=product&#038;p=629"},"modified":"2023-02-27T15:49:40","modified_gmt":"2023-02-27T15:49:40","slug":"eurovelo-ruta-en-bicicleta","status":"publish","type":"product","link":"https:\/\/udestinations.es\/pt\/produto\/eurovelo-ruta-en-bicicleta\/","title":{"rendered":"Eurovelo - Percurso de bicicleta"},"content":{"rendered":"<p><span style=\"color: #c9e5eb;\">A Europa disp\u00f5e de uma rede internacional de percursos de cicloturismo de longa dist\u00e2ncia denominada Eurovelo. Trata-se de uma rede de 17 percursos transnacionais de longa dist\u00e2ncia com mais de 80.000 km que ligam as principais cidades europeias. Este projeto faz parte da Federa\u00e7\u00e3o Europeia de Ciclistas (ECF) e tem como objetivo promover um turismo tranquilo e respons\u00e1vel.<\/span><\/p>\n<p><span style=\"color: #c9e5eb;\">Os percursos foram concebidos para serem apreciados pelos ciclistas, tanto profissionais como amadores, com liga\u00e7\u00f5es entre as cidades que atravessam e as suas desloca\u00e7\u00f5es di\u00e1rias.<\/span><\/p>\n<p><span style=\"color: #c9e5eb;\">O percurso\u00a0<strong>Eurovelo 1 <\/strong>o<strong><em> Rota da Costa Atl\u00e2ntica<\/em> (Rota da Costa Atl\u00e2ntica)<\/strong>A rota, com uma dist\u00e2ncia total de mais de 11 000 km, abrange pa\u00edses como a Noruega, o Reino Unido, a Irlanda, a Fran\u00e7a, a Espanha e Portugal.<\/span><\/p>\n<p><span style=\"color: #c9e5eb;\">O Eurovelo 1 passa pela Pen\u00ednsula Ib\u00e9rica no final do seu percurso, ao longo de uma grande parte da antiga Via da Prata (na Extremadura), e termina ap\u00f3s o percurso inverso (de sul para norte) ao longo de toda a costa atl\u00e2ntica de Portugal.<\/span><\/p>\n<p><span style=\"color: #c9e5eb;\">Esta experi\u00eancia pode ser desfrutada por etapas do Eurovelo ou mesmo por pontos dentro das etapas. Os tro\u00e7os passam pela Extremadura e por Portugal e permitir-lhe-\u00e3o descobrir espa\u00e7os naturais e lugares magn\u00edficos de uma forma respons\u00e1vel e sustent\u00e1vel.<\/span><\/p>\n<p><span style=\"color: #c9e5eb;\"><strong>Desfrute de uma experi\u00eancia ao ar livre fazendo uma visita autoguiada a M\u00e9rida durante um dia. Receber\u00e1 um guia com o itiner\u00e1rio, os hor\u00e1rios e o percurso explicativo dos monumentos a visitar. Oferecemos-lhe um piquenique para levar e comer no local da sua escolha. Tamb\u00e9m est\u00e1 inclu\u00edda uma atividade - dependendo da \u00e9poca do ano e da prefer\u00eancia do viajante - conforme detalhado no servi\u00e7o.<\/strong><\/span><\/p>\n<p><span style=\"color: #c9e5eb;\"><strong>Se precisar de alguma modifica\u00e7\u00e3o da experi\u00eancia ou se estiver \u00e0 procura de outras op\u00e7\u00f5es, n\u00e3o hesite em contactar-nos.<\/strong><\/span><\/p>","protected":false},"excerpt":{"rendered":"<p>Europa cuenta con una red internacional de rutas de cicloturismo de larga distancia llamada Eurovelo. Se trata de una red de 17 rutas transnacionales de larga distancia y con m\u00e1s de 80.000 km que une las principales ciudades europeas. Este proyecto est\u00e1 dentro de la Federaci\u00f3n Europea de Ciclistas (ECF)\u00a0y tiene como objetivo promover\u00a0un turismo&hellip;&nbsp;<a href=\"https:\/\/udestinations.es\/pt\/produto\/eurovelo-ruta-en-bicicleta\/\" rel=\"bookmark\">Ler mais \"<span class=\"screen-reader-text\">Eurovelo - Percurso de bicicleta<\/span><\/a><\/p>","protected":false},"featured_media":570,"comment_status":"open","ping_status":"closed","template":"","meta":{"_acf_changed":false,"neve_meta_sidebar":"","neve_meta_container":"","neve_meta_enable_content_width":"off","neve_meta_content_width":100,"neve_meta_title_alignment":"","neve_meta_author_avatar":"","neve_post_elements_order":"","neve_meta_disable_header":"","neve_meta_disable_footer":"","neve_meta_disable_title":"","neve_meta_reading_time":""},"product_cat":[22,33,24],"product_tag":[],"class_list":{"0":"post-629","1":"product","2":"type-product","3":"status-publish","4":"has-post-thumbnail","6":"product_cat-espana","7":"product_cat-rutas-de-las-bodegas-y-cata-de-vinos","8":"product_cat-verano","10":"first","11":"instock","12":"taxable","13":"shipping-taxable","14":"purchasable","15":"product-type-simple"},"acf":[],"yoast_head":"<!-- This site is optimized with the Yoast SEO Premium plugin v20.1 (Yoast SEO v23.8) - https:\/\/yoast.com\/wordpress\/plugins\/seo\/ -->\n<title>Eurovelo - Ruta en bicicleta<\/title>\n<meta name=\"robots\" content=\"index, follow, max-snippet:-1, max-image-preview:large, max-video-preview:-1\" \/>\n<link rel=\"canonical\" href=\"https:\/\/udestinations.es\/pt\/produto\/eurovelo-ruta-en-bicicleta\/\" \/>\n<meta property=\"og:locale\" content=\"pt_PT\" \/>\n<meta property=\"og:type\" content=\"article\" \/>\n<meta property=\"og:title\" content=\"Eurovelo - Ruta en bicicleta\" \/>\n<meta property=\"og:description\" content=\"Europa cuenta con una red internacional de rutas de cicloturismo de larga distancia llamada Eurovelo. Se trata de una red de 17 rutas transnacionales de larga distancia y con m\u00e1s de 80.000 km que une las principales ciudades europeas. Este proyecto est\u00e1 dentro de la Federaci\u00f3n Europea de Ciclistas (ECF)\u00a0y tiene como objetivo promover\u00a0un turismo&hellip;&nbsp;Ler mais &raquo;Eurovelo &#8211; Ruta en bicicleta\" \/>\n<meta property=\"og:url\" content=\"https:\/\/udestinations.es\/pt\/produto\/eurovelo-ruta-en-bicicleta\/\" \/>\n<meta property=\"og:site_name\" content=\"uDestinations\" \/>\n<meta property=\"article:publisher\" content=\"https:\/\/www.facebook.com\/UDestinations.experiences\/\" \/>\n<meta property=\"article:modified_time\" content=\"2023-02-27T15:49:40+00:00\" \/>\n<meta property=\"og:image\" content=\"https:\/\/udestinations.es\/wp-content\/uploads\/2023\/01\/Eurovelospain-1.webp\" \/>\n\t<meta property=\"og:image:width\" content=\"1920\" \/>\n\t<meta property=\"og:image:height\" content=\"1080\" \/>\n\t<meta property=\"og:image:type\" content=\"image\/webp\" \/>\n<meta name=\"twitter:card\" content=\"summary_large_image\" \/>\n<meta name=\"twitter:site\" content=\"@udestinations_\" \/>\n<meta name=\"twitter:label1\" content=\"Tempo estimado de leitura\" \/>\n\t<meta name=\"twitter:data1\" content=\"2 minutos\" \/>\n<script type=\"application\/ld+json\" class=\"yoast-schema-graph\">{\"@context\":\"https:\/\/schema.org\",\"@graph\":[{\"@type\":\"WebPage\",\"@id\":\"https:\/\/udestinations.es\/producto\/eurovelo-ruta-en-bicicleta\/\",\"url\":\"https:\/\/udestinations.es\/producto\/eurovelo-ruta-en-bicicleta\/\",\"name\":\"Eurovelo - Ruta en bicicleta\",\"isPartOf\":{\"@id\":\"https:\/\/udestinations.es\/de\/#website\"},\"primaryImageOfPage\":{\"@id\":\"https:\/\/udestinations.es\/producto\/eurovelo-ruta-en-bicicleta\/#primaryimage\"},\"image\":{\"@id\":\"https:\/\/udestinations.es\/producto\/eurovelo-ruta-en-bicicleta\/#primaryimage\"},\"thumbnailUrl\":\"https:\/\/udestinations.es\/wp-content\/uploads\/2023\/01\/Eurovelospain-1.webp\",\"datePublished\":\"2023-01-26T13:14:42+00:00\",\"dateModified\":\"2023-02-27T15:49:40+00:00\",\"breadcrumb\":{\"@id\":\"https:\/\/udestinations.es\/producto\/eurovelo-ruta-en-bicicleta\/#breadcrumb\"},\"inLanguage\":\"pt-PT\",\"potentialAction\":[{\"@type\":\"ReadAction\",\"target\":[\"https:\/\/udestinations.es\/producto\/eurovelo-ruta-en-bicicleta\/\"]}]},{\"@type\":\"ImageObject\",\"inLanguage\":\"pt-PT\",\"@id\":\"https:\/\/udestinations.es\/producto\/eurovelo-ruta-en-bicicleta\/#primaryimage\",\"url\":\"https:\/\/udestinations.es\/wp-content\/uploads\/2023\/01\/Eurovelospain-1.webp\",\"contentUrl\":\"https:\/\/udestinations.es\/wp-content\/uploads\/2023\/01\/Eurovelospain-1.webp\",\"width\":1920,\"height\":1080},{\"@type\":\"BreadcrumbList\",\"@id\":\"https:\/\/udestinations.es\/producto\/eurovelo-ruta-en-bicicleta\/#breadcrumb\",\"itemListElement\":[{\"@type\":\"ListItem\",\"position\":1,\"name\":\"Tienda\",\"item\":\"https:\/\/udestinations.es\/tienda\/\"},{\"@type\":\"ListItem\",\"position\":2,\"name\":\"Eurovelo &#8211; Ruta en bicicleta\"}]},{\"@type\":\"WebSite\",\"@id\":\"https:\/\/udestinations.es\/de\/#website\",\"url\":\"https:\/\/udestinations.es\/de\/\",\"name\":\"uDestinations\",\"description\":\"\",\"potentialAction\":[{\"@type\":\"SearchAction\",\"target\":{\"@type\":\"EntryPoint\",\"urlTemplate\":\"https:\/\/udestinations.es\/de\/?s={search_term_string}\"},\"query-input\":{\"@type\":\"PropertyValueSpecification\",\"valueRequired\":true,\"valueName\":\"search_term_string\"}}],\"inLanguage\":\"pt-PT\"}]}<\/script>\n<!-- \/ Yoast SEO Premium plugin. -->","yoast_head_json":{"title":"Eurovelo - Ruta en bicicleta","robots":{"index":"index","follow":"follow","max-snippet":"max-snippet:-1","max-image-preview":"max-image-preview:large","max-video-preview":"max-video-preview:-1"},"canonical":"https:\/\/udestinations.es\/pt\/produto\/eurovelo-ruta-en-bicicleta\/","og_locale":"pt_PT","og_type":"article","og_title":"Eurovelo - Ruta en bicicleta","og_description":"Europa cuenta con una red internacional de rutas de cicloturismo de larga distancia llamada Eurovelo. Se trata de una red de 17 rutas transnacionales de larga distancia y con m\u00e1s de 80.000 km que une las principales ciudades europeas. Este proyecto est\u00e1 dentro de la Federaci\u00f3n Europea de Ciclistas (ECF)\u00a0y tiene como objetivo promover\u00a0un turismo&hellip;&nbsp;Ler mais &raquo;Eurovelo &#8211; Ruta en bicicleta","og_url":"https:\/\/udestinations.es\/pt\/produto\/eurovelo-ruta-en-bicicleta\/","og_site_name":"uDestinations","article_publisher":"https:\/\/www.facebook.com\/UDestinations.experiences\/","article_modified_time":"2023-02-27T15:49:40+00:00","og_image":[{"width":1920,"height":1080,"url":"https:\/\/udestinations.es\/wp-content\/uploads\/2023\/01\/Eurovelospain-1.webp","type":"image\/webp"}],"twitter_card":"summary_large_image","twitter_site":"@udestinations_","twitter_misc":{"Tempo estimado de leitura":"2 minutos"},"schema":{"@context":"https:\/\/schema.org","@graph":[{"@type":"WebPage","@id":"https:\/\/udestinations.es\/producto\/eurovelo-ruta-en-bicicleta\/","url":"https:\/\/udestinations.es\/producto\/eurovelo-ruta-en-bicicleta\/","name":"Eurovelo - Ruta en bicicleta","isPartOf":{"@id":"https:\/\/udestinations.es\/de\/#website"},"primaryImageOfPage":{"@id":"https:\/\/udestinations.es\/producto\/eurovelo-ruta-en-bicicleta\/#primaryimage"},"image":{"@id":"https:\/\/udestinations.es\/producto\/eurovelo-ruta-en-bicicleta\/#primaryimage"},"thumbnailUrl":"https:\/\/udestinations.es\/wp-content\/uploads\/2023\/01\/Eurovelospain-1.webp","datePublished":"2023-01-26T13:14:42+00:00","dateModified":"2023-02-27T15:49:40+00:00","breadcrumb":{"@id":"https:\/\/udestinations.es\/producto\/eurovelo-ruta-en-bicicleta\/#breadcrumb"},"inLanguage":"pt-PT","potentialAction":[{"@type":"ReadAction","target":["https:\/\/udestinations.es\/producto\/eurovelo-ruta-en-bicicleta\/"]}]},{"@type":"ImageObject","inLanguage":"pt-PT","@id":"https:\/\/udestinations.es\/producto\/eurovelo-ruta-en-bicicleta\/#primaryimage","url":"https:\/\/udestinations.es\/wp-content\/uploads\/2023\/01\/Eurovelospain-1.webp","contentUrl":"https:\/\/udestinations.es\/wp-content\/uploads\/2023\/01\/Eurovelospain-1.webp","width":1920,"height":1080},{"@type":"BreadcrumbList","@id":"https:\/\/udestinations.es\/producto\/eurovelo-ruta-en-bicicleta\/#breadcrumb","itemListElement":[{"@type":"ListItem","position":1,"name":"Tienda","item":"https:\/\/udestinations.es\/tienda\/"},{"@type":"ListItem","position":2,"name":"Eurovelo &#8211; Ruta en bicicleta"}]},{"@type":"WebSite","@id":"https:\/\/udestinations.es\/de\/#website","url":"https:\/\/udestinations.es\/de\/","name":"uDestinations","description":"","potentialAction":[{"@type":"SearchAction","target":{"@type":"EntryPoint","urlTemplate":"https:\/\/udestinations.es\/de\/?s={search_term_string}"},"query-input":{"@type":"PropertyValueSpecification","valueRequired":true,"valueName":"search_term_string"}}],"inLanguage":"pt-PT"}]}},"_links":{"self":[{"href":"https:\/\/udestinations.es\/pt\/wp-json\/wp\/v2\/product\/629","targetHints":{"allow":["GET"]}}],"collection":[{"href":"https:\/\/udestinations.es\/pt\/wp-json\/wp\/v2\/product"}],"about":[{"href":"https:\/\/udestinations.es\/pt\/wp-json\/wp\/v2\/types\/product"}],"replies":[{"embeddable":true,"href":"https:\/\/udestinations.es\/pt\/wp-json\/wp\/v2\/comments?post=629"}],"version-history":[{"count":2,"href":"https:\/\/udestinations.es\/pt\/wp-json\/wp\/v2\/product\/629\/revisions"}],"predecessor-version":[{"id":2154,"href":"https:\/\/udestinations.es\/pt\/wp-json\/wp\/v2\/product\/629\/revisions\/2154"}],"wp:featuredmedia":[{"embeddable":true,"href":"https:\/\/udestinations.es\/pt\/wp-json\/wp\/v2\/media\/570"}],"wp:attachment":[{"href":"https:\/\/udestinations.es\/pt\/wp-json\/wp\/v2\/media?parent=629"}],"wp:term":[{"taxonomy":"product_cat","embeddable":true,"href":"https:\/\/udestinations.es\/pt\/wp-json\/wp\/v2\/product_cat?post=629"},{"taxonomy":"product_tag","embeddable":true,"href":"https:\/\/udestinations.es\/pt\/wp-json\/wp\/v2\/product_tag?post=629"}],"curies":[{"name":"wp","href":"https:\/\/api.w.org\/{rel}","templated":true}]}}