{"id":624,"date":"2023-01-26T12:58:51","date_gmt":"2023-01-26T12:58:51","guid":{"rendered":"http:\/\/test.udestinations.es\/?post_type=product&#038;p=624"},"modified":"2023-02-27T16:02:10","modified_gmt":"2023-02-27T16:02:10","slug":"picnic-en-una-isla-de-alqueva","status":"publish","type":"product","link":"https:\/\/udestinations.es\/pt\/produto\/picnic-en-una-isla-de-alqueva\/","title":{"rendered":"Piquenique numa ilha do Alqueva"},"content":{"rendered":"<p><span style=\"color: #c9e5eb;\">O Alentejo, no sul de Portugal, faz fronteira com Espanha a leste e com o Oceano Atl\u00e2ntico a oeste. \u00c9 uma regi\u00e3o de uma beleza paisag\u00edstica deslumbrante, um patrim\u00f3nio arqueol\u00f3gico e etnogr\u00e1fico invej\u00e1vel e uma excel\u00eancia gastron\u00f3mica que se manifesta, por exemplo, nos seus vinhos.<\/span><\/p>\n<p><span style=\"color: #c9e5eb;\">A \u00e1rea onde o <strong>Lago Alqueva<\/strong> \u00e9 uma zona pouco visitada, mas com \u00f3ptimas e muito interessantes alternativas tur\u00edsticas. Estamos a falar do maior lago artificial da Europa Ocidental, com uma grande \u00e1rea de \u00e1gua de mais de\u00a0<strong>250 km\u00b2 (250 km\u00b2)<\/strong>.<\/span><\/p>\n<p><span style=\"color: #c9e5eb;\">A sua dimens\u00e3o permite-lhe praticar tudo, desde desportos n\u00e1uticos a cruzeiros, como se estivesse \"ao largo\".<\/span><\/p>\n<p><span style=\"color: #c9e5eb;\"><strong>Desfrute de uma experi\u00eancia de navega\u00e7\u00e3o de 2 horas com um piquenique com produtos regionais numa das quase 500 pequenas ilhas do Lago Alqueva, que liga Espanha e Portugal.<\/strong><\/span><\/p>","protected":false},"excerpt":{"rendered":"<p>O Alentejo, no sul de Portugal, faz fronteira com Espanha a leste e com o Oceano Atl\u00e2ntico a oeste. \u00c9 uma zona de uma beleza paisag\u00edstica deslumbrante, um patrim\u00f3nio arqueol\u00f3gico e etnogr\u00e1fico invej\u00e1vel e uma excel\u00eancia gastron\u00f3mica que se manifesta, por exemplo, nos seus vinhos. A zona onde se situa o lago de...&nbsp;<a href=\"https:\/\/udestinations.es\/pt\/produto\/picnic-en-una-isla-de-alqueva\/\" rel=\"bookmark\">Ler mais \"<span class=\"screen-reader-text\">Piquenique numa ilha do Alqueva<\/span><\/a><\/p>","protected":false},"featured_media":557,"comment_status":"open","ping_status":"closed","template":"","meta":{"_acf_changed":false,"neve_meta_sidebar":"","neve_meta_container":"","neve_meta_enable_content_width":"off","neve_meta_content_width":100,"neve_meta_title_alignment":"","neve_meta_author_avatar":"","neve_post_elements_order":"","neve_meta_disable_header":"","neve_meta_disable_footer":"","neve_meta_disable_title":"","neve_meta_reading_time":""},"product_cat":[34,35,24],"product_tag":[],"class_list":{"0":"post-624","1":"product","2":"type-product","3":"status-publish","4":"has-post-thumbnail","6":"product_cat-obras-al-aire-libre","7":"product_cat-recorrido-fotografico","8":"product_cat-verano","10":"first","11":"instock","12":"taxable","13":"shipping-taxable","14":"purchasable","15":"product-type-simple"},"acf":[],"yoast_head":"<!-- This site is optimized with the Yoast SEO Premium plugin v20.1 (Yoast SEO v23.8) - https:\/\/yoast.com\/wordpress\/plugins\/seo\/ -->\n<title>P\u00edcnic en una isla de Alqueva<\/title>\n<meta name=\"robots\" content=\"index, follow, max-snippet:-1, max-image-preview:large, max-video-preview:-1\" \/>\n<link rel=\"canonical\" href=\"https:\/\/udestinations.es\/pt\/produto\/picnic-en-una-isla-de-alqueva\/\" \/>\n<meta property=\"og:locale\" content=\"pt_PT\" \/>\n<meta property=\"og:type\" content=\"article\" \/>\n<meta property=\"og:title\" content=\"P\u00edcnic en una isla de Alqueva\" \/>\n<meta property=\"og:description\" content=\"El Alentejo, al sur de Portugal, limita al este con Espa\u00f1a y al oeste\u00a0con el oc\u00e9ano Atl\u00e1ntico. Se trata de una zona con una belleza paisaj\u00edstica impresionante, un patrimonio arqueol\u00f3gico y etnogr\u00e1fico envidiable y una excelencia gastron\u00f3mica que puede verse, por ejemplo, a trav\u00e9s de sus vinos. La zona donde se encuentra el lago de&hellip;&nbsp;Ler mais &raquo;P\u00edcnic en una isla de Alqueva\" \/>\n<meta property=\"og:url\" content=\"https:\/\/udestinations.es\/pt\/produto\/picnic-en-una-isla-de-alqueva\/\" \/>\n<meta property=\"og:site_name\" content=\"uDestinations\" \/>\n<meta property=\"article:publisher\" content=\"https:\/\/www.facebook.com\/UDestinations.experiences\/\" \/>\n<meta property=\"article:modified_time\" content=\"2023-02-27T16:02:10+00:00\" \/>\n<meta property=\"og:image\" content=\"https:\/\/udestinations.es\/wp-content\/uploads\/2023\/01\/59ba77_aef61e5642884e4e80808af3feee89ba_mv2.webp\" \/>\n\t<meta property=\"og:image:width\" content=\"781\" \/>\n\t<meta property=\"og:image:height\" content=\"520\" \/>\n\t<meta property=\"og:image:type\" content=\"image\/webp\" \/>\n<meta name=\"twitter:card\" content=\"summary_large_image\" \/>\n<meta name=\"twitter:site\" content=\"@udestinations_\" \/>\n<meta name=\"twitter:label1\" content=\"Tempo estimado de leitura\" \/>\n\t<meta name=\"twitter:data1\" content=\"1 minuto\" \/>\n<script type=\"application\/ld+json\" class=\"yoast-schema-graph\">{\"@context\":\"https:\/\/schema.org\",\"@graph\":[{\"@type\":\"WebPage\",\"@id\":\"https:\/\/udestinations.es\/producto\/picnic-en-una-isla-de-alqueva\/\",\"url\":\"https:\/\/udestinations.es\/producto\/picnic-en-una-isla-de-alqueva\/\",\"name\":\"P\u00edcnic en una isla de Alqueva\",\"isPartOf\":{\"@id\":\"https:\/\/udestinations.es\/de\/#website\"},\"primaryImageOfPage\":{\"@id\":\"https:\/\/udestinations.es\/producto\/picnic-en-una-isla-de-alqueva\/#primaryimage\"},\"image\":{\"@id\":\"https:\/\/udestinations.es\/producto\/picnic-en-una-isla-de-alqueva\/#primaryimage\"},\"thumbnailUrl\":\"https:\/\/udestinations.es\/wp-content\/uploads\/2023\/01\/59ba77_aef61e5642884e4e80808af3feee89ba_mv2.webp\",\"datePublished\":\"2023-01-26T12:58:51+00:00\",\"dateModified\":\"2023-02-27T16:02:10+00:00\",\"breadcrumb\":{\"@id\":\"https:\/\/udestinations.es\/producto\/picnic-en-una-isla-de-alqueva\/#breadcrumb\"},\"inLanguage\":\"pt-PT\",\"potentialAction\":[{\"@type\":\"ReadAction\",\"target\":[\"https:\/\/udestinations.es\/producto\/picnic-en-una-isla-de-alqueva\/\"]}]},{\"@type\":\"ImageObject\",\"inLanguage\":\"pt-PT\",\"@id\":\"https:\/\/udestinations.es\/producto\/picnic-en-una-isla-de-alqueva\/#primaryimage\",\"url\":\"https:\/\/udestinations.es\/wp-content\/uploads\/2023\/01\/59ba77_aef61e5642884e4e80808af3feee89ba_mv2.webp\",\"contentUrl\":\"https:\/\/udestinations.es\/wp-content\/uploads\/2023\/01\/59ba77_aef61e5642884e4e80808af3feee89ba_mv2.webp\",\"width\":781,\"height\":520},{\"@type\":\"BreadcrumbList\",\"@id\":\"https:\/\/udestinations.es\/producto\/picnic-en-una-isla-de-alqueva\/#breadcrumb\",\"itemListElement\":[{\"@type\":\"ListItem\",\"position\":1,\"name\":\"Tienda\",\"item\":\"https:\/\/udestinations.es\/tienda\/\"},{\"@type\":\"ListItem\",\"position\":2,\"name\":\"P\u00edcnic en una isla de Alqueva\"}]},{\"@type\":\"WebSite\",\"@id\":\"https:\/\/udestinations.es\/de\/#website\",\"url\":\"https:\/\/udestinations.es\/de\/\",\"name\":\"uDestinations\",\"description\":\"\",\"potentialAction\":[{\"@type\":\"SearchAction\",\"target\":{\"@type\":\"EntryPoint\",\"urlTemplate\":\"https:\/\/udestinations.es\/de\/?s={search_term_string}\"},\"query-input\":{\"@type\":\"PropertyValueSpecification\",\"valueRequired\":true,\"valueName\":\"search_term_string\"}}],\"inLanguage\":\"pt-PT\"}]}<\/script>\n<!-- \/ Yoast SEO Premium plugin. -->","yoast_head_json":{"title":"P\u00edcnic en una isla de Alqueva","robots":{"index":"index","follow":"follow","max-snippet":"max-snippet:-1","max-image-preview":"max-image-preview:large","max-video-preview":"max-video-preview:-1"},"canonical":"https:\/\/udestinations.es\/pt\/produto\/picnic-en-una-isla-de-alqueva\/","og_locale":"pt_PT","og_type":"article","og_title":"P\u00edcnic en una isla de Alqueva","og_description":"El Alentejo, al sur de Portugal, limita al este con Espa\u00f1a y al oeste\u00a0con el oc\u00e9ano Atl\u00e1ntico. Se trata de una zona con una belleza paisaj\u00edstica impresionante, un patrimonio arqueol\u00f3gico y etnogr\u00e1fico envidiable y una excelencia gastron\u00f3mica que puede verse, por ejemplo, a trav\u00e9s de sus vinos. La zona donde se encuentra el lago de&hellip;&nbsp;Ler mais &raquo;P\u00edcnic en una isla de Alqueva","og_url":"https:\/\/udestinations.es\/pt\/produto\/picnic-en-una-isla-de-alqueva\/","og_site_name":"uDestinations","article_publisher":"https:\/\/www.facebook.com\/UDestinations.experiences\/","article_modified_time":"2023-02-27T16:02:10+00:00","og_image":[{"width":781,"height":520,"url":"https:\/\/udestinations.es\/wp-content\/uploads\/2023\/01\/59ba77_aef61e5642884e4e80808af3feee89ba_mv2.webp","type":"image\/webp"}],"twitter_card":"summary_large_image","twitter_site":"@udestinations_","twitter_misc":{"Tempo estimado de leitura":"1 minuto"},"schema":{"@context":"https:\/\/schema.org","@graph":[{"@type":"WebPage","@id":"https:\/\/udestinations.es\/producto\/picnic-en-una-isla-de-alqueva\/","url":"https:\/\/udestinations.es\/producto\/picnic-en-una-isla-de-alqueva\/","name":"P\u00edcnic en una isla de Alqueva","isPartOf":{"@id":"https:\/\/udestinations.es\/de\/#website"},"primaryImageOfPage":{"@id":"https:\/\/udestinations.es\/producto\/picnic-en-una-isla-de-alqueva\/#primaryimage"},"image":{"@id":"https:\/\/udestinations.es\/producto\/picnic-en-una-isla-de-alqueva\/#primaryimage"},"thumbnailUrl":"https:\/\/udestinations.es\/wp-content\/uploads\/2023\/01\/59ba77_aef61e5642884e4e80808af3feee89ba_mv2.webp","datePublished":"2023-01-26T12:58:51+00:00","dateModified":"2023-02-27T16:02:10+00:00","breadcrumb":{"@id":"https:\/\/udestinations.es\/producto\/picnic-en-una-isla-de-alqueva\/#breadcrumb"},"inLanguage":"pt-PT","potentialAction":[{"@type":"ReadAction","target":["https:\/\/udestinations.es\/producto\/picnic-en-una-isla-de-alqueva\/"]}]},{"@type":"ImageObject","inLanguage":"pt-PT","@id":"https:\/\/udestinations.es\/producto\/picnic-en-una-isla-de-alqueva\/#primaryimage","url":"https:\/\/udestinations.es\/wp-content\/uploads\/2023\/01\/59ba77_aef61e5642884e4e80808af3feee89ba_mv2.webp","contentUrl":"https:\/\/udestinations.es\/wp-content\/uploads\/2023\/01\/59ba77_aef61e5642884e4e80808af3feee89ba_mv2.webp","width":781,"height":520},{"@type":"BreadcrumbList","@id":"https:\/\/udestinations.es\/producto\/picnic-en-una-isla-de-alqueva\/#breadcrumb","itemListElement":[{"@type":"ListItem","position":1,"name":"Tienda","item":"https:\/\/udestinations.es\/tienda\/"},{"@type":"ListItem","position":2,"name":"P\u00edcnic en una isla de Alqueva"}]},{"@type":"WebSite","@id":"https:\/\/udestinations.es\/de\/#website","url":"https:\/\/udestinations.es\/de\/","name":"uDestinations","description":"","potentialAction":[{"@type":"SearchAction","target":{"@type":"EntryPoint","urlTemplate":"https:\/\/udestinations.es\/de\/?s={search_term_string}"},"query-input":{"@type":"PropertyValueSpecification","valueRequired":true,"valueName":"search_term_string"}}],"inLanguage":"pt-PT"}]}},"_links":{"self":[{"href":"https:\/\/udestinations.es\/pt\/wp-json\/wp\/v2\/product\/624","targetHints":{"allow":["GET"]}}],"collection":[{"href":"https:\/\/udestinations.es\/pt\/wp-json\/wp\/v2\/product"}],"about":[{"href":"https:\/\/udestinations.es\/pt\/wp-json\/wp\/v2\/types\/product"}],"replies":[{"embeddable":true,"href":"https:\/\/udestinations.es\/pt\/wp-json\/wp\/v2\/comments?post=624"}],"version-history":[{"count":1,"href":"https:\/\/udestinations.es\/pt\/wp-json\/wp\/v2\/product\/624\/revisions"}],"predecessor-version":[{"id":625,"href":"https:\/\/udestinations.es\/pt\/wp-json\/wp\/v2\/product\/624\/revisions\/625"}],"wp:featuredmedia":[{"embeddable":true,"href":"https:\/\/udestinations.es\/pt\/wp-json\/wp\/v2\/media\/557"}],"wp:attachment":[{"href":"https:\/\/udestinations.es\/pt\/wp-json\/wp\/v2\/media?parent=624"}],"wp:term":[{"taxonomy":"product_cat","embeddable":true,"href":"https:\/\/udestinations.es\/pt\/wp-json\/wp\/v2\/product_cat?post=624"},{"taxonomy":"product_tag","embeddable":true,"href":"https:\/\/udestinations.es\/pt\/wp-json\/wp\/v2\/product_tag?post=624"}],"curies":[{"name":"wp","href":"https:\/\/api.w.org\/{rel}","templated":true}]}}