{"id":622,"date":"2023-01-26T12:54:35","date_gmt":"2023-01-26T12:54:35","guid":{"rendered":"http:\/\/test.udestinations.es\/?post_type=product&#038;p=622"},"modified":"2024-11-26T20:09:49","modified_gmt":"2024-11-26T20:09:49","slug":"bonos-experiencia-vive-b3","status":"publish","type":"product","link":"https:\/\/udestinations.es\/pt\/produto\/bonos-experiencia-vive-b3\/","title":{"rendered":"Experience Bonds (B3) - \"Vive\" (ao vivo)"},"content":{"rendered":"<p><span style=\"color: #c9e5eb;\">Os Experience Vouchers incluem um leque de possibilidades de escolha de acordo com os seus gostos e interesses, na regi\u00e3o da Extremadura, em Espanha e nas regi\u00f5es do Alentejo e Centro, em Portugal, descobrindo as zonas mais ricas, menos povoadas e exclusivas da Pen\u00ednsula Ib\u00e9rica. Elas permitem-lhe escolher livremente a experi\u00eancia que deseja desfrutar com actividades gastron\u00f3micas, hist\u00f3ricas, culturais, relaxantes ou de natureza e actividades ao ar livre, entre outras.<\/span><\/p>\n<p><span style=\"color: #c9e5eb;\">Todos os vouchers na categoria \"Vive\" incluem, para 2 pessoas:<\/span><\/p>\n<ul>\n<li><span style=\"color: #c9e5eb;\">Uma noite em alojamento de alta categoria, baseado no conforto, na seguran\u00e7a e no tratamento requintado do viajante, em regime de alojamento e pequeno-almo\u00e7o.<\/span><\/li>\n<li><span style=\"color: #c9e5eb;\">Pelo menos 1 experi\u00eancia exclusiva \u00e0 escolha para desfrutar em casal (consulte a nossa sec\u00e7\u00e3o \"Servi\u00e7o de informa\u00e7\u00f5es e restri\u00e7\u00f5es\" para conhecer todas as experi\u00eancias dispon\u00edveis). .<\/span><\/li>\n<\/ul>\n<p><span style=\"color: #c9e5eb;\">Estes vouchers s\u00e3o ideais para oferecer aos seus entes queridos e para os desfrutar \u00e0 vontade, pois podem ser utilizados durante todo o ano. Aproveite o m\u00eas de dezembro para oferecer uma experi\u00eancia aos seus entes queridos! Consulte a sec\u00e7\u00e3o PROMO\u00c7\u00d5ES &amp; DESCONTOS.<\/span><\/p>\n<p><span style=\"color: #c9e5eb;\">Ainda estamos a trabalhar para incluir mais op\u00e7\u00f5es nesta categoria para o seu pleno gozo e convidamo-lo a verificar o resto dos vales de experi\u00eancia dispon\u00edveis na nossa loja (visite os vales de experi\u00eancia \"Conoce\" e \"Vive\") e descubra estas \u00e1reas maravilhosas da nossa m\u00e3o.<\/span><\/p>\n<p><span style=\"color: #c9e5eb;\">A Extremadura \u00e9 uma das regi\u00f5es menos conhecidas em Espanha, mas tem um grande patrim\u00f3nio hist\u00f3rico e cultural e espa\u00e7os naturais incr\u00edveis, bem como uma grande tradi\u00e7\u00e3o e variedade gastron\u00f3mica.<\/span><\/p>\n<p><span style=\"color: #c9e5eb;\">O Alentejo, no sul de Portugal, possui uma beleza paisag\u00edstica de cortar a respira\u00e7\u00e3o gra\u00e7as \u00e0s suas praias, um patrim\u00f3nio arqueol\u00f3gico e enol\u00f3gico invej\u00e1vel e uma excelente gastronomia. O Centro \u00e9 uma regi\u00e3o cheia de contrastes com as suas grandes montanhas no interior e, junto ao mar, aldeias piscat\u00f3rias tradicionais e praias famosas pelas suas ondas.<\/span><\/p>\n<p><span style=\"color: #c9e5eb;\"><strong>Lembre-se de que pode adquirir o vale de experi\u00eancia sempre que quiser e de que pode utiliz\u00e1-lo durante todo o ano.<\/strong><\/span><\/p>","protected":false},"excerpt":{"rendered":"<p>Os Vouchers Experi\u00eancia incluem um leque de possibilidades \u00e0 sua escolha, de acordo com os seus gostos e interesses, na regi\u00e3o da Extremadura, em Espanha e nas regi\u00f5es do Alentejo e Centro, em Portugal, descobrindo as zonas mais ricas, menos concorridas e exclusivas da Pen\u00ednsula Ib\u00e9rica. Permitem-lhe escolher livremente a experi\u00eancia que quer desfrutar com...&nbsp;<a href=\"https:\/\/udestinations.es\/pt\/produto\/bonos-experiencia-vive-b3\/\" rel=\"bookmark\">Ler mais \"<span class=\"screen-reader-text\">Experience Bonds (B3) - \"Vive\" (ao vivo)<\/span><\/a><\/p>","protected":false},"featured_media":568,"comment_status":"open","ping_status":"closed","template":"","meta":{"_acf_changed":false,"neve_meta_sidebar":"","neve_meta_container":"","neve_meta_enable_content_width":"off","neve_meta_content_width":100,"neve_meta_title_alignment":"","neve_meta_author_avatar":"","neve_post_elements_order":"","neve_meta_disable_header":"","neve_meta_disable_footer":"","neve_meta_disable_title":"","neve_meta_reading_time":""},"product_cat":[25,22,31,26,32,33],"product_tag":[],"class_list":{"0":"post-622","1":"product","2":"type-product","3":"status-publish","4":"has-post-thumbnail","6":"product_cat-cata-de-quesos","7":"product_cat-espana","8":"product_cat-experiencias-al-aire-libre","9":"product_cat-experiencias-romanticas","10":"product_cat-globo-aerostatico","11":"product_cat-rutas-de-las-bodegas-y-cata-de-vinos","13":"first","14":"instock","15":"taxable","16":"shipping-taxable","17":"purchasable","18":"product-type-variable"},"acf":[],"yoast_head":"<!-- This site is optimized with the Yoast SEO Premium plugin v20.1 (Yoast SEO v23.8) - https:\/\/yoast.com\/wordpress\/plugins\/seo\/ -->\n<title>Bonos Experiencia (B3) - \u201cVive\u201d<\/title>\n<meta name=\"robots\" content=\"index, follow, max-snippet:-1, max-image-preview:large, max-video-preview:-1\" \/>\n<link rel=\"canonical\" href=\"https:\/\/udestinations.es\/pt\/produto\/bonos-experiencia-vive-b3\/\" \/>\n<meta property=\"og:locale\" content=\"pt_PT\" \/>\n<meta property=\"og:type\" content=\"article\" \/>\n<meta property=\"og:title\" content=\"Bonos Experiencia (B3) - \u201cVive\u201d\" \/>\n<meta property=\"og:description\" content=\"Los Bonos Experiencias incluyen un abanico de posibilidades para elegir seg\u00fan sus gustos y aficiones, en la regi\u00f3n de Extremadura, en Espa\u00f1a y las regiones de Alentejo y Centro, en Portugal, descubriendo los territorios con mayor riqueza, menos masificados y exclusivos de la pen\u00ednsula ib\u00e9rica. Le permiten escoger libremente la experiencia que desee disfrutar con&hellip;&nbsp;Ler mais &raquo;Bonos Experiencia (B3) &#8211; \u201cVive\u201d\" \/>\n<meta property=\"og:url\" content=\"https:\/\/udestinations.es\/pt\/produto\/bonos-experiencia-vive-b3\/\" \/>\n<meta property=\"og:site_name\" content=\"uDestinations\" \/>\n<meta property=\"article:publisher\" content=\"https:\/\/www.facebook.com\/UDestinations.experiences\/\" \/>\n<meta property=\"article:modified_time\" content=\"2024-11-26T20:09:49+00:00\" \/>\n<meta property=\"og:image\" content=\"https:\/\/udestinations.es\/wp-content\/uploads\/2023\/01\/B3-GLOBO2.webp\" \/>\n\t<meta property=\"og:image:width\" content=\"890\" \/>\n\t<meta property=\"og:image:height\" content=\"960\" \/>\n\t<meta property=\"og:image:type\" content=\"image\/webp\" \/>\n<meta name=\"twitter:card\" content=\"summary_large_image\" \/>\n<meta name=\"twitter:site\" content=\"@udestinations_\" \/>\n<meta name=\"twitter:label1\" content=\"Tempo estimado de leitura\" \/>\n\t<meta name=\"twitter:data1\" content=\"2 minutos\" \/>\n<script type=\"application\/ld+json\" class=\"yoast-schema-graph\">{\"@context\":\"https:\/\/schema.org\",\"@graph\":[{\"@type\":\"WebPage\",\"@id\":\"https:\/\/udestinations.es\/producto\/bonos-experiencia-vive-b3\/\",\"url\":\"https:\/\/udestinations.es\/producto\/bonos-experiencia-vive-b3\/\",\"name\":\"Bonos Experiencia (B3) - \u201cVive\u201d\",\"isPartOf\":{\"@id\":\"https:\/\/udestinations.es\/de\/#website\"},\"primaryImageOfPage\":{\"@id\":\"https:\/\/udestinations.es\/producto\/bonos-experiencia-vive-b3\/#primaryimage\"},\"image\":{\"@id\":\"https:\/\/udestinations.es\/producto\/bonos-experiencia-vive-b3\/#primaryimage\"},\"thumbnailUrl\":\"https:\/\/udestinations.es\/wp-content\/uploads\/2023\/01\/B3-GLOBO2.webp\",\"datePublished\":\"2023-01-26T12:54:35+00:00\",\"dateModified\":\"2024-11-26T20:09:49+00:00\",\"breadcrumb\":{\"@id\":\"https:\/\/udestinations.es\/producto\/bonos-experiencia-vive-b3\/#breadcrumb\"},\"inLanguage\":\"pt-PT\",\"potentialAction\":[{\"@type\":\"ReadAction\",\"target\":[\"https:\/\/udestinations.es\/producto\/bonos-experiencia-vive-b3\/\"]}]},{\"@type\":\"ImageObject\",\"inLanguage\":\"pt-PT\",\"@id\":\"https:\/\/udestinations.es\/producto\/bonos-experiencia-vive-b3\/#primaryimage\",\"url\":\"https:\/\/udestinations.es\/wp-content\/uploads\/2023\/01\/B3-GLOBO2.webp\",\"contentUrl\":\"https:\/\/udestinations.es\/wp-content\/uploads\/2023\/01\/B3-GLOBO2.webp\",\"width\":890,\"height\":960},{\"@type\":\"BreadcrumbList\",\"@id\":\"https:\/\/udestinations.es\/producto\/bonos-experiencia-vive-b3\/#breadcrumb\",\"itemListElement\":[{\"@type\":\"ListItem\",\"position\":1,\"name\":\"Tienda\",\"item\":\"https:\/\/udestinations.es\/tienda\/\"},{\"@type\":\"ListItem\",\"position\":2,\"name\":\"Bonos Experiencia (B3) &#8211; \u201cVive\u201d\"}]},{\"@type\":\"WebSite\",\"@id\":\"https:\/\/udestinations.es\/de\/#website\",\"url\":\"https:\/\/udestinations.es\/de\/\",\"name\":\"uDestinations\",\"description\":\"\",\"potentialAction\":[{\"@type\":\"SearchAction\",\"target\":{\"@type\":\"EntryPoint\",\"urlTemplate\":\"https:\/\/udestinations.es\/de\/?s={search_term_string}\"},\"query-input\":{\"@type\":\"PropertyValueSpecification\",\"valueRequired\":true,\"valueName\":\"search_term_string\"}}],\"inLanguage\":\"pt-PT\"}]}<\/script>\n<!-- \/ Yoast SEO Premium plugin. -->","yoast_head_json":{"title":"Bonos Experiencia (B3) - \u201cVive\u201d","robots":{"index":"index","follow":"follow","max-snippet":"max-snippet:-1","max-image-preview":"max-image-preview:large","max-video-preview":"max-video-preview:-1"},"canonical":"https:\/\/udestinations.es\/pt\/produto\/bonos-experiencia-vive-b3\/","og_locale":"pt_PT","og_type":"article","og_title":"Bonos Experiencia (B3) - \u201cVive\u201d","og_description":"Los Bonos Experiencias incluyen un abanico de posibilidades para elegir seg\u00fan sus gustos y aficiones, en la regi\u00f3n de Extremadura, en Espa\u00f1a y las regiones de Alentejo y Centro, en Portugal, descubriendo los territorios con mayor riqueza, menos masificados y exclusivos de la pen\u00ednsula ib\u00e9rica. Le permiten escoger libremente la experiencia que desee disfrutar con&hellip;&nbsp;Ler mais &raquo;Bonos Experiencia (B3) &#8211; \u201cVive\u201d","og_url":"https:\/\/udestinations.es\/pt\/produto\/bonos-experiencia-vive-b3\/","og_site_name":"uDestinations","article_publisher":"https:\/\/www.facebook.com\/UDestinations.experiences\/","article_modified_time":"2024-11-26T20:09:49+00:00","og_image":[{"width":890,"height":960,"url":"https:\/\/udestinations.es\/wp-content\/uploads\/2023\/01\/B3-GLOBO2.webp","type":"image\/webp"}],"twitter_card":"summary_large_image","twitter_site":"@udestinations_","twitter_misc":{"Tempo estimado de leitura":"2 minutos"},"schema":{"@context":"https:\/\/schema.org","@graph":[{"@type":"WebPage","@id":"https:\/\/udestinations.es\/producto\/bonos-experiencia-vive-b3\/","url":"https:\/\/udestinations.es\/producto\/bonos-experiencia-vive-b3\/","name":"Bonos Experiencia (B3) - \u201cVive\u201d","isPartOf":{"@id":"https:\/\/udestinations.es\/de\/#website"},"primaryImageOfPage":{"@id":"https:\/\/udestinations.es\/producto\/bonos-experiencia-vive-b3\/#primaryimage"},"image":{"@id":"https:\/\/udestinations.es\/producto\/bonos-experiencia-vive-b3\/#primaryimage"},"thumbnailUrl":"https:\/\/udestinations.es\/wp-content\/uploads\/2023\/01\/B3-GLOBO2.webp","datePublished":"2023-01-26T12:54:35+00:00","dateModified":"2024-11-26T20:09:49+00:00","breadcrumb":{"@id":"https:\/\/udestinations.es\/producto\/bonos-experiencia-vive-b3\/#breadcrumb"},"inLanguage":"pt-PT","potentialAction":[{"@type":"ReadAction","target":["https:\/\/udestinations.es\/producto\/bonos-experiencia-vive-b3\/"]}]},{"@type":"ImageObject","inLanguage":"pt-PT","@id":"https:\/\/udestinations.es\/producto\/bonos-experiencia-vive-b3\/#primaryimage","url":"https:\/\/udestinations.es\/wp-content\/uploads\/2023\/01\/B3-GLOBO2.webp","contentUrl":"https:\/\/udestinations.es\/wp-content\/uploads\/2023\/01\/B3-GLOBO2.webp","width":890,"height":960},{"@type":"BreadcrumbList","@id":"https:\/\/udestinations.es\/producto\/bonos-experiencia-vive-b3\/#breadcrumb","itemListElement":[{"@type":"ListItem","position":1,"name":"Tienda","item":"https:\/\/udestinations.es\/tienda\/"},{"@type":"ListItem","position":2,"name":"Bonos Experiencia (B3) &#8211; \u201cVive\u201d"}]},{"@type":"WebSite","@id":"https:\/\/udestinations.es\/de\/#website","url":"https:\/\/udestinations.es\/de\/","name":"uDestinations","description":"","potentialAction":[{"@type":"SearchAction","target":{"@type":"EntryPoint","urlTemplate":"https:\/\/udestinations.es\/de\/?s={search_term_string}"},"query-input":{"@type":"PropertyValueSpecification","valueRequired":true,"valueName":"search_term_string"}}],"inLanguage":"pt-PT"}]}},"_links":{"self":[{"href":"https:\/\/udestinations.es\/pt\/wp-json\/wp\/v2\/product\/622","targetHints":{"allow":["GET"]}}],"collection":[{"href":"https:\/\/udestinations.es\/pt\/wp-json\/wp\/v2\/product"}],"about":[{"href":"https:\/\/udestinations.es\/pt\/wp-json\/wp\/v2\/types\/product"}],"replies":[{"embeddable":true,"href":"https:\/\/udestinations.es\/pt\/wp-json\/wp\/v2\/comments?post=622"}],"version-history":[{"count":7,"href":"https:\/\/udestinations.es\/pt\/wp-json\/wp\/v2\/product\/622\/revisions"}],"predecessor-version":[{"id":10526,"href":"https:\/\/udestinations.es\/pt\/wp-json\/wp\/v2\/product\/622\/revisions\/10526"}],"wp:featuredmedia":[{"embeddable":true,"href":"https:\/\/udestinations.es\/pt\/wp-json\/wp\/v2\/media\/568"}],"wp:attachment":[{"href":"https:\/\/udestinations.es\/pt\/wp-json\/wp\/v2\/media?parent=622"}],"wp:term":[{"taxonomy":"product_cat","embeddable":true,"href":"https:\/\/udestinations.es\/pt\/wp-json\/wp\/v2\/product_cat?post=622"},{"taxonomy":"product_tag","embeddable":true,"href":"https:\/\/udestinations.es\/pt\/wp-json\/wp\/v2\/product_tag?post=622"}],"curies":[{"name":"wp","href":"https:\/\/api.w.org\/{rel}","templated":true}]}}