{"id":6219,"date":"2023-02-24T16:49:02","date_gmt":"2023-02-24T16:49:02","guid":{"rendered":"https:\/\/udestinations.es\/?post_type=product&#038;p=6219"},"modified":"2024-11-26T19:58:20","modified_gmt":"2024-11-26T19:58:20","slug":"bono-experiencia","status":"publish","type":"product","link":"https:\/\/udestinations.es\/pt\/produto\/bono-experiencia\/","title":{"rendered":"Voucher de Experi\u00eancia"},"content":{"rendered":"<div data-elementor-type=\"product-post\" data-elementor-id=\"6219\" class=\"elementor elementor-6219\" data-elementor-post-type=\"product\">\n\t\t\t\t\t\t<section data-particle_enable=\"false\" data-particle-mobile-disabled=\"false\" class=\"elementor-section elementor-top-section elementor-element elementor-element-36f2def2 elementor-section-boxed elementor-section-height-default elementor-section-height-default\" data-id=\"36f2def2\" data-element_type=\"section\">\n\t\t\t\t\t\t<div class=\"elementor-container elementor-column-gap-default\">\n\t\t\t\t\t<div class=\"elementor-column elementor-col-100 elementor-top-column elementor-element elementor-element-5e82729f\" data-id=\"5e82729f\" data-element_type=\"column\">\n\t\t\t<div class=\"elementor-widget-wrap elementor-element-populated\">\n\t\t\t\t\t\t<div class=\"elementor-element elementor-element-6fb889c0 elementor-widget elementor-widget-text-editor\" data-id=\"6fb889c0\" data-element_type=\"widget\" data-widget_type=\"text-editor.default\">\n\t\t\t\t<div class=\"elementor-widget-container\">\n\t\t\t<style>\/*! elementor - v3.23.0 - 05-08-2024 *\/\n.elementor-widget-text-editor.elementor-drop-cap-view-stacked .elementor-drop-cap{background-color:#69727d;color:#fff}.elementor-widget-text-editor.elementor-drop-cap-view-framed .elementor-drop-cap{color:#69727d;border:3px solid;background-color:transparent}.elementor-widget-text-editor:not(.elementor-drop-cap-view-default) .elementor-drop-cap{margin-top:8px}.elementor-widget-text-editor:not(.elementor-drop-cap-view-default) .elementor-drop-cap-letter{width:1em;height:1em}.elementor-widget-text-editor .elementor-drop-cap{float:left;text-align:center;line-height:1;font-size:50px}.elementor-widget-text-editor .elementor-drop-cap-letter{display:inline-block}<\/style>\t\t\t\t<p>Todos os vouchers das diferentes categorias (\"Conoce - B1\u2033, \"Descubre - B2\", e \"Vive - B3\") incluem, para 2 pessoas:<\/p><p>- Uma noite num alojamento de alta categoria, baseado no conforto, na seguran\u00e7a e no tratamento requintado do viajante.<\/p><p>- Pelo menos uma experi\u00eancia \u00e0 escolha, para ser desfrutada em casal (verifique cada uma delas em pormenor e percorra a nossa sec\u00e7\u00e3o \"Informa\u00e7\u00f5es e restri\u00e7\u00f5es dos produtos\" para ver todas as experi\u00eancias dispon\u00edveis).<\/p><p>Estes vales s\u00e3o ideais para oferecer aos seus entes queridos e podem ser usufru\u00eddos em lazer, uma vez que podem ser utilizados durante todo o ano.\u00a0<\/p><p>Atualmente tem \u00e0 sua disposi\u00e7\u00e3o na nossa loja vouchers para descobrir a zona de M\u00e9rida, Llerena, Alqueva, Lisboa, \u00c9vora, Aveiro, M\u00e9rida, C\u00e1ceres, Zafra, Herv\u00e1s, Trujillo... Continuamos a trabalhar para incluir mais op\u00e7\u00f5es em cada categoria de voucher para que possa desfrutar ao m\u00e1ximo, e convidamo-lo a rever em detalhe o voucher da sua prefer\u00eancia, dispon\u00edvel na nossa loja e descobrir da nossa m\u00e3o estas maravilhosas zonas.<\/p><p>Continuamos a trabalhar para incluir mais op\u00e7\u00f5es nesta categoria para que possa desfrutar ao m\u00e1ximo e convidamo-lo a consultar o resto dos vouchers de experi\u00eancia dispon\u00edveis na nossa loja e a descobrir estes maravilhosos espa\u00e7os connosco.<\/p><p>A Extremadura \u00e9 uma das regi\u00f5es menos conhecidas em Espanha, mas tem um grande patrim\u00f3nio hist\u00f3rico e cultural e espa\u00e7os naturais incr\u00edveis, bem como uma grande tradi\u00e7\u00e3o e variedade gastron\u00f3mica.<\/p><p>O Alentejo, no sul de Portugal, possui uma beleza paisag\u00edstica de cortar a respira\u00e7\u00e3o gra\u00e7as \u00e0s suas praias, um patrim\u00f3nio arqueol\u00f3gico e enol\u00f3gico invej\u00e1vel e uma excelente gastronomia. O Centro \u00e9 uma regi\u00e3o cheia de contrastes com as suas grandes montanhas no interior e, junto ao mar, aldeias piscat\u00f3rias tradicionais e praias famosas pelas suas ondas.<\/p><p>Lembre-se que pode adquirir os Vales de Experi\u00eancia sempre que quiser e que pode resgat\u00e1-los durante 1 ano. Aproveite o m\u00eas de dezembro para oferecer uma experi\u00eancia aos seus entes queridos! Consulte a sec\u00e7\u00e3o PROMO\u00c7\u00d5ES &amp; DESCONTOS.<\/p>\t\t\t\t\t\t<\/div>\n\t\t\t\t<\/div>\n\t\t\t\t\t<\/div>\n\t\t<\/div>\n\t\t\t\t\t<\/div>\n\t\t<\/section>\n\t\t\t\t<\/div>","protected":false},"excerpt":{"rendered":"<p>Os Vales de Experi\u00eancia incluem uma s\u00e9rie de possibilidades de escapadelas para descobrir lugares m\u00e1gicos em Espanha e Portugal, como a Extremadura, o Alentejo e o Centro, de acordo com os seus gostos e interesses.<\/p>\n<p>Permitem-lhe desfrutar livremente, durante 1 ano, de uma experi\u00eancia completa com alojamento e actividades, de acordo com as suas prefer\u00eancias: gastron\u00f3micas, hist\u00f3ricas, culturais, de relaxamento ou de natureza e ar livre, entre outras.<\/p>","protected":false},"featured_media":804,"comment_status":"open","ping_status":"closed","template":"","meta":{"_acf_changed":false,"neve_meta_sidebar":"","neve_meta_container":"","neve_meta_enable_content_width":"off","neve_meta_content_width":100,"neve_meta_title_alignment":"","neve_meta_author_avatar":"","neve_post_elements_order":"","neve_meta_disable_header":"","neve_meta_disable_footer":"","neve_meta_disable_title":"","neve_meta_reading_time":""},"product_cat":[21,25,22,31,26,32,27,33,28],"product_tag":[],"class_list":{"0":"post-6219","1":"product","2":"type-product","3":"status-publish","4":"has-post-thumbnail","6":"product_cat-alojamientos","7":"product_cat-cata-de-quesos","8":"product_cat-espana","9":"product_cat-experiencias-al-aire-libre","10":"product_cat-experiencias-romanticas","11":"product_cat-globo-aerostatico","12":"product_cat-iglesias-y-capillas","13":"product_cat-rutas-de-las-bodegas-y-cata-de-vinos","14":"product_cat-spa-y-masajes","16":"first","17":"instock","18":"taxable","19":"shipping-taxable","20":"purchasable","21":"product-type-variable"},"acf":[],"yoast_head":"<!-- This site is optimized with the Yoast SEO Premium plugin v20.1 (Yoast SEO v23.8) - https:\/\/yoast.com\/wordpress\/plugins\/seo\/ -->\n<title>Bono Experiencias<\/title>\n<meta name=\"robots\" content=\"index, follow, max-snippet:-1, max-image-preview:large, max-video-preview:-1\" \/>\n<link rel=\"canonical\" href=\"https:\/\/udestinations.es\/pt\/produto\/bono-experiencia\/\" \/>\n<meta property=\"og:locale\" content=\"pt_PT\" \/>\n<meta property=\"og:type\" content=\"article\" \/>\n<meta property=\"og:title\" content=\"Bono Experiencias\" \/>\n<meta property=\"og:description\" content=\"Los Bonos Experiencias incluyen un abanico de posibilidades de escapadas para descubrir lugares m\u00e1gicos en Espa\u00f1a y Portugal, como Extremadura, Alentejo y Centro, seg\u00fan sus gustos y aficiones.  Le permiten disfrutar libremente durante 1 a\u00f1o, de una experiencia completa con alojamiento y actividades, seg\u00fan sus preferencias: gastron\u00f3micas, hist\u00f3ricas, culturales, de relax o de naturaleza y outdoors, entre otras.\" \/>\n<meta property=\"og:url\" content=\"https:\/\/udestinations.es\/pt\/produto\/bono-experiencia\/\" \/>\n<meta property=\"og:site_name\" content=\"uDestinations\" \/>\n<meta property=\"article:publisher\" content=\"https:\/\/www.facebook.com\/UDestinations.experiences\/\" \/>\n<meta property=\"article:modified_time\" content=\"2024-11-26T19:58:20+00:00\" \/>\n<meta property=\"og:image\" content=\"https:\/\/udestinations.es\/wp-content\/uploads\/2023\/01\/224718618_531946741481200_5702642182935660552_n.webp\" \/>\n\t<meta property=\"og:image:width\" content=\"1080\" \/>\n\t<meta property=\"og:image:height\" content=\"1350\" \/>\n\t<meta property=\"og:image:type\" content=\"image\/webp\" \/>\n<meta name=\"twitter:card\" content=\"summary_large_image\" \/>\n<meta name=\"twitter:site\" content=\"@udestinations_\" \/>\n<meta name=\"twitter:label1\" content=\"Tempo estimado de leitura\" \/>\n\t<meta name=\"twitter:data1\" content=\"2 minutos\" \/>\n<script type=\"application\/ld+json\" class=\"yoast-schema-graph\">{\"@context\":\"https:\/\/schema.org\",\"@graph\":[{\"@type\":\"WebPage\",\"@id\":\"https:\/\/udestinations.es\/producto\/bono-experiencia\/\",\"url\":\"https:\/\/udestinations.es\/producto\/bono-experiencia\/\",\"name\":\"Bono Experiencias\",\"isPartOf\":{\"@id\":\"https:\/\/udestinations.es\/de\/#website\"},\"primaryImageOfPage\":{\"@id\":\"https:\/\/udestinations.es\/producto\/bono-experiencia\/#primaryimage\"},\"image\":{\"@id\":\"https:\/\/udestinations.es\/producto\/bono-experiencia\/#primaryimage\"},\"thumbnailUrl\":\"https:\/\/udestinations.es\/wp-content\/uploads\/2023\/01\/224718618_531946741481200_5702642182935660552_n.webp\",\"datePublished\":\"2023-02-24T16:49:02+00:00\",\"dateModified\":\"2024-11-26T19:58:20+00:00\",\"breadcrumb\":{\"@id\":\"https:\/\/udestinations.es\/producto\/bono-experiencia\/#breadcrumb\"},\"inLanguage\":\"pt-PT\",\"potentialAction\":[{\"@type\":\"ReadAction\",\"target\":[\"https:\/\/udestinations.es\/producto\/bono-experiencia\/\"]}]},{\"@type\":\"ImageObject\",\"inLanguage\":\"pt-PT\",\"@id\":\"https:\/\/udestinations.es\/producto\/bono-experiencia\/#primaryimage\",\"url\":\"https:\/\/udestinations.es\/wp-content\/uploads\/2023\/01\/224718618_531946741481200_5702642182935660552_n.webp\",\"contentUrl\":\"https:\/\/udestinations.es\/wp-content\/uploads\/2023\/01\/224718618_531946741481200_5702642182935660552_n.webp\",\"width\":1080,\"height\":1350},{\"@type\":\"BreadcrumbList\",\"@id\":\"https:\/\/udestinations.es\/producto\/bono-experiencia\/#breadcrumb\",\"itemListElement\":[{\"@type\":\"ListItem\",\"position\":1,\"name\":\"Tienda\",\"item\":\"https:\/\/udestinations.es\/tienda\/\"},{\"@type\":\"ListItem\",\"position\":2,\"name\":\"Bono Experiencias\"}]},{\"@type\":\"WebSite\",\"@id\":\"https:\/\/udestinations.es\/de\/#website\",\"url\":\"https:\/\/udestinations.es\/de\/\",\"name\":\"uDestinations\",\"description\":\"\",\"potentialAction\":[{\"@type\":\"SearchAction\",\"target\":{\"@type\":\"EntryPoint\",\"urlTemplate\":\"https:\/\/udestinations.es\/de\/?s={search_term_string}\"},\"query-input\":{\"@type\":\"PropertyValueSpecification\",\"valueRequired\":true,\"valueName\":\"search_term_string\"}}],\"inLanguage\":\"pt-PT\"}]}<\/script>\n<!-- \/ Yoast SEO Premium plugin. -->","yoast_head_json":{"title":"Bono Experiencias","robots":{"index":"index","follow":"follow","max-snippet":"max-snippet:-1","max-image-preview":"max-image-preview:large","max-video-preview":"max-video-preview:-1"},"canonical":"https:\/\/udestinations.es\/pt\/produto\/bono-experiencia\/","og_locale":"pt_PT","og_type":"article","og_title":"Bono Experiencias","og_description":"Los Bonos Experiencias incluyen un abanico de posibilidades de escapadas para descubrir lugares m\u00e1gicos en Espa\u00f1a y Portugal, como Extremadura, Alentejo y Centro, seg\u00fan sus gustos y aficiones.  Le permiten disfrutar libremente durante 1 a\u00f1o, de una experiencia completa con alojamiento y actividades, seg\u00fan sus preferencias: gastron\u00f3micas, hist\u00f3ricas, culturales, de relax o de naturaleza y outdoors, entre otras.","og_url":"https:\/\/udestinations.es\/pt\/produto\/bono-experiencia\/","og_site_name":"uDestinations","article_publisher":"https:\/\/www.facebook.com\/UDestinations.experiences\/","article_modified_time":"2024-11-26T19:58:20+00:00","og_image":[{"width":1080,"height":1350,"url":"https:\/\/udestinations.es\/wp-content\/uploads\/2023\/01\/224718618_531946741481200_5702642182935660552_n.webp","type":"image\/webp"}],"twitter_card":"summary_large_image","twitter_site":"@udestinations_","twitter_misc":{"Tempo estimado de leitura":"2 minutos"},"schema":{"@context":"https:\/\/schema.org","@graph":[{"@type":"WebPage","@id":"https:\/\/udestinations.es\/producto\/bono-experiencia\/","url":"https:\/\/udestinations.es\/producto\/bono-experiencia\/","name":"Bono Experiencias","isPartOf":{"@id":"https:\/\/udestinations.es\/de\/#website"},"primaryImageOfPage":{"@id":"https:\/\/udestinations.es\/producto\/bono-experiencia\/#primaryimage"},"image":{"@id":"https:\/\/udestinations.es\/producto\/bono-experiencia\/#primaryimage"},"thumbnailUrl":"https:\/\/udestinations.es\/wp-content\/uploads\/2023\/01\/224718618_531946741481200_5702642182935660552_n.webp","datePublished":"2023-02-24T16:49:02+00:00","dateModified":"2024-11-26T19:58:20+00:00","breadcrumb":{"@id":"https:\/\/udestinations.es\/producto\/bono-experiencia\/#breadcrumb"},"inLanguage":"pt-PT","potentialAction":[{"@type":"ReadAction","target":["https:\/\/udestinations.es\/producto\/bono-experiencia\/"]}]},{"@type":"ImageObject","inLanguage":"pt-PT","@id":"https:\/\/udestinations.es\/producto\/bono-experiencia\/#primaryimage","url":"https:\/\/udestinations.es\/wp-content\/uploads\/2023\/01\/224718618_531946741481200_5702642182935660552_n.webp","contentUrl":"https:\/\/udestinations.es\/wp-content\/uploads\/2023\/01\/224718618_531946741481200_5702642182935660552_n.webp","width":1080,"height":1350},{"@type":"BreadcrumbList","@id":"https:\/\/udestinations.es\/producto\/bono-experiencia\/#breadcrumb","itemListElement":[{"@type":"ListItem","position":1,"name":"Tienda","item":"https:\/\/udestinations.es\/tienda\/"},{"@type":"ListItem","position":2,"name":"Bono Experiencias"}]},{"@type":"WebSite","@id":"https:\/\/udestinations.es\/de\/#website","url":"https:\/\/udestinations.es\/de\/","name":"uDestinations","description":"","potentialAction":[{"@type":"SearchAction","target":{"@type":"EntryPoint","urlTemplate":"https:\/\/udestinations.es\/de\/?s={search_term_string}"},"query-input":{"@type":"PropertyValueSpecification","valueRequired":true,"valueName":"search_term_string"}}],"inLanguage":"pt-PT"}]}},"_links":{"self":[{"href":"https:\/\/udestinations.es\/pt\/wp-json\/wp\/v2\/product\/6219","targetHints":{"allow":["GET"]}}],"collection":[{"href":"https:\/\/udestinations.es\/pt\/wp-json\/wp\/v2\/product"}],"about":[{"href":"https:\/\/udestinations.es\/pt\/wp-json\/wp\/v2\/types\/product"}],"replies":[{"embeddable":true,"href":"https:\/\/udestinations.es\/pt\/wp-json\/wp\/v2\/comments?post=6219"}],"version-history":[{"count":12,"href":"https:\/\/udestinations.es\/pt\/wp-json\/wp\/v2\/product\/6219\/revisions"}],"predecessor-version":[{"id":10525,"href":"https:\/\/udestinations.es\/pt\/wp-json\/wp\/v2\/product\/6219\/revisions\/10525"}],"wp:featuredmedia":[{"embeddable":true,"href":"https:\/\/udestinations.es\/pt\/wp-json\/wp\/v2\/media\/804"}],"wp:attachment":[{"href":"https:\/\/udestinations.es\/pt\/wp-json\/wp\/v2\/media?parent=6219"}],"wp:term":[{"taxonomy":"product_cat","embeddable":true,"href":"https:\/\/udestinations.es\/pt\/wp-json\/wp\/v2\/product_cat?post=6219"},{"taxonomy":"product_tag","embeddable":true,"href":"https:\/\/udestinations.es\/pt\/wp-json\/wp\/v2\/product_tag?post=6219"}],"curies":[{"name":"wp","href":"https:\/\/api.w.org\/{rel}","templated":true}]}}