{"id":629,"date":"2023-01-26T13:14:42","date_gmt":"2023-01-26T13:14:42","guid":{"rendered":"http:\/\/test.udestinations.es\/?post_type=product&#038;p=629"},"modified":"2023-02-27T15:49:40","modified_gmt":"2023-02-27T15:49:40","slug":"eurovelo-ruta-en-bicicleta","status":"publish","type":"product","link":"https:\/\/udestinations.es\/en\/product\/eurovelo-ruta-en-bicicleta\/","title":{"rendered":"Eurovelo - Cycle route"},"content":{"rendered":"<p><span style=\"color: #c9e5eb;\">Europe has an international network of long-distance cycle touring routes called Eurovelo. It is a network of 17 transnational long-distance routes of more than 80,000 km linking the main European cities. This project is part of the European Cyclists' Federation (ECF) and aims to promote quiet and responsible tourism.<\/span><\/p>\n<p><span style=\"color: #c9e5eb;\">The routes are designed to be enjoyed by cyclists, both professional and amateur cyclists, with connections between the towns they pass through and their daily journeys.<\/span><\/p>\n<p><span style=\"color: #c9e5eb;\">The route\u00a0<strong>Eurovelo 1 <\/strong>o<strong><em> Atlantic Coast Route<\/em> (Atlantic Coast Route)<\/strong>The route, with a total distance of more than 11,000km, covers countries such as Norway, the United Kingdom, Ireland, France, Spain and Portugal.<\/span><\/p>\n<p><span style=\"color: #c9e5eb;\">Eurovelo 1 passes through the Iberian Peninsula at the end of its route, along a large part of the old Via de la Plata (in Extremadura), and ends after the reverse route (from south to north) along the entire Atlantic coast of Portugal.<\/span><\/p>\n<p><span style=\"color: #c9e5eb;\">This experience can be enjoyed by stages of the Eurovelo or even points within the stages. The sections pass through Extremadura and Portugal and will allow you to discover natural spaces and magnificent places in a responsible and sustainable way.<\/span><\/p>\n<p><span style=\"color: #c9e5eb;\"><strong>Enjoy an outdoor experience by taking a self-guided tour of M\u00e9rida for a day. You will receive a guide with the itinerary, timetables and explanatory route of the monuments to visit. We will give you a picnic to take away and have it in the place of your choice. An activity is also included - depending on the time of year and the traveller's preference - as detailed in the service.<\/strong><\/span><\/p>\n<p><span style=\"color: #c9e5eb;\"><strong>If you need any modification of the experience or are looking for other options, please do not hesitate to contact us.<\/strong><\/span><\/p>","protected":false},"excerpt":{"rendered":"<p>Europe has an international network of long-distance cycle touring routes called Eurovelo. It is a network of 17 transnational long-distance routes of more than 80,000 km linking the main European cities. This project is part of the European Cyclists' Federation (ECF) and aims to promote cycling tourism in Europe....&nbsp;<a href=\"https:\/\/udestinations.es\/en\/product\/eurovelo-ruta-en-bicicleta\/\" rel=\"bookmark\">Read More \"<span class=\"screen-reader-text\">Eurovelo - Cycle route<\/span><\/a><\/p>","protected":false},"featured_media":570,"comment_status":"open","ping_status":"closed","template":"","meta":{"_acf_changed":false,"neve_meta_sidebar":"","neve_meta_container":"","neve_meta_enable_content_width":"off","neve_meta_content_width":100,"neve_meta_title_alignment":"","neve_meta_author_avatar":"","neve_post_elements_order":"","neve_meta_disable_header":"","neve_meta_disable_footer":"","neve_meta_disable_title":"","neve_meta_reading_time":""},"product_cat":[22,33,24],"product_tag":[],"class_list":{"0":"post-629","1":"product","2":"type-product","3":"status-publish","4":"has-post-thumbnail","6":"product_cat-espana","7":"product_cat-rutas-de-las-bodegas-y-cata-de-vinos","8":"product_cat-verano","10":"first","11":"instock","12":"taxable","13":"shipping-taxable","14":"purchasable","15":"product-type-simple"},"acf":[],"yoast_head":"<!-- This site is optimized with the Yoast SEO Premium plugin v20.1 (Yoast SEO v23.8) - https:\/\/yoast.com\/wordpress\/plugins\/seo\/ -->\n<title>Eurovelo - Ruta en bicicleta<\/title>\n<meta name=\"robots\" content=\"index, follow, max-snippet:-1, max-image-preview:large, max-video-preview:-1\" \/>\n<link rel=\"canonical\" href=\"https:\/\/udestinations.es\/en\/product\/eurovelo-ruta-en-bicicleta\/\" \/>\n<meta property=\"og:locale\" content=\"en_GB\" \/>\n<meta property=\"og:type\" content=\"article\" \/>\n<meta property=\"og:title\" content=\"Eurovelo - Ruta en bicicleta\" \/>\n<meta property=\"og:description\" content=\"Europa cuenta con una red internacional de rutas de cicloturismo de larga distancia llamada Eurovelo. Se trata de una red de 17 rutas transnacionales de larga distancia y con m\u00e1s de 80.000 km que une las principales ciudades europeas. Este proyecto est\u00e1 dentro de la Federaci\u00f3n Europea de Ciclistas (ECF)\u00a0y tiene como objetivo promover\u00a0un turismo&hellip;&nbsp;Read More &raquo;Eurovelo &#8211; Ruta en bicicleta\" \/>\n<meta property=\"og:url\" content=\"https:\/\/udestinations.es\/en\/product\/eurovelo-ruta-en-bicicleta\/\" \/>\n<meta property=\"og:site_name\" content=\"uDestinations\" \/>\n<meta property=\"article:publisher\" content=\"https:\/\/www.facebook.com\/UDestinations.experiences\/\" \/>\n<meta property=\"article:modified_time\" content=\"2023-02-27T15:49:40+00:00\" \/>\n<meta property=\"og:image\" content=\"https:\/\/udestinations.es\/wp-content\/uploads\/2023\/01\/Eurovelospain-1.webp\" \/>\n\t<meta property=\"og:image:width\" content=\"1920\" \/>\n\t<meta property=\"og:image:height\" content=\"1080\" \/>\n\t<meta property=\"og:image:type\" content=\"image\/webp\" \/>\n<meta name=\"twitter:card\" content=\"summary_large_image\" \/>\n<meta name=\"twitter:site\" content=\"@udestinations_\" \/>\n<meta name=\"twitter:label1\" content=\"Estimated reading time\" \/>\n\t<meta name=\"twitter:data1\" content=\"2 minutes\" \/>\n<script type=\"application\/ld+json\" class=\"yoast-schema-graph\">{\"@context\":\"https:\/\/schema.org\",\"@graph\":[{\"@type\":\"WebPage\",\"@id\":\"https:\/\/udestinations.es\/producto\/eurovelo-ruta-en-bicicleta\/\",\"url\":\"https:\/\/udestinations.es\/producto\/eurovelo-ruta-en-bicicleta\/\",\"name\":\"Eurovelo - Ruta en bicicleta\",\"isPartOf\":{\"@id\":\"https:\/\/udestinations.es\/de\/#website\"},\"primaryImageOfPage\":{\"@id\":\"https:\/\/udestinations.es\/producto\/eurovelo-ruta-en-bicicleta\/#primaryimage\"},\"image\":{\"@id\":\"https:\/\/udestinations.es\/producto\/eurovelo-ruta-en-bicicleta\/#primaryimage\"},\"thumbnailUrl\":\"https:\/\/udestinations.es\/wp-content\/uploads\/2023\/01\/Eurovelospain-1.webp\",\"datePublished\":\"2023-01-26T13:14:42+00:00\",\"dateModified\":\"2023-02-27T15:49:40+00:00\",\"breadcrumb\":{\"@id\":\"https:\/\/udestinations.es\/producto\/eurovelo-ruta-en-bicicleta\/#breadcrumb\"},\"inLanguage\":\"en-GB\",\"potentialAction\":[{\"@type\":\"ReadAction\",\"target\":[\"https:\/\/udestinations.es\/producto\/eurovelo-ruta-en-bicicleta\/\"]}]},{\"@type\":\"ImageObject\",\"inLanguage\":\"en-GB\",\"@id\":\"https:\/\/udestinations.es\/producto\/eurovelo-ruta-en-bicicleta\/#primaryimage\",\"url\":\"https:\/\/udestinations.es\/wp-content\/uploads\/2023\/01\/Eurovelospain-1.webp\",\"contentUrl\":\"https:\/\/udestinations.es\/wp-content\/uploads\/2023\/01\/Eurovelospain-1.webp\",\"width\":1920,\"height\":1080},{\"@type\":\"BreadcrumbList\",\"@id\":\"https:\/\/udestinations.es\/producto\/eurovelo-ruta-en-bicicleta\/#breadcrumb\",\"itemListElement\":[{\"@type\":\"ListItem\",\"position\":1,\"name\":\"Tienda\",\"item\":\"https:\/\/udestinations.es\/tienda\/\"},{\"@type\":\"ListItem\",\"position\":2,\"name\":\"Eurovelo &#8211; Ruta en bicicleta\"}]},{\"@type\":\"WebSite\",\"@id\":\"https:\/\/udestinations.es\/de\/#website\",\"url\":\"https:\/\/udestinations.es\/de\/\",\"name\":\"uDestinations\",\"description\":\"\",\"potentialAction\":[{\"@type\":\"SearchAction\",\"target\":{\"@type\":\"EntryPoint\",\"urlTemplate\":\"https:\/\/udestinations.es\/de\/?s={search_term_string}\"},\"query-input\":{\"@type\":\"PropertyValueSpecification\",\"valueRequired\":true,\"valueName\":\"search_term_string\"}}],\"inLanguage\":\"en-GB\"}]}<\/script>\n<!-- \/ Yoast SEO Premium plugin. -->","yoast_head_json":{"title":"Eurovelo - Ruta en bicicleta","robots":{"index":"index","follow":"follow","max-snippet":"max-snippet:-1","max-image-preview":"max-image-preview:large","max-video-preview":"max-video-preview:-1"},"canonical":"https:\/\/udestinations.es\/en\/product\/eurovelo-ruta-en-bicicleta\/","og_locale":"en_GB","og_type":"article","og_title":"Eurovelo - Ruta en bicicleta","og_description":"Europa cuenta con una red internacional de rutas de cicloturismo de larga distancia llamada Eurovelo. Se trata de una red de 17 rutas transnacionales de larga distancia y con m\u00e1s de 80.000 km que une las principales ciudades europeas. Este proyecto est\u00e1 dentro de la Federaci\u00f3n Europea de Ciclistas (ECF)\u00a0y tiene como objetivo promover\u00a0un turismo&hellip;&nbsp;Read More &raquo;Eurovelo &#8211; Ruta en bicicleta","og_url":"https:\/\/udestinations.es\/en\/product\/eurovelo-ruta-en-bicicleta\/","og_site_name":"uDestinations","article_publisher":"https:\/\/www.facebook.com\/UDestinations.experiences\/","article_modified_time":"2023-02-27T15:49:40+00:00","og_image":[{"width":1920,"height":1080,"url":"https:\/\/udestinations.es\/wp-content\/uploads\/2023\/01\/Eurovelospain-1.webp","type":"image\/webp"}],"twitter_card":"summary_large_image","twitter_site":"@udestinations_","twitter_misc":{"Estimated reading time":"2 minutes"},"schema":{"@context":"https:\/\/schema.org","@graph":[{"@type":"WebPage","@id":"https:\/\/udestinations.es\/producto\/eurovelo-ruta-en-bicicleta\/","url":"https:\/\/udestinations.es\/producto\/eurovelo-ruta-en-bicicleta\/","name":"Eurovelo - Ruta en bicicleta","isPartOf":{"@id":"https:\/\/udestinations.es\/de\/#website"},"primaryImageOfPage":{"@id":"https:\/\/udestinations.es\/producto\/eurovelo-ruta-en-bicicleta\/#primaryimage"},"image":{"@id":"https:\/\/udestinations.es\/producto\/eurovelo-ruta-en-bicicleta\/#primaryimage"},"thumbnailUrl":"https:\/\/udestinations.es\/wp-content\/uploads\/2023\/01\/Eurovelospain-1.webp","datePublished":"2023-01-26T13:14:42+00:00","dateModified":"2023-02-27T15:49:40+00:00","breadcrumb":{"@id":"https:\/\/udestinations.es\/producto\/eurovelo-ruta-en-bicicleta\/#breadcrumb"},"inLanguage":"en-GB","potentialAction":[{"@type":"ReadAction","target":["https:\/\/udestinations.es\/producto\/eurovelo-ruta-en-bicicleta\/"]}]},{"@type":"ImageObject","inLanguage":"en-GB","@id":"https:\/\/udestinations.es\/producto\/eurovelo-ruta-en-bicicleta\/#primaryimage","url":"https:\/\/udestinations.es\/wp-content\/uploads\/2023\/01\/Eurovelospain-1.webp","contentUrl":"https:\/\/udestinations.es\/wp-content\/uploads\/2023\/01\/Eurovelospain-1.webp","width":1920,"height":1080},{"@type":"BreadcrumbList","@id":"https:\/\/udestinations.es\/producto\/eurovelo-ruta-en-bicicleta\/#breadcrumb","itemListElement":[{"@type":"ListItem","position":1,"name":"Tienda","item":"https:\/\/udestinations.es\/tienda\/"},{"@type":"ListItem","position":2,"name":"Eurovelo &#8211; Ruta en bicicleta"}]},{"@type":"WebSite","@id":"https:\/\/udestinations.es\/de\/#website","url":"https:\/\/udestinations.es\/de\/","name":"uDestinations","description":"","potentialAction":[{"@type":"SearchAction","target":{"@type":"EntryPoint","urlTemplate":"https:\/\/udestinations.es\/de\/?s={search_term_string}"},"query-input":{"@type":"PropertyValueSpecification","valueRequired":true,"valueName":"search_term_string"}}],"inLanguage":"en-GB"}]}},"_links":{"self":[{"href":"https:\/\/udestinations.es\/en\/wp-json\/wp\/v2\/product\/629","targetHints":{"allow":["GET"]}}],"collection":[{"href":"https:\/\/udestinations.es\/en\/wp-json\/wp\/v2\/product"}],"about":[{"href":"https:\/\/udestinations.es\/en\/wp-json\/wp\/v2\/types\/product"}],"replies":[{"embeddable":true,"href":"https:\/\/udestinations.es\/en\/wp-json\/wp\/v2\/comments?post=629"}],"version-history":[{"count":2,"href":"https:\/\/udestinations.es\/en\/wp-json\/wp\/v2\/product\/629\/revisions"}],"predecessor-version":[{"id":2154,"href":"https:\/\/udestinations.es\/en\/wp-json\/wp\/v2\/product\/629\/revisions\/2154"}],"wp:featuredmedia":[{"embeddable":true,"href":"https:\/\/udestinations.es\/en\/wp-json\/wp\/v2\/media\/570"}],"wp:attachment":[{"href":"https:\/\/udestinations.es\/en\/wp-json\/wp\/v2\/media?parent=629"}],"wp:term":[{"taxonomy":"product_cat","embeddable":true,"href":"https:\/\/udestinations.es\/en\/wp-json\/wp\/v2\/product_cat?post=629"},{"taxonomy":"product_tag","embeddable":true,"href":"https:\/\/udestinations.es\/en\/wp-json\/wp\/v2\/product_tag?post=629"}],"curies":[{"name":"wp","href":"https:\/\/api.w.org\/{rel}","templated":true}]}}