{"id":624,"date":"2023-01-26T12:58:51","date_gmt":"2023-01-26T12:58:51","guid":{"rendered":"http:\/\/test.udestinations.es\/?post_type=product&#038;p=624"},"modified":"2023-02-27T16:02:10","modified_gmt":"2023-02-27T16:02:10","slug":"picnic-en-una-isla-de-alqueva","status":"publish","type":"product","link":"https:\/\/udestinations.es\/en\/product\/picnic-en-una-isla-de-alqueva\/","title":{"rendered":"Picnic on an Alqueva Island"},"content":{"rendered":"<p><span style=\"color: #c9e5eb;\">The Alentejo, in southern Portugal, is bordered by Spain to the east and the Atlantic Ocean to the west. It is an area of breathtaking scenic beauty, an enviable archaeological and ethnographic heritage and a gastronomic excellence that can be seen, for example, through its wines.<\/span><\/p>\n<p><span style=\"color: #c9e5eb;\">The area where the <strong>Alqueva Lake<\/strong> is a little-visited area, but with great and very interesting tourist alternatives. We are talking about the largest artificial lake in Western Europe, with a large area of water of more than\u00a0<strong>250 km\u00b2 (250 km\u00b2)<\/strong>.<\/span><\/p>\n<p><span style=\"color: #c9e5eb;\">Such is its dimension that it is possible to do everything from water sports to cruises as if it were \"high seas\".<\/span><\/p>\n<p><span style=\"color: #c9e5eb;\"><strong>Enjoy a 2-hour sailing experience with a picnic of regional products on one of the almost 500 small islands of the Alqueva Lake, which links Spain and Portugal.<\/strong><\/span><\/p>","protected":false},"excerpt":{"rendered":"<p>The Alentejo, in southern Portugal, is bordered by Spain to the east and the Atlantic Ocean to the west. It is an area of breathtaking scenic beauty, an enviable archaeological and ethnographic heritage and a gastronomic excellence that can be seen, for example, through its wines. The area where the lake of...&nbsp;<a href=\"https:\/\/udestinations.es\/en\/product\/picnic-en-una-isla-de-alqueva\/\" rel=\"bookmark\">Read More \"<span class=\"screen-reader-text\">Picnic on an Alqueva Island<\/span><\/a><\/p>","protected":false},"featured_media":557,"comment_status":"open","ping_status":"closed","template":"","meta":{"_acf_changed":false,"neve_meta_sidebar":"","neve_meta_container":"","neve_meta_enable_content_width":"off","neve_meta_content_width":100,"neve_meta_title_alignment":"","neve_meta_author_avatar":"","neve_post_elements_order":"","neve_meta_disable_header":"","neve_meta_disable_footer":"","neve_meta_disable_title":"","neve_meta_reading_time":""},"product_cat":[34,35,24],"product_tag":[],"class_list":{"0":"post-624","1":"product","2":"type-product","3":"status-publish","4":"has-post-thumbnail","6":"product_cat-obras-al-aire-libre","7":"product_cat-recorrido-fotografico","8":"product_cat-verano","10":"first","11":"instock","12":"taxable","13":"shipping-taxable","14":"purchasable","15":"product-type-simple"},"acf":[],"yoast_head":"<!-- This site is optimized with the Yoast SEO Premium plugin v20.1 (Yoast SEO v23.8) - https:\/\/yoast.com\/wordpress\/plugins\/seo\/ -->\n<title>P\u00edcnic en una isla de Alqueva<\/title>\n<meta name=\"robots\" content=\"index, follow, max-snippet:-1, max-image-preview:large, max-video-preview:-1\" \/>\n<link rel=\"canonical\" href=\"https:\/\/udestinations.es\/en\/product\/picnic-en-una-isla-de-alqueva\/\" \/>\n<meta property=\"og:locale\" content=\"en_GB\" \/>\n<meta property=\"og:type\" content=\"article\" \/>\n<meta property=\"og:title\" content=\"P\u00edcnic en una isla de Alqueva\" \/>\n<meta property=\"og:description\" content=\"El Alentejo, al sur de Portugal, limita al este con Espa\u00f1a y al oeste\u00a0con el oc\u00e9ano Atl\u00e1ntico. Se trata de una zona con una belleza paisaj\u00edstica impresionante, un patrimonio arqueol\u00f3gico y etnogr\u00e1fico envidiable y una excelencia gastron\u00f3mica que puede verse, por ejemplo, a trav\u00e9s de sus vinos. La zona donde se encuentra el lago de&hellip;&nbsp;Read More &raquo;P\u00edcnic en una isla de Alqueva\" \/>\n<meta property=\"og:url\" content=\"https:\/\/udestinations.es\/en\/product\/picnic-en-una-isla-de-alqueva\/\" \/>\n<meta property=\"og:site_name\" content=\"uDestinations\" \/>\n<meta property=\"article:publisher\" content=\"https:\/\/www.facebook.com\/UDestinations.experiences\/\" \/>\n<meta property=\"article:modified_time\" content=\"2023-02-27T16:02:10+00:00\" \/>\n<meta property=\"og:image\" content=\"https:\/\/udestinations.es\/wp-content\/uploads\/2023\/01\/59ba77_aef61e5642884e4e80808af3feee89ba_mv2.webp\" \/>\n\t<meta property=\"og:image:width\" content=\"781\" \/>\n\t<meta property=\"og:image:height\" content=\"520\" \/>\n\t<meta property=\"og:image:type\" content=\"image\/webp\" \/>\n<meta name=\"twitter:card\" content=\"summary_large_image\" \/>\n<meta name=\"twitter:site\" content=\"@udestinations_\" \/>\n<meta name=\"twitter:label1\" content=\"Estimated reading time\" \/>\n\t<meta name=\"twitter:data1\" content=\"1 minute\" \/>\n<script type=\"application\/ld+json\" class=\"yoast-schema-graph\">{\"@context\":\"https:\/\/schema.org\",\"@graph\":[{\"@type\":\"WebPage\",\"@id\":\"https:\/\/udestinations.es\/producto\/picnic-en-una-isla-de-alqueva\/\",\"url\":\"https:\/\/udestinations.es\/producto\/picnic-en-una-isla-de-alqueva\/\",\"name\":\"P\u00edcnic en una isla de Alqueva\",\"isPartOf\":{\"@id\":\"https:\/\/udestinations.es\/de\/#website\"},\"primaryImageOfPage\":{\"@id\":\"https:\/\/udestinations.es\/producto\/picnic-en-una-isla-de-alqueva\/#primaryimage\"},\"image\":{\"@id\":\"https:\/\/udestinations.es\/producto\/picnic-en-una-isla-de-alqueva\/#primaryimage\"},\"thumbnailUrl\":\"https:\/\/udestinations.es\/wp-content\/uploads\/2023\/01\/59ba77_aef61e5642884e4e80808af3feee89ba_mv2.webp\",\"datePublished\":\"2023-01-26T12:58:51+00:00\",\"dateModified\":\"2023-02-27T16:02:10+00:00\",\"breadcrumb\":{\"@id\":\"https:\/\/udestinations.es\/producto\/picnic-en-una-isla-de-alqueva\/#breadcrumb\"},\"inLanguage\":\"en-GB\",\"potentialAction\":[{\"@type\":\"ReadAction\",\"target\":[\"https:\/\/udestinations.es\/producto\/picnic-en-una-isla-de-alqueva\/\"]}]},{\"@type\":\"ImageObject\",\"inLanguage\":\"en-GB\",\"@id\":\"https:\/\/udestinations.es\/producto\/picnic-en-una-isla-de-alqueva\/#primaryimage\",\"url\":\"https:\/\/udestinations.es\/wp-content\/uploads\/2023\/01\/59ba77_aef61e5642884e4e80808af3feee89ba_mv2.webp\",\"contentUrl\":\"https:\/\/udestinations.es\/wp-content\/uploads\/2023\/01\/59ba77_aef61e5642884e4e80808af3feee89ba_mv2.webp\",\"width\":781,\"height\":520},{\"@type\":\"BreadcrumbList\",\"@id\":\"https:\/\/udestinations.es\/producto\/picnic-en-una-isla-de-alqueva\/#breadcrumb\",\"itemListElement\":[{\"@type\":\"ListItem\",\"position\":1,\"name\":\"Tienda\",\"item\":\"https:\/\/udestinations.es\/tienda\/\"},{\"@type\":\"ListItem\",\"position\":2,\"name\":\"P\u00edcnic en una isla de Alqueva\"}]},{\"@type\":\"WebSite\",\"@id\":\"https:\/\/udestinations.es\/de\/#website\",\"url\":\"https:\/\/udestinations.es\/de\/\",\"name\":\"uDestinations\",\"description\":\"\",\"potentialAction\":[{\"@type\":\"SearchAction\",\"target\":{\"@type\":\"EntryPoint\",\"urlTemplate\":\"https:\/\/udestinations.es\/de\/?s={search_term_string}\"},\"query-input\":{\"@type\":\"PropertyValueSpecification\",\"valueRequired\":true,\"valueName\":\"search_term_string\"}}],\"inLanguage\":\"en-GB\"}]}<\/script>\n<!-- \/ Yoast SEO Premium plugin. -->","yoast_head_json":{"title":"P\u00edcnic en una isla de Alqueva","robots":{"index":"index","follow":"follow","max-snippet":"max-snippet:-1","max-image-preview":"max-image-preview:large","max-video-preview":"max-video-preview:-1"},"canonical":"https:\/\/udestinations.es\/en\/product\/picnic-en-una-isla-de-alqueva\/","og_locale":"en_GB","og_type":"article","og_title":"P\u00edcnic en una isla de Alqueva","og_description":"El Alentejo, al sur de Portugal, limita al este con Espa\u00f1a y al oeste\u00a0con el oc\u00e9ano Atl\u00e1ntico. Se trata de una zona con una belleza paisaj\u00edstica impresionante, un patrimonio arqueol\u00f3gico y etnogr\u00e1fico envidiable y una excelencia gastron\u00f3mica que puede verse, por ejemplo, a trav\u00e9s de sus vinos. La zona donde se encuentra el lago de&hellip;&nbsp;Read More &raquo;P\u00edcnic en una isla de Alqueva","og_url":"https:\/\/udestinations.es\/en\/product\/picnic-en-una-isla-de-alqueva\/","og_site_name":"uDestinations","article_publisher":"https:\/\/www.facebook.com\/UDestinations.experiences\/","article_modified_time":"2023-02-27T16:02:10+00:00","og_image":[{"width":781,"height":520,"url":"https:\/\/udestinations.es\/wp-content\/uploads\/2023\/01\/59ba77_aef61e5642884e4e80808af3feee89ba_mv2.webp","type":"image\/webp"}],"twitter_card":"summary_large_image","twitter_site":"@udestinations_","twitter_misc":{"Estimated reading time":"1 minute"},"schema":{"@context":"https:\/\/schema.org","@graph":[{"@type":"WebPage","@id":"https:\/\/udestinations.es\/producto\/picnic-en-una-isla-de-alqueva\/","url":"https:\/\/udestinations.es\/producto\/picnic-en-una-isla-de-alqueva\/","name":"P\u00edcnic en una isla de Alqueva","isPartOf":{"@id":"https:\/\/udestinations.es\/de\/#website"},"primaryImageOfPage":{"@id":"https:\/\/udestinations.es\/producto\/picnic-en-una-isla-de-alqueva\/#primaryimage"},"image":{"@id":"https:\/\/udestinations.es\/producto\/picnic-en-una-isla-de-alqueva\/#primaryimage"},"thumbnailUrl":"https:\/\/udestinations.es\/wp-content\/uploads\/2023\/01\/59ba77_aef61e5642884e4e80808af3feee89ba_mv2.webp","datePublished":"2023-01-26T12:58:51+00:00","dateModified":"2023-02-27T16:02:10+00:00","breadcrumb":{"@id":"https:\/\/udestinations.es\/producto\/picnic-en-una-isla-de-alqueva\/#breadcrumb"},"inLanguage":"en-GB","potentialAction":[{"@type":"ReadAction","target":["https:\/\/udestinations.es\/producto\/picnic-en-una-isla-de-alqueva\/"]}]},{"@type":"ImageObject","inLanguage":"en-GB","@id":"https:\/\/udestinations.es\/producto\/picnic-en-una-isla-de-alqueva\/#primaryimage","url":"https:\/\/udestinations.es\/wp-content\/uploads\/2023\/01\/59ba77_aef61e5642884e4e80808af3feee89ba_mv2.webp","contentUrl":"https:\/\/udestinations.es\/wp-content\/uploads\/2023\/01\/59ba77_aef61e5642884e4e80808af3feee89ba_mv2.webp","width":781,"height":520},{"@type":"BreadcrumbList","@id":"https:\/\/udestinations.es\/producto\/picnic-en-una-isla-de-alqueva\/#breadcrumb","itemListElement":[{"@type":"ListItem","position":1,"name":"Tienda","item":"https:\/\/udestinations.es\/tienda\/"},{"@type":"ListItem","position":2,"name":"P\u00edcnic en una isla de Alqueva"}]},{"@type":"WebSite","@id":"https:\/\/udestinations.es\/de\/#website","url":"https:\/\/udestinations.es\/de\/","name":"uDestinations","description":"","potentialAction":[{"@type":"SearchAction","target":{"@type":"EntryPoint","urlTemplate":"https:\/\/udestinations.es\/de\/?s={search_term_string}"},"query-input":{"@type":"PropertyValueSpecification","valueRequired":true,"valueName":"search_term_string"}}],"inLanguage":"en-GB"}]}},"_links":{"self":[{"href":"https:\/\/udestinations.es\/en\/wp-json\/wp\/v2\/product\/624","targetHints":{"allow":["GET"]}}],"collection":[{"href":"https:\/\/udestinations.es\/en\/wp-json\/wp\/v2\/product"}],"about":[{"href":"https:\/\/udestinations.es\/en\/wp-json\/wp\/v2\/types\/product"}],"replies":[{"embeddable":true,"href":"https:\/\/udestinations.es\/en\/wp-json\/wp\/v2\/comments?post=624"}],"version-history":[{"count":1,"href":"https:\/\/udestinations.es\/en\/wp-json\/wp\/v2\/product\/624\/revisions"}],"predecessor-version":[{"id":625,"href":"https:\/\/udestinations.es\/en\/wp-json\/wp\/v2\/product\/624\/revisions\/625"}],"wp:featuredmedia":[{"embeddable":true,"href":"https:\/\/udestinations.es\/en\/wp-json\/wp\/v2\/media\/557"}],"wp:attachment":[{"href":"https:\/\/udestinations.es\/en\/wp-json\/wp\/v2\/media?parent=624"}],"wp:term":[{"taxonomy":"product_cat","embeddable":true,"href":"https:\/\/udestinations.es\/en\/wp-json\/wp\/v2\/product_cat?post=624"},{"taxonomy":"product_tag","embeddable":true,"href":"https:\/\/udestinations.es\/en\/wp-json\/wp\/v2\/product_tag?post=624"}],"curies":[{"name":"wp","href":"https:\/\/api.w.org\/{rel}","templated":true}]}}