{"id":622,"date":"2023-01-26T12:54:35","date_gmt":"2023-01-26T12:54:35","guid":{"rendered":"http:\/\/test.udestinations.es\/?post_type=product&#038;p=622"},"modified":"2024-11-26T20:09:49","modified_gmt":"2024-11-26T20:09:49","slug":"bonos-experiencia-vive-b3","status":"publish","type":"product","link":"https:\/\/udestinations.es\/en\/product\/bonos-experiencia-vive-b3\/","title":{"rendered":"Experience Vouchers (B3) - \"Vive\" (Live)"},"content":{"rendered":"<p><span style=\"color: #c9e5eb;\">The Experience Vouchers include a range of possibilities to choose from according to your tastes and interests, in the region of Extremadura, in Spain and the regions of Alentejo and Centro, in Portugal, discovering the richest, least crowded and exclusive areas of the Iberian Peninsula. They allow you to freely choose the experience you want to enjoy with gastronomic, historical, cultural, relaxing or nature and outdoor activities, among others.<\/span><\/p>\n<p><span style=\"color: #c9e5eb;\">All vouchers in the \"Vive\" category include, for 2 persons:<\/span><\/p>\n<ul>\n<li><span style=\"color: #c9e5eb;\">One night in high-class accommodation, based on comfort, safety and exquisite treatment of the traveller, on a bed and breakfast basis.<\/span><\/li>\n<li><span style=\"color: #c9e5eb;\">At least 1 exclusive experience to choose from to enjoy as a couple (please see our \"Information and restrictions service\" section for all the experiences available). .<\/span><\/li>\n<\/ul>\n<p><span style=\"color: #c9e5eb;\">These vouchers are ideal to give as a gift to our loved ones and to enjoy them at your leisure, as they can be used throughout the year. Take advantage of December to give an experience to your loved ones! Check the PROMOTIONS &amp; DISCOUNTS section.<\/span><\/p>\n<p><span style=\"color: #c9e5eb;\">We are still working to include more options in this category for your full enjoyment and we invite you to check the rest of the experience vouchers available in our shop (visit the Experience Vouchers \"Conoce\" and \"Vive\") and discover these wonderful areas from us.<\/span><\/p>\n<p><span style=\"color: #c9e5eb;\">Extremadura is one of the least known regions in Spain, but it has a great historical and cultural heritage and incredible natural spaces, as well as a wide gastronomic tradition and variety.<\/span><\/p>\n<p><span style=\"color: #c9e5eb;\">The Alentejo, in the south of Portugal, boasts breathtaking scenic beauty thanks to its beaches, an enviable archaeological and oenological heritage and excellent gastronomy. Centro is a region full of contrasts with its large mountains in the interior and, by the sea, traditional fishing villages and beaches famous for their waves.<\/span><\/p>\n<p><span style=\"color: #c9e5eb;\"><strong>Remember that you can purchase the experience voucher whenever you want and you can redeem it throughout the year.<\/strong><\/span><\/p>","protected":false},"excerpt":{"rendered":"<p>The Experience Vouchers include a range of possibilities to choose from according to your tastes and interests, in the region of Extremadura, in Spain and the regions of Alentejo and Centro, in Portugal, discovering the richest, least crowded and exclusive areas of the Iberian Peninsula. They allow you to freely choose the experience you wish to enjoy with...&nbsp;<a href=\"https:\/\/udestinations.es\/en\/product\/bonos-experiencia-vive-b3\/\" rel=\"bookmark\">Read More \"<span class=\"screen-reader-text\">Experience Vouchers (B3) - \"Vive\" (Live)<\/span><\/a><\/p>","protected":false},"featured_media":568,"comment_status":"open","ping_status":"closed","template":"","meta":{"_acf_changed":false,"neve_meta_sidebar":"","neve_meta_container":"","neve_meta_enable_content_width":"off","neve_meta_content_width":100,"neve_meta_title_alignment":"","neve_meta_author_avatar":"","neve_post_elements_order":"","neve_meta_disable_header":"","neve_meta_disable_footer":"","neve_meta_disable_title":"","neve_meta_reading_time":""},"product_cat":[25,22,31,26,32,33],"product_tag":[],"class_list":{"0":"post-622","1":"product","2":"type-product","3":"status-publish","4":"has-post-thumbnail","6":"product_cat-cata-de-quesos","7":"product_cat-espana","8":"product_cat-experiencias-al-aire-libre","9":"product_cat-experiencias-romanticas","10":"product_cat-globo-aerostatico","11":"product_cat-rutas-de-las-bodegas-y-cata-de-vinos","13":"first","14":"instock","15":"taxable","16":"shipping-taxable","17":"purchasable","18":"product-type-variable"},"acf":[],"yoast_head":"<!-- This site is optimized with the Yoast SEO Premium plugin v20.1 (Yoast SEO v23.8) - https:\/\/yoast.com\/wordpress\/plugins\/seo\/ -->\n<title>Bonos Experiencia (B3) - \u201cVive\u201d<\/title>\n<meta name=\"robots\" content=\"index, follow, max-snippet:-1, max-image-preview:large, max-video-preview:-1\" \/>\n<link rel=\"canonical\" href=\"https:\/\/udestinations.es\/en\/product\/bonos-experiencia-vive-b3\/\" \/>\n<meta property=\"og:locale\" content=\"en_GB\" \/>\n<meta property=\"og:type\" content=\"article\" \/>\n<meta property=\"og:title\" content=\"Bonos Experiencia (B3) - \u201cVive\u201d\" \/>\n<meta property=\"og:description\" content=\"Los Bonos Experiencias incluyen un abanico de posibilidades para elegir seg\u00fan sus gustos y aficiones, en la regi\u00f3n de Extremadura, en Espa\u00f1a y las regiones de Alentejo y Centro, en Portugal, descubriendo los territorios con mayor riqueza, menos masificados y exclusivos de la pen\u00ednsula ib\u00e9rica. Le permiten escoger libremente la experiencia que desee disfrutar con&hellip;&nbsp;Read More &raquo;Bonos Experiencia (B3) &#8211; \u201cVive\u201d\" \/>\n<meta property=\"og:url\" content=\"https:\/\/udestinations.es\/en\/product\/bonos-experiencia-vive-b3\/\" \/>\n<meta property=\"og:site_name\" content=\"uDestinations\" \/>\n<meta property=\"article:publisher\" content=\"https:\/\/www.facebook.com\/UDestinations.experiences\/\" \/>\n<meta property=\"article:modified_time\" content=\"2024-11-26T20:09:49+00:00\" \/>\n<meta property=\"og:image\" content=\"https:\/\/udestinations.es\/wp-content\/uploads\/2023\/01\/B3-GLOBO2.webp\" \/>\n\t<meta property=\"og:image:width\" content=\"890\" \/>\n\t<meta property=\"og:image:height\" content=\"960\" \/>\n\t<meta property=\"og:image:type\" content=\"image\/webp\" \/>\n<meta name=\"twitter:card\" content=\"summary_large_image\" \/>\n<meta name=\"twitter:site\" content=\"@udestinations_\" \/>\n<meta name=\"twitter:label1\" content=\"Estimated reading time\" \/>\n\t<meta name=\"twitter:data1\" content=\"2 minutes\" \/>\n<script type=\"application\/ld+json\" class=\"yoast-schema-graph\">{\"@context\":\"https:\/\/schema.org\",\"@graph\":[{\"@type\":\"WebPage\",\"@id\":\"https:\/\/udestinations.es\/producto\/bonos-experiencia-vive-b3\/\",\"url\":\"https:\/\/udestinations.es\/producto\/bonos-experiencia-vive-b3\/\",\"name\":\"Bonos Experiencia (B3) - \u201cVive\u201d\",\"isPartOf\":{\"@id\":\"https:\/\/udestinations.es\/de\/#website\"},\"primaryImageOfPage\":{\"@id\":\"https:\/\/udestinations.es\/producto\/bonos-experiencia-vive-b3\/#primaryimage\"},\"image\":{\"@id\":\"https:\/\/udestinations.es\/producto\/bonos-experiencia-vive-b3\/#primaryimage\"},\"thumbnailUrl\":\"https:\/\/udestinations.es\/wp-content\/uploads\/2023\/01\/B3-GLOBO2.webp\",\"datePublished\":\"2023-01-26T12:54:35+00:00\",\"dateModified\":\"2024-11-26T20:09:49+00:00\",\"breadcrumb\":{\"@id\":\"https:\/\/udestinations.es\/producto\/bonos-experiencia-vive-b3\/#breadcrumb\"},\"inLanguage\":\"en-GB\",\"potentialAction\":[{\"@type\":\"ReadAction\",\"target\":[\"https:\/\/udestinations.es\/producto\/bonos-experiencia-vive-b3\/\"]}]},{\"@type\":\"ImageObject\",\"inLanguage\":\"en-GB\",\"@id\":\"https:\/\/udestinations.es\/producto\/bonos-experiencia-vive-b3\/#primaryimage\",\"url\":\"https:\/\/udestinations.es\/wp-content\/uploads\/2023\/01\/B3-GLOBO2.webp\",\"contentUrl\":\"https:\/\/udestinations.es\/wp-content\/uploads\/2023\/01\/B3-GLOBO2.webp\",\"width\":890,\"height\":960},{\"@type\":\"BreadcrumbList\",\"@id\":\"https:\/\/udestinations.es\/producto\/bonos-experiencia-vive-b3\/#breadcrumb\",\"itemListElement\":[{\"@type\":\"ListItem\",\"position\":1,\"name\":\"Tienda\",\"item\":\"https:\/\/udestinations.es\/tienda\/\"},{\"@type\":\"ListItem\",\"position\":2,\"name\":\"Bonos Experiencia (B3) &#8211; \u201cVive\u201d\"}]},{\"@type\":\"WebSite\",\"@id\":\"https:\/\/udestinations.es\/de\/#website\",\"url\":\"https:\/\/udestinations.es\/de\/\",\"name\":\"uDestinations\",\"description\":\"\",\"potentialAction\":[{\"@type\":\"SearchAction\",\"target\":{\"@type\":\"EntryPoint\",\"urlTemplate\":\"https:\/\/udestinations.es\/de\/?s={search_term_string}\"},\"query-input\":{\"@type\":\"PropertyValueSpecification\",\"valueRequired\":true,\"valueName\":\"search_term_string\"}}],\"inLanguage\":\"en-GB\"}]}<\/script>\n<!-- \/ Yoast SEO Premium plugin. -->","yoast_head_json":{"title":"Bonos Experiencia (B3) - \u201cVive\u201d","robots":{"index":"index","follow":"follow","max-snippet":"max-snippet:-1","max-image-preview":"max-image-preview:large","max-video-preview":"max-video-preview:-1"},"canonical":"https:\/\/udestinations.es\/en\/product\/bonos-experiencia-vive-b3\/","og_locale":"en_GB","og_type":"article","og_title":"Bonos Experiencia (B3) - \u201cVive\u201d","og_description":"Los Bonos Experiencias incluyen un abanico de posibilidades para elegir seg\u00fan sus gustos y aficiones, en la regi\u00f3n de Extremadura, en Espa\u00f1a y las regiones de Alentejo y Centro, en Portugal, descubriendo los territorios con mayor riqueza, menos masificados y exclusivos de la pen\u00ednsula ib\u00e9rica. Le permiten escoger libremente la experiencia que desee disfrutar con&hellip;&nbsp;Read More &raquo;Bonos Experiencia (B3) &#8211; \u201cVive\u201d","og_url":"https:\/\/udestinations.es\/en\/product\/bonos-experiencia-vive-b3\/","og_site_name":"uDestinations","article_publisher":"https:\/\/www.facebook.com\/UDestinations.experiences\/","article_modified_time":"2024-11-26T20:09:49+00:00","og_image":[{"width":890,"height":960,"url":"https:\/\/udestinations.es\/wp-content\/uploads\/2023\/01\/B3-GLOBO2.webp","type":"image\/webp"}],"twitter_card":"summary_large_image","twitter_site":"@udestinations_","twitter_misc":{"Estimated reading time":"2 minutes"},"schema":{"@context":"https:\/\/schema.org","@graph":[{"@type":"WebPage","@id":"https:\/\/udestinations.es\/producto\/bonos-experiencia-vive-b3\/","url":"https:\/\/udestinations.es\/producto\/bonos-experiencia-vive-b3\/","name":"Bonos Experiencia (B3) - \u201cVive\u201d","isPartOf":{"@id":"https:\/\/udestinations.es\/de\/#website"},"primaryImageOfPage":{"@id":"https:\/\/udestinations.es\/producto\/bonos-experiencia-vive-b3\/#primaryimage"},"image":{"@id":"https:\/\/udestinations.es\/producto\/bonos-experiencia-vive-b3\/#primaryimage"},"thumbnailUrl":"https:\/\/udestinations.es\/wp-content\/uploads\/2023\/01\/B3-GLOBO2.webp","datePublished":"2023-01-26T12:54:35+00:00","dateModified":"2024-11-26T20:09:49+00:00","breadcrumb":{"@id":"https:\/\/udestinations.es\/producto\/bonos-experiencia-vive-b3\/#breadcrumb"},"inLanguage":"en-GB","potentialAction":[{"@type":"ReadAction","target":["https:\/\/udestinations.es\/producto\/bonos-experiencia-vive-b3\/"]}]},{"@type":"ImageObject","inLanguage":"en-GB","@id":"https:\/\/udestinations.es\/producto\/bonos-experiencia-vive-b3\/#primaryimage","url":"https:\/\/udestinations.es\/wp-content\/uploads\/2023\/01\/B3-GLOBO2.webp","contentUrl":"https:\/\/udestinations.es\/wp-content\/uploads\/2023\/01\/B3-GLOBO2.webp","width":890,"height":960},{"@type":"BreadcrumbList","@id":"https:\/\/udestinations.es\/producto\/bonos-experiencia-vive-b3\/#breadcrumb","itemListElement":[{"@type":"ListItem","position":1,"name":"Tienda","item":"https:\/\/udestinations.es\/tienda\/"},{"@type":"ListItem","position":2,"name":"Bonos Experiencia (B3) &#8211; \u201cVive\u201d"}]},{"@type":"WebSite","@id":"https:\/\/udestinations.es\/de\/#website","url":"https:\/\/udestinations.es\/de\/","name":"uDestinations","description":"","potentialAction":[{"@type":"SearchAction","target":{"@type":"EntryPoint","urlTemplate":"https:\/\/udestinations.es\/de\/?s={search_term_string}"},"query-input":{"@type":"PropertyValueSpecification","valueRequired":true,"valueName":"search_term_string"}}],"inLanguage":"en-GB"}]}},"_links":{"self":[{"href":"https:\/\/udestinations.es\/en\/wp-json\/wp\/v2\/product\/622","targetHints":{"allow":["GET"]}}],"collection":[{"href":"https:\/\/udestinations.es\/en\/wp-json\/wp\/v2\/product"}],"about":[{"href":"https:\/\/udestinations.es\/en\/wp-json\/wp\/v2\/types\/product"}],"replies":[{"embeddable":true,"href":"https:\/\/udestinations.es\/en\/wp-json\/wp\/v2\/comments?post=622"}],"version-history":[{"count":7,"href":"https:\/\/udestinations.es\/en\/wp-json\/wp\/v2\/product\/622\/revisions"}],"predecessor-version":[{"id":10526,"href":"https:\/\/udestinations.es\/en\/wp-json\/wp\/v2\/product\/622\/revisions\/10526"}],"wp:featuredmedia":[{"embeddable":true,"href":"https:\/\/udestinations.es\/en\/wp-json\/wp\/v2\/media\/568"}],"wp:attachment":[{"href":"https:\/\/udestinations.es\/en\/wp-json\/wp\/v2\/media?parent=622"}],"wp:term":[{"taxonomy":"product_cat","embeddable":true,"href":"https:\/\/udestinations.es\/en\/wp-json\/wp\/v2\/product_cat?post=622"},{"taxonomy":"product_tag","embeddable":true,"href":"https:\/\/udestinations.es\/en\/wp-json\/wp\/v2\/product_tag?post=622"}],"curies":[{"name":"wp","href":"https:\/\/api.w.org\/{rel}","templated":true}]}}