{"id":6219,"date":"2023-02-24T16:49:02","date_gmt":"2023-02-24T16:49:02","guid":{"rendered":"https:\/\/udestinations.es\/?post_type=product&#038;p=6219"},"modified":"2024-11-26T19:58:20","modified_gmt":"2024-11-26T19:58:20","slug":"bono-experiencia","status":"publish","type":"product","link":"https:\/\/udestinations.es\/en\/product\/bono-experiencia\/","title":{"rendered":"Experience Voucher"},"content":{"rendered":"<div data-elementor-type=\"product-post\" data-elementor-id=\"6219\" class=\"elementor elementor-6219\" data-elementor-post-type=\"product\">\n\t\t\t\t\t\t<section data-particle_enable=\"false\" data-particle-mobile-disabled=\"false\" class=\"elementor-section elementor-top-section elementor-element elementor-element-36f2def2 elementor-section-boxed elementor-section-height-default elementor-section-height-default\" data-id=\"36f2def2\" data-element_type=\"section\">\n\t\t\t\t\t\t<div class=\"elementor-container elementor-column-gap-default\">\n\t\t\t\t\t<div class=\"elementor-column elementor-col-100 elementor-top-column elementor-element elementor-element-5e82729f\" data-id=\"5e82729f\" data-element_type=\"column\">\n\t\t\t<div class=\"elementor-widget-wrap elementor-element-populated\">\n\t\t\t\t\t\t<div class=\"elementor-element elementor-element-6fb889c0 elementor-widget elementor-widget-text-editor\" data-id=\"6fb889c0\" data-element_type=\"widget\" data-widget_type=\"text-editor.default\">\n\t\t\t\t<div class=\"elementor-widget-container\">\n\t\t\t<style>\/*! elementor - v3.23.0 - 05-08-2024 *\/\n.elementor-widget-text-editor.elementor-drop-cap-view-stacked .elementor-drop-cap{background-color:#69727d;color:#fff}.elementor-widget-text-editor.elementor-drop-cap-view-framed .elementor-drop-cap{color:#69727d;border:3px solid;background-color:transparent}.elementor-widget-text-editor:not(.elementor-drop-cap-view-default) .elementor-drop-cap{margin-top:8px}.elementor-widget-text-editor:not(.elementor-drop-cap-view-default) .elementor-drop-cap-letter{width:1em;height:1em}.elementor-widget-text-editor .elementor-drop-cap{float:left;text-align:center;line-height:1;font-size:50px}.elementor-widget-text-editor .elementor-drop-cap-letter{display:inline-block}<\/style>\t\t\t\t<p>All vouchers in the different categories (\"Conoce - B1\u2033, \"Descubre - B2\", and \"Vive - B3\") include, for 2 persons:<\/p><p>- One night in high-class accommodation, based on comfort, safety and exquisite treatment of the traveller.<\/p><p>- At least one experience to choose from, to be enjoyed as a couple (Check each one in detail and scroll through our \"Product information and restrictions\" section to see all the experiences available).<\/p><p>These vouchers are ideal as gifts for loved ones and can be enjoyed at leisure, as they can be used throughout the year.\u00a0<\/p><p>Currently you have available in our shop vouchers to discover the area of M\u00e9rida, Llerena, Alqueva, Lisbon, \u00c9vora, Aveiro, M\u00e9rida, C\u00e1ceres, Zafra, Herv\u00e1s, Trujillo... We are still working to include more options in each voucher category for your full enjoyment, and we invite you to review in detail the voucher of your preference, available in our shop and discover from our hand these wonderful areas.<\/p><p>We are still working on including more options in this category for your full enjoyment and we invite you to check out the rest of the experience vouchers available in our shop and discover these wonderful areas with us.<\/p><p>Extremadura is one of the least known regions in Spain, but it has a great historical and cultural heritage and incredible natural spaces, as well as a wide gastronomic tradition and variety.<\/p><p>The Alentejo, in the south of Portugal, boasts breathtaking scenic beauty thanks to its beaches, an enviable archaeological and oenological heritage and excellent gastronomy. Centro is a region full of contrasts with its large mountains in the interior and, by the sea, traditional fishing villages and beaches famous for their waves.<\/p><p>Remember that you can purchase the Experience Vouchers whenever you want and you can redeem them for 1 year. Take advantage of December to give an experience to your loved ones! Check the PROMOTIONS &amp; DISCOUNTS section.<\/p>\t\t\t\t\t\t<\/div>\n\t\t\t\t<\/div>\n\t\t\t\t\t<\/div>\n\t\t<\/div>\n\t\t\t\t\t<\/div>\n\t\t<\/section>\n\t\t\t\t<\/div>","protected":false},"excerpt":{"rendered":"<p>The Experience Vouchers include a range of getaway possibilities to discover magical places in Spain and Portugal, such as Extremadura, Alentejo and Centro, according to your tastes and interests.<\/p>\n<p>They allow you to enjoy freely for 1 year, a complete experience with accommodation and activities, according to your preferences: gastronomic, historical, cultural, relaxing or nature and outdoors, among others.<\/p>","protected":false},"featured_media":804,"comment_status":"open","ping_status":"closed","template":"","meta":{"_acf_changed":false,"neve_meta_sidebar":"","neve_meta_container":"","neve_meta_enable_content_width":"off","neve_meta_content_width":100,"neve_meta_title_alignment":"","neve_meta_author_avatar":"","neve_post_elements_order":"","neve_meta_disable_header":"","neve_meta_disable_footer":"","neve_meta_disable_title":"","neve_meta_reading_time":""},"product_cat":[21,25,22,31,26,32,27,33,28],"product_tag":[],"class_list":{"0":"post-6219","1":"product","2":"type-product","3":"status-publish","4":"has-post-thumbnail","6":"product_cat-alojamientos","7":"product_cat-cata-de-quesos","8":"product_cat-espana","9":"product_cat-experiencias-al-aire-libre","10":"product_cat-experiencias-romanticas","11":"product_cat-globo-aerostatico","12":"product_cat-iglesias-y-capillas","13":"product_cat-rutas-de-las-bodegas-y-cata-de-vinos","14":"product_cat-spa-y-masajes","16":"first","17":"instock","18":"taxable","19":"shipping-taxable","20":"purchasable","21":"product-type-variable"},"acf":[],"yoast_head":"<!-- This site is optimized with the Yoast SEO Premium plugin v20.1 (Yoast SEO v23.8) - https:\/\/yoast.com\/wordpress\/plugins\/seo\/ -->\n<title>Bono Experiencias<\/title>\n<meta name=\"robots\" content=\"index, follow, max-snippet:-1, max-image-preview:large, max-video-preview:-1\" \/>\n<link rel=\"canonical\" href=\"https:\/\/udestinations.es\/en\/product\/bono-experiencia\/\" \/>\n<meta property=\"og:locale\" content=\"en_GB\" \/>\n<meta property=\"og:type\" content=\"article\" \/>\n<meta property=\"og:title\" content=\"Bono Experiencias\" \/>\n<meta property=\"og:description\" content=\"Los Bonos Experiencias incluyen un abanico de posibilidades de escapadas para descubrir lugares m\u00e1gicos en Espa\u00f1a y Portugal, como Extremadura, Alentejo y Centro, seg\u00fan sus gustos y aficiones.  Le permiten disfrutar libremente durante 1 a\u00f1o, de una experiencia completa con alojamiento y actividades, seg\u00fan sus preferencias: gastron\u00f3micas, hist\u00f3ricas, culturales, de relax o de naturaleza y outdoors, entre otras.\" \/>\n<meta property=\"og:url\" content=\"https:\/\/udestinations.es\/en\/product\/bono-experiencia\/\" \/>\n<meta property=\"og:site_name\" content=\"uDestinations\" \/>\n<meta property=\"article:publisher\" content=\"https:\/\/www.facebook.com\/UDestinations.experiences\/\" \/>\n<meta property=\"article:modified_time\" content=\"2024-11-26T19:58:20+00:00\" \/>\n<meta property=\"og:image\" content=\"https:\/\/udestinations.es\/wp-content\/uploads\/2023\/01\/224718618_531946741481200_5702642182935660552_n.webp\" \/>\n\t<meta property=\"og:image:width\" content=\"1080\" \/>\n\t<meta property=\"og:image:height\" content=\"1350\" \/>\n\t<meta property=\"og:image:type\" content=\"image\/webp\" \/>\n<meta name=\"twitter:card\" content=\"summary_large_image\" \/>\n<meta name=\"twitter:site\" content=\"@udestinations_\" \/>\n<meta name=\"twitter:label1\" content=\"Estimated reading time\" \/>\n\t<meta name=\"twitter:data1\" content=\"2 minutes\" \/>\n<script type=\"application\/ld+json\" class=\"yoast-schema-graph\">{\"@context\":\"https:\/\/schema.org\",\"@graph\":[{\"@type\":\"WebPage\",\"@id\":\"https:\/\/udestinations.es\/producto\/bono-experiencia\/\",\"url\":\"https:\/\/udestinations.es\/producto\/bono-experiencia\/\",\"name\":\"Bono Experiencias\",\"isPartOf\":{\"@id\":\"https:\/\/udestinations.es\/de\/#website\"},\"primaryImageOfPage\":{\"@id\":\"https:\/\/udestinations.es\/producto\/bono-experiencia\/#primaryimage\"},\"image\":{\"@id\":\"https:\/\/udestinations.es\/producto\/bono-experiencia\/#primaryimage\"},\"thumbnailUrl\":\"https:\/\/udestinations.es\/wp-content\/uploads\/2023\/01\/224718618_531946741481200_5702642182935660552_n.webp\",\"datePublished\":\"2023-02-24T16:49:02+00:00\",\"dateModified\":\"2024-11-26T19:58:20+00:00\",\"breadcrumb\":{\"@id\":\"https:\/\/udestinations.es\/producto\/bono-experiencia\/#breadcrumb\"},\"inLanguage\":\"en-GB\",\"potentialAction\":[{\"@type\":\"ReadAction\",\"target\":[\"https:\/\/udestinations.es\/producto\/bono-experiencia\/\"]}]},{\"@type\":\"ImageObject\",\"inLanguage\":\"en-GB\",\"@id\":\"https:\/\/udestinations.es\/producto\/bono-experiencia\/#primaryimage\",\"url\":\"https:\/\/udestinations.es\/wp-content\/uploads\/2023\/01\/224718618_531946741481200_5702642182935660552_n.webp\",\"contentUrl\":\"https:\/\/udestinations.es\/wp-content\/uploads\/2023\/01\/224718618_531946741481200_5702642182935660552_n.webp\",\"width\":1080,\"height\":1350},{\"@type\":\"BreadcrumbList\",\"@id\":\"https:\/\/udestinations.es\/producto\/bono-experiencia\/#breadcrumb\",\"itemListElement\":[{\"@type\":\"ListItem\",\"position\":1,\"name\":\"Tienda\",\"item\":\"https:\/\/udestinations.es\/tienda\/\"},{\"@type\":\"ListItem\",\"position\":2,\"name\":\"Bono Experiencias\"}]},{\"@type\":\"WebSite\",\"@id\":\"https:\/\/udestinations.es\/de\/#website\",\"url\":\"https:\/\/udestinations.es\/de\/\",\"name\":\"uDestinations\",\"description\":\"\",\"potentialAction\":[{\"@type\":\"SearchAction\",\"target\":{\"@type\":\"EntryPoint\",\"urlTemplate\":\"https:\/\/udestinations.es\/de\/?s={search_term_string}\"},\"query-input\":{\"@type\":\"PropertyValueSpecification\",\"valueRequired\":true,\"valueName\":\"search_term_string\"}}],\"inLanguage\":\"en-GB\"}]}<\/script>\n<!-- \/ Yoast SEO Premium plugin. -->","yoast_head_json":{"title":"Bono Experiencias","robots":{"index":"index","follow":"follow","max-snippet":"max-snippet:-1","max-image-preview":"max-image-preview:large","max-video-preview":"max-video-preview:-1"},"canonical":"https:\/\/udestinations.es\/en\/product\/bono-experiencia\/","og_locale":"en_GB","og_type":"article","og_title":"Bono Experiencias","og_description":"Los Bonos Experiencias incluyen un abanico de posibilidades de escapadas para descubrir lugares m\u00e1gicos en Espa\u00f1a y Portugal, como Extremadura, Alentejo y Centro, seg\u00fan sus gustos y aficiones.  Le permiten disfrutar libremente durante 1 a\u00f1o, de una experiencia completa con alojamiento y actividades, seg\u00fan sus preferencias: gastron\u00f3micas, hist\u00f3ricas, culturales, de relax o de naturaleza y outdoors, entre otras.","og_url":"https:\/\/udestinations.es\/en\/product\/bono-experiencia\/","og_site_name":"uDestinations","article_publisher":"https:\/\/www.facebook.com\/UDestinations.experiences\/","article_modified_time":"2024-11-26T19:58:20+00:00","og_image":[{"width":1080,"height":1350,"url":"https:\/\/udestinations.es\/wp-content\/uploads\/2023\/01\/224718618_531946741481200_5702642182935660552_n.webp","type":"image\/webp"}],"twitter_card":"summary_large_image","twitter_site":"@udestinations_","twitter_misc":{"Estimated reading time":"2 minutes"},"schema":{"@context":"https:\/\/schema.org","@graph":[{"@type":"WebPage","@id":"https:\/\/udestinations.es\/producto\/bono-experiencia\/","url":"https:\/\/udestinations.es\/producto\/bono-experiencia\/","name":"Bono Experiencias","isPartOf":{"@id":"https:\/\/udestinations.es\/de\/#website"},"primaryImageOfPage":{"@id":"https:\/\/udestinations.es\/producto\/bono-experiencia\/#primaryimage"},"image":{"@id":"https:\/\/udestinations.es\/producto\/bono-experiencia\/#primaryimage"},"thumbnailUrl":"https:\/\/udestinations.es\/wp-content\/uploads\/2023\/01\/224718618_531946741481200_5702642182935660552_n.webp","datePublished":"2023-02-24T16:49:02+00:00","dateModified":"2024-11-26T19:58:20+00:00","breadcrumb":{"@id":"https:\/\/udestinations.es\/producto\/bono-experiencia\/#breadcrumb"},"inLanguage":"en-GB","potentialAction":[{"@type":"ReadAction","target":["https:\/\/udestinations.es\/producto\/bono-experiencia\/"]}]},{"@type":"ImageObject","inLanguage":"en-GB","@id":"https:\/\/udestinations.es\/producto\/bono-experiencia\/#primaryimage","url":"https:\/\/udestinations.es\/wp-content\/uploads\/2023\/01\/224718618_531946741481200_5702642182935660552_n.webp","contentUrl":"https:\/\/udestinations.es\/wp-content\/uploads\/2023\/01\/224718618_531946741481200_5702642182935660552_n.webp","width":1080,"height":1350},{"@type":"BreadcrumbList","@id":"https:\/\/udestinations.es\/producto\/bono-experiencia\/#breadcrumb","itemListElement":[{"@type":"ListItem","position":1,"name":"Tienda","item":"https:\/\/udestinations.es\/tienda\/"},{"@type":"ListItem","position":2,"name":"Bono Experiencias"}]},{"@type":"WebSite","@id":"https:\/\/udestinations.es\/de\/#website","url":"https:\/\/udestinations.es\/de\/","name":"uDestinations","description":"","potentialAction":[{"@type":"SearchAction","target":{"@type":"EntryPoint","urlTemplate":"https:\/\/udestinations.es\/de\/?s={search_term_string}"},"query-input":{"@type":"PropertyValueSpecification","valueRequired":true,"valueName":"search_term_string"}}],"inLanguage":"en-GB"}]}},"_links":{"self":[{"href":"https:\/\/udestinations.es\/en\/wp-json\/wp\/v2\/product\/6219","targetHints":{"allow":["GET"]}}],"collection":[{"href":"https:\/\/udestinations.es\/en\/wp-json\/wp\/v2\/product"}],"about":[{"href":"https:\/\/udestinations.es\/en\/wp-json\/wp\/v2\/types\/product"}],"replies":[{"embeddable":true,"href":"https:\/\/udestinations.es\/en\/wp-json\/wp\/v2\/comments?post=6219"}],"version-history":[{"count":12,"href":"https:\/\/udestinations.es\/en\/wp-json\/wp\/v2\/product\/6219\/revisions"}],"predecessor-version":[{"id":10525,"href":"https:\/\/udestinations.es\/en\/wp-json\/wp\/v2\/product\/6219\/revisions\/10525"}],"wp:featuredmedia":[{"embeddable":true,"href":"https:\/\/udestinations.es\/en\/wp-json\/wp\/v2\/media\/804"}],"wp:attachment":[{"href":"https:\/\/udestinations.es\/en\/wp-json\/wp\/v2\/media?parent=6219"}],"wp:term":[{"taxonomy":"product_cat","embeddable":true,"href":"https:\/\/udestinations.es\/en\/wp-json\/wp\/v2\/product_cat?post=6219"},{"taxonomy":"product_tag","embeddable":true,"href":"https:\/\/udestinations.es\/en\/wp-json\/wp\/v2\/product_tag?post=6219"}],"curies":[{"name":"wp","href":"https:\/\/api.w.org\/{rel}","templated":true}]}}