{"id":619,"date":"2023-01-26T12:49:48","date_gmt":"2023-01-26T12:49:48","guid":{"rendered":"http:\/\/test.udestinations.es\/?post_type=product&#038;p=619"},"modified":"2023-05-23T12:05:57","modified_gmt":"2023-05-23T12:05:57","slug":"bonos-experiencia-conoce-b2","status":"publish","type":"product","link":"https:\/\/udestinations.es\/en\/product\/bonos-experiencia-conoce-b2\/","title":{"rendered":"Experience Bonus (B2) - \"Get to know\"."},"content":{"rendered":"<p><span style=\"color: #c9e5eb;\">The Experience Vouchers include a range of possibilities to choose from according to your tastes and interests, in the region of Extremadura, in Spain and the regions of Alentejo and Centro, in Portugal, discovering the richest, least crowded and exclusive areas of the Iberian Peninsula. They allow you to freely choose the experience you want to enjoy with gastronomic, historical, cultural, relaxing or nature and outdoor activities, among others.<\/span><\/p>\n<p><span style=\"color: #c9e5eb;\">All vouchers in the \"Get to know\" category include, for 2 people:<\/span><\/p>\n<ul>\n<li><span style=\"color: #c9e5eb;\">1 night in high quality accommodation on a bed and breakfast basis, based on comfort, safety and exquisite treatment of the traveller.<\/span><\/li>\n<li><span style=\"color: #c9e5eb;\">At least two experiences to choose from, to be enjoyed as a couple (Please see our \"Product Information and Restrictions\" section for available experiences).<\/span><\/li>\n<\/ul>\n<p><span style=\"color: #c9e5eb;\">These vouchers are ideal to give as a gift to your loved ones and to enjoy them at your leisure, as they can be used throughout the year. Take advantage of February, the month of love and friendship, to give your loved ones an experience! Check out the PROMOTIONS &amp; DISCOUNTS section.<\/span><\/p>\n<p><span style=\"color: #c9e5eb;\">We are still working on including more options in this category for your full enjoyment and we invite you to check the rest of the experience vouchers available in our shop (visit the Experience Vouchers \"Conoce\" and \"Vive\") and discover these wonderful areas with us.<\/span><\/p>\n<p><span style=\"color: #c9e5eb;\">Extremadura is one of the least known regions in Spain, but it has a great historical and cultural heritage and incredible natural spaces, as well as a wide gastronomic tradition and variety.<\/span><\/p>\n<p><span style=\"color: #c9e5eb;\">The Alentejo, in the south of Portugal, boasts breathtaking scenic beauty thanks to its beaches, an enviable archaeological and oenological heritage and excellent gastronomy. Centro is a region full of contrasts with its large mountains in the interior and, by the sea, traditional fishing villages and beaches famous for their waves.<\/span><\/p>\n<p><span style=\"color: #c9e5eb;\">&#8211;<\/span><\/p>\n<p><span style=\"color: #c9e5eb;\"><strong>Remember that you can purchase the experience voucher whenever you want and you can redeem it over the course of a year.<\/strong><\/span><\/p>","protected":false},"excerpt":{"rendered":"<p>The Experience Vouchers include a range of possibilities to choose from according to your tastes and interests, in the region of Extremadura, in Spain and the regions of Alentejo and Centro, in Portugal, discovering the richest, least crowded and exclusive areas of the Iberian Peninsula. They allow you to freely choose the experience you wish to enjoy with...&nbsp;<a href=\"https:\/\/udestinations.es\/en\/product\/bonos-experiencia-conoce-b2\/\" rel=\"bookmark\">Read More \"<span class=\"screen-reader-text\">Experience Bonus (B2) - \"Get to know\".<\/span><\/a><\/p>","protected":false},"featured_media":547,"comment_status":"open","ping_status":"closed","template":"","meta":{"_acf_changed":false,"neve_meta_sidebar":"","neve_meta_container":"","neve_meta_enable_content_width":"off","neve_meta_content_width":100,"neve_meta_title_alignment":"","neve_meta_author_avatar":"","neve_post_elements_order":"","neve_meta_disable_header":"","neve_meta_disable_footer":"","neve_meta_disable_title":"","neve_meta_reading_time":""},"product_cat":[36,25,22,26,27,34,35,33,28,29,24],"product_tag":[30],"class_list":{"0":"post-619","1":"product","2":"type-product","3":"status-publish","4":"has-post-thumbnail","6":"product_cat-caballeros-templarios","7":"product_cat-cata-de-quesos","8":"product_cat-espana","9":"product_cat-experiencias-romanticas","10":"product_cat-iglesias-y-capillas","11":"product_cat-obras-al-aire-libre","12":"product_cat-recorrido-fotografico","13":"product_cat-rutas-de-las-bodegas-y-cata-de-vinos","14":"product_cat-spa-y-masajes","15":"product_cat-teatro-clasico","16":"product_cat-verano","17":"product_tag-reav","19":"first","20":"instock","21":"taxable","22":"shipping-taxable","23":"purchasable","24":"product-type-variable"},"acf":[],"yoast_head":"<!-- This site is optimized with the Yoast SEO Premium plugin v20.1 (Yoast SEO v23.8) - https:\/\/yoast.com\/wordpress\/plugins\/seo\/ -->\n<title>Bonos Experiencia (B2) - \u201cConoce\u201d<\/title>\n<meta name=\"robots\" content=\"index, follow, max-snippet:-1, max-image-preview:large, max-video-preview:-1\" \/>\n<link rel=\"canonical\" href=\"https:\/\/udestinations.es\/en\/product\/bonos-experiencia-conoce-b2\/\" \/>\n<meta property=\"og:locale\" content=\"en_GB\" \/>\n<meta property=\"og:type\" content=\"article\" \/>\n<meta property=\"og:title\" content=\"Bonos Experiencia (B2) - \u201cConoce\u201d\" \/>\n<meta property=\"og:description\" content=\"Los Bonos Experiencias incluyen un abanico de posibilidades para elegir seg\u00fan sus gustos y aficiones, en la regi\u00f3n de Extremadura, en Espa\u00f1a y las regiones de Alentejo y Centro, en Portugal, descubriendo los territorios con mayor riqueza, menos masificados y exclusivos de la pen\u00ednsula ib\u00e9rica. Le permiten escoger libremente la experiencia que desee disfrutar con&hellip;&nbsp;Read More &raquo;Bonos Experiencia (B2) &#8211; \u201cConoce\u201d\" \/>\n<meta property=\"og:url\" content=\"https:\/\/udestinations.es\/en\/product\/bonos-experiencia-conoce-b2\/\" \/>\n<meta property=\"og:site_name\" content=\"uDestinations\" \/>\n<meta property=\"article:publisher\" content=\"https:\/\/www.facebook.com\/UDestinations.experiences\/\" \/>\n<meta property=\"article:modified_time\" content=\"2023-05-23T12:05:57+00:00\" \/>\n<meta property=\"og:image\" content=\"https:\/\/udestinations.es\/wp-content\/uploads\/2023\/01\/04-1.webp\" \/>\n\t<meta property=\"og:image:width\" content=\"1137\" \/>\n\t<meta property=\"og:image:height\" content=\"853\" \/>\n\t<meta property=\"og:image:type\" content=\"image\/webp\" \/>\n<meta name=\"twitter:card\" content=\"summary_large_image\" \/>\n<meta name=\"twitter:site\" content=\"@udestinations_\" \/>\n<meta name=\"twitter:label1\" content=\"Estimated reading time\" \/>\n\t<meta name=\"twitter:data1\" content=\"2 minutes\" \/>\n<script type=\"application\/ld+json\" class=\"yoast-schema-graph\">{\"@context\":\"https:\/\/schema.org\",\"@graph\":[{\"@type\":\"WebPage\",\"@id\":\"https:\/\/udestinations.es\/producto\/bonos-experiencia-conoce-b2\/\",\"url\":\"https:\/\/udestinations.es\/producto\/bonos-experiencia-conoce-b2\/\",\"name\":\"Bonos Experiencia (B2) - \u201cConoce\u201d\",\"isPartOf\":{\"@id\":\"https:\/\/udestinations.es\/de\/#website\"},\"primaryImageOfPage\":{\"@id\":\"https:\/\/udestinations.es\/producto\/bonos-experiencia-conoce-b2\/#primaryimage\"},\"image\":{\"@id\":\"https:\/\/udestinations.es\/producto\/bonos-experiencia-conoce-b2\/#primaryimage\"},\"thumbnailUrl\":\"https:\/\/udestinations.es\/wp-content\/uploads\/2023\/01\/04-1.webp\",\"datePublished\":\"2023-01-26T12:49:48+00:00\",\"dateModified\":\"2023-05-23T12:05:57+00:00\",\"breadcrumb\":{\"@id\":\"https:\/\/udestinations.es\/producto\/bonos-experiencia-conoce-b2\/#breadcrumb\"},\"inLanguage\":\"en-GB\",\"potentialAction\":[{\"@type\":\"ReadAction\",\"target\":[\"https:\/\/udestinations.es\/producto\/bonos-experiencia-conoce-b2\/\"]}]},{\"@type\":\"ImageObject\",\"inLanguage\":\"en-GB\",\"@id\":\"https:\/\/udestinations.es\/producto\/bonos-experiencia-conoce-b2\/#primaryimage\",\"url\":\"https:\/\/udestinations.es\/wp-content\/uploads\/2023\/01\/04-1.webp\",\"contentUrl\":\"https:\/\/udestinations.es\/wp-content\/uploads\/2023\/01\/04-1.webp\",\"width\":1137,\"height\":853},{\"@type\":\"BreadcrumbList\",\"@id\":\"https:\/\/udestinations.es\/producto\/bonos-experiencia-conoce-b2\/#breadcrumb\",\"itemListElement\":[{\"@type\":\"ListItem\",\"position\":1,\"name\":\"Tienda\",\"item\":\"https:\/\/udestinations.es\/tienda\/\"},{\"@type\":\"ListItem\",\"position\":2,\"name\":\"Bonos Experiencia (B2) &#8211; \u201cConoce\u201d\"}]},{\"@type\":\"WebSite\",\"@id\":\"https:\/\/udestinations.es\/de\/#website\",\"url\":\"https:\/\/udestinations.es\/de\/\",\"name\":\"uDestinations\",\"description\":\"\",\"potentialAction\":[{\"@type\":\"SearchAction\",\"target\":{\"@type\":\"EntryPoint\",\"urlTemplate\":\"https:\/\/udestinations.es\/de\/?s={search_term_string}\"},\"query-input\":{\"@type\":\"PropertyValueSpecification\",\"valueRequired\":true,\"valueName\":\"search_term_string\"}}],\"inLanguage\":\"en-GB\"}]}<\/script>\n<!-- \/ Yoast SEO Premium plugin. -->","yoast_head_json":{"title":"Bonos Experiencia (B2) - \u201cConoce\u201d","robots":{"index":"index","follow":"follow","max-snippet":"max-snippet:-1","max-image-preview":"max-image-preview:large","max-video-preview":"max-video-preview:-1"},"canonical":"https:\/\/udestinations.es\/en\/product\/bonos-experiencia-conoce-b2\/","og_locale":"en_GB","og_type":"article","og_title":"Bonos Experiencia (B2) - \u201cConoce\u201d","og_description":"Los Bonos Experiencias incluyen un abanico de posibilidades para elegir seg\u00fan sus gustos y aficiones, en la regi\u00f3n de Extremadura, en Espa\u00f1a y las regiones de Alentejo y Centro, en Portugal, descubriendo los territorios con mayor riqueza, menos masificados y exclusivos de la pen\u00ednsula ib\u00e9rica. Le permiten escoger libremente la experiencia que desee disfrutar con&hellip;&nbsp;Read More &raquo;Bonos Experiencia (B2) &#8211; \u201cConoce\u201d","og_url":"https:\/\/udestinations.es\/en\/product\/bonos-experiencia-conoce-b2\/","og_site_name":"uDestinations","article_publisher":"https:\/\/www.facebook.com\/UDestinations.experiences\/","article_modified_time":"2023-05-23T12:05:57+00:00","og_image":[{"width":1137,"height":853,"url":"https:\/\/udestinations.es\/wp-content\/uploads\/2023\/01\/04-1.webp","type":"image\/webp"}],"twitter_card":"summary_large_image","twitter_site":"@udestinations_","twitter_misc":{"Estimated reading time":"2 minutes"},"schema":{"@context":"https:\/\/schema.org","@graph":[{"@type":"WebPage","@id":"https:\/\/udestinations.es\/producto\/bonos-experiencia-conoce-b2\/","url":"https:\/\/udestinations.es\/producto\/bonos-experiencia-conoce-b2\/","name":"Bonos Experiencia (B2) - \u201cConoce\u201d","isPartOf":{"@id":"https:\/\/udestinations.es\/de\/#website"},"primaryImageOfPage":{"@id":"https:\/\/udestinations.es\/producto\/bonos-experiencia-conoce-b2\/#primaryimage"},"image":{"@id":"https:\/\/udestinations.es\/producto\/bonos-experiencia-conoce-b2\/#primaryimage"},"thumbnailUrl":"https:\/\/udestinations.es\/wp-content\/uploads\/2023\/01\/04-1.webp","datePublished":"2023-01-26T12:49:48+00:00","dateModified":"2023-05-23T12:05:57+00:00","breadcrumb":{"@id":"https:\/\/udestinations.es\/producto\/bonos-experiencia-conoce-b2\/#breadcrumb"},"inLanguage":"en-GB","potentialAction":[{"@type":"ReadAction","target":["https:\/\/udestinations.es\/producto\/bonos-experiencia-conoce-b2\/"]}]},{"@type":"ImageObject","inLanguage":"en-GB","@id":"https:\/\/udestinations.es\/producto\/bonos-experiencia-conoce-b2\/#primaryimage","url":"https:\/\/udestinations.es\/wp-content\/uploads\/2023\/01\/04-1.webp","contentUrl":"https:\/\/udestinations.es\/wp-content\/uploads\/2023\/01\/04-1.webp","width":1137,"height":853},{"@type":"BreadcrumbList","@id":"https:\/\/udestinations.es\/producto\/bonos-experiencia-conoce-b2\/#breadcrumb","itemListElement":[{"@type":"ListItem","position":1,"name":"Tienda","item":"https:\/\/udestinations.es\/tienda\/"},{"@type":"ListItem","position":2,"name":"Bonos Experiencia (B2) &#8211; \u201cConoce\u201d"}]},{"@type":"WebSite","@id":"https:\/\/udestinations.es\/de\/#website","url":"https:\/\/udestinations.es\/de\/","name":"uDestinations","description":"","potentialAction":[{"@type":"SearchAction","target":{"@type":"EntryPoint","urlTemplate":"https:\/\/udestinations.es\/de\/?s={search_term_string}"},"query-input":{"@type":"PropertyValueSpecification","valueRequired":true,"valueName":"search_term_string"}}],"inLanguage":"en-GB"}]}},"_links":{"self":[{"href":"https:\/\/udestinations.es\/en\/wp-json\/wp\/v2\/product\/619","targetHints":{"allow":["GET"]}}],"collection":[{"href":"https:\/\/udestinations.es\/en\/wp-json\/wp\/v2\/product"}],"about":[{"href":"https:\/\/udestinations.es\/en\/wp-json\/wp\/v2\/types\/product"}],"replies":[{"embeddable":true,"href":"https:\/\/udestinations.es\/en\/wp-json\/wp\/v2\/comments?post=619"}],"version-history":[{"count":10,"href":"https:\/\/udestinations.es\/en\/wp-json\/wp\/v2\/product\/619\/revisions"}],"predecessor-version":[{"id":9067,"href":"https:\/\/udestinations.es\/en\/wp-json\/wp\/v2\/product\/619\/revisions\/9067"}],"wp:featuredmedia":[{"embeddable":true,"href":"https:\/\/udestinations.es\/en\/wp-json\/wp\/v2\/media\/547"}],"wp:attachment":[{"href":"https:\/\/udestinations.es\/en\/wp-json\/wp\/v2\/media?parent=619"}],"wp:term":[{"taxonomy":"product_cat","embeddable":true,"href":"https:\/\/udestinations.es\/en\/wp-json\/wp\/v2\/product_cat?post=619"},{"taxonomy":"product_tag","embeddable":true,"href":"https:\/\/udestinations.es\/en\/wp-json\/wp\/v2\/product_tag?post=619"}],"curies":[{"name":"wp","href":"https:\/\/api.w.org\/{rel}","templated":true}]}}