{"id":7641,"date":"2023-03-17T09:56:10","date_gmt":"2023-03-17T09:56:10","guid":{"rendered":"https:\/\/udestinations.es\/?page_id=7641"},"modified":"2023-06-21T11:16:29","modified_gmt":"2023-06-21T11:16:29","slug":"about-us","status":"publish","type":"page","link":"https:\/\/udestinations.es\/en\/about-us\/","title":{"rendered":"About US"},"content":{"rendered":"<div data-elementor-type=\"wp-page\" data-elementor-id=\"7641\" class=\"elementor elementor-7641\" data-elementor-post-type=\"page\">\n\t\t\t\t\t\t<section data-particle_enable=\"false\" data-particle-mobile-disabled=\"false\" class=\"elementor-section elementor-top-section elementor-element elementor-element-4dd03cf elementor-section-boxed elementor-section-height-default elementor-section-height-default\" data-id=\"4dd03cf\" data-element_type=\"section\">\n\t\t\t\t\t\t<div class=\"elementor-container elementor-column-gap-default\">\n\t\t\t\t\t<div class=\"elementor-column elementor-col-100 elementor-top-column elementor-element elementor-element-ba72276\" data-id=\"ba72276\" data-element_type=\"column\">\n\t\t\t<div class=\"elementor-widget-wrap elementor-element-populated\">\n\t\t\t\t\t\t<div class=\"elementor-element elementor-element-6a345e6 fuente_dancing elementor-widget elementor-widget-heading\" data-id=\"6a345e6\" data-element_type=\"widget\" data-widget_type=\"heading.default\">\n\t\t\t\t<div class=\"elementor-widget-container\">\n\t\t\t<style>\/*! elementor - v3.23.0 - 05-08-2024 *\/\n.elementor-heading-title{padding:0;margin:0;line-height:1}.elementor-widget-heading .elementor-heading-title[class*=elementor-size-]>a{color:inherit;font-size:inherit;line-height:inherit}.elementor-widget-heading .elementor-heading-title.elementor-size-small{font-size:15px}.elementor-widget-heading .elementor-heading-title.elementor-size-medium{font-size:19px}.elementor-widget-heading .elementor-heading-title.elementor-size-large{font-size:29px}.elementor-widget-heading .elementor-heading-title.elementor-size-xl{font-size:39px}.elementor-widget-heading .elementor-heading-title.elementor-size-xxl{font-size:59px}<\/style><h2 class=\"elementor-heading-title elementor-size-default\">Add your header text here<\/h2>\t\t<\/div>\n\t\t\t\t<\/div>\n\t\t\t\t\t<\/div>\n\t\t<\/div>\n\t\t\t\t\t<\/div>\n\t\t<\/section>\n\t\t\t\t<section data-particle_enable=\"false\" data-particle-mobile-disabled=\"false\" class=\"elementor-section elementor-top-section elementor-element elementor-element-ceeabcc elementor-section-boxed elementor-section-height-default elementor-section-height-default\" data-id=\"ceeabcc\" data-element_type=\"section\">\n\t\t\t\t\t\t<div class=\"elementor-container elementor-column-gap-wider\">\n\t\t\t\t\t<div class=\"elementor-column elementor-col-50 elementor-top-column elementor-element elementor-element-eec1e33\" data-id=\"eec1e33\" data-element_type=\"column\">\n\t\t\t<div class=\"elementor-widget-wrap elementor-element-populated\">\n\t\t\t\t\t\t<div class=\"elementor-element elementor-element-1c5de8f elementor-widget elementor-widget-heading\" data-id=\"1c5de8f\" data-element_type=\"widget\" data-widget_type=\"heading.default\">\n\t\t\t\t<div class=\"elementor-widget-container\">\n\t\t\t<h2 class=\"elementor-heading-title elementor-size-default\">Why this place? <\/h2>\t\t<\/div>\n\t\t\t\t<\/div>\n\t\t\t\t<div class=\"elementor-element elementor-element-6270073 elementor-widget elementor-widget-text-editor\" data-id=\"6270073\" data-element_type=\"widget\" data-widget_type=\"text-editor.default\">\n\t\t\t\t<div class=\"elementor-widget-container\">\n\t\t\t<style>\/*! elementor - v3.23.0 - 05-08-2024 *\/\n.elementor-widget-text-editor.elementor-drop-cap-view-stacked .elementor-drop-cap{background-color:#69727d;color:#fff}.elementor-widget-text-editor.elementor-drop-cap-view-framed .elementor-drop-cap{color:#69727d;border:3px solid;background-color:transparent}.elementor-widget-text-editor:not(.elementor-drop-cap-view-default) .elementor-drop-cap{margin-top:8px}.elementor-widget-text-editor:not(.elementor-drop-cap-view-default) .elementor-drop-cap-letter{width:1em;height:1em}.elementor-widget-text-editor .elementor-drop-cap{float:left;text-align:center;line-height:1;font-size:50px}.elementor-widget-text-editor .elementor-drop-cap-letter{display:inline-block}<\/style>\t\t\t\t<p>We want to share with you our hidden treasure, a haven of peace on earth, which unites impressive places far from mass tourism with a strong past and history, cities with a high biodiversity.<\/p><p><br \/>This region is made up of cities in Spain and Portugal that share the same characteristics and a common border:<br \/>-Unspoilt and unexplored beaches and natural pools.<br \/>-Enormous biodiversity and natural parks<br \/>-Many remains and monuments: medieval and Roman cities.<br \/>-One of the most important birdwatching sites in Europe.<br \/>-Many world heritage monuments<\/p><p><br \/>So, if you are travelling to Lisbon, Madrid, Seville, Jerez, Malaga, we can get you here very easily!<\/p><p><br \/>We are committed to protecting this amazing place, which is why we want to invest in further developing this region in a sustainable way and preserving its charm.<\/p>\t\t\t\t\t\t<\/div>\n\t\t\t\t<\/div>\n\t\t\t\t<div class=\"elementor-element elementor-element-d223562 elementor-align-right elementor-widget elementor-widget-button\" data-id=\"d223562\" data-element_type=\"widget\" data-widget_type=\"button.default\">\n\t\t\t\t<div class=\"elementor-widget-container\">\n\t\t\t\t\t<div class=\"elementor-button-wrapper\">\n\t\t\t<a class=\"elementor-button elementor-button-link elementor-size-sm\" href=\"https:\/\/udestinations.es\/en\/contacto\/\">\n\t\t\t\t\t\t<span class=\"elementor-button-content-wrapper\">\n\t\t\t\t\t\t\t\t\t<span class=\"elementor-button-text\">Contact Us<\/span>\n\t\t\t\t\t<\/span>\n\t\t\t\t\t<\/a>\n\t\t<\/div>\n\t\t\t\t<\/div>\n\t\t\t\t<\/div>\n\t\t\t\t\t<\/div>\n\t\t<\/div>\n\t\t\t\t<div class=\"elementor-column elementor-col-50 elementor-top-column elementor-element elementor-element-1bf43fc\" data-id=\"1bf43fc\" data-element_type=\"column\">\n\t\t\t<div class=\"elementor-widget-wrap elementor-element-populated\">\n\t\t\t\t\t\t<div class=\"elementor-element elementor-element-49997c7 elementor-widget elementor-widget-image\" data-id=\"49997c7\" data-element_type=\"widget\" data-widget_type=\"image.default\">\n\t\t\t\t<div class=\"elementor-widget-container\">\n\t\t\t<style>\/*! elementor - v3.23.0 - 05-08-2024 *\/\n.elementor-widget-image{text-align:center}.elementor-widget-image a{display:inline-block}.elementor-widget-image a img[src$=\".svg\"]{width:48px}.elementor-widget-image img{vertical-align:middle;display:inline-block}<\/style>\t\t\t\t\t\t\t\t\t\t<img decoding=\"async\" src=\"https:\/\/static.wixstatic.com\/media\/e85f73_f2ab45bdc44144e7a3142f73aed48a08~mv2.jpg\/v1\/fill\/w_418,h_594,al_r,lg_1,q_80,enc_auto\/e85f73_f2ab45bdc44144e7a3142f73aed48a08~mv2.jpg\" title=\"\" alt=\"\" loading=\"lazy\" \/>\t\t\t\t\t\t\t\t\t\t\t\t\t<\/div>\n\t\t\t\t<\/div>\n\t\t\t\t\t<\/div>\n\t\t<\/div>\n\t\t\t\t\t<\/div>\n\t\t<\/section>\n\t\t\t\t<\/div>","protected":false},"excerpt":{"rendered":"<p>A\u00f1ade aqu\u00ed tu texto de cabecera \u00bfPor qu\u00e9 este lugar? Queremos compartir contigo nuestro tesoro escondido, remanso de paz en la tierra, que une impresionantes lugares alejados del turismo de masas con fuerte pasado e historia ciudades y con una alta biodiversidad. Esta regi\u00f3n est\u00e1 formada por ciudades de Espa\u00f1a y Portugal que comparten las&hellip;&nbsp;<a href=\"https:\/\/udestinations.es\/en\/about-us\/\" rel=\"bookmark\">Read More \"<span class=\"screen-reader-text\">About US<\/span><\/a><\/p>","protected":false},"author":7,"featured_media":0,"parent":0,"menu_order":0,"comment_status":"closed","ping_status":"closed","template":"page-templates\/template-pagebuilder-full-width.php","meta":{"_acf_changed":false,"neve_meta_sidebar":"","neve_meta_container":"","neve_meta_enable_content_width":"off","neve_meta_content_width":100,"neve_meta_title_alignment":"","neve_meta_author_avatar":"","neve_post_elements_order":"","neve_meta_disable_header":"","neve_meta_disable_footer":"","neve_meta_disable_title":"","neve_meta_reading_time":"","footnotes":""},"class_list":["post-7641","page","type-page","status-publish","hentry"],"acf":[],"yoast_head":"<!-- This site is optimized with the Yoast SEO Premium plugin v20.1 (Yoast SEO v23.8) - https:\/\/yoast.com\/wordpress\/plugins\/seo\/ -->\n<title>About US | uDestinations<\/title>\n<meta name=\"description\" content=\"A\u00f1ade aqu\u00ed tu texto de cabecera \u00bfPor qu\u00e9 este lugar? Queremos compartir contigo nuestro tesoro escondido, remanso de paz en la tierra, que une\" \/>\n<meta name=\"robots\" content=\"index, follow, max-snippet:-1, max-image-preview:large, max-video-preview:-1\" \/>\n<link rel=\"canonical\" href=\"https:\/\/udestinations.es\/en\/about-us\/\" \/>\n<meta property=\"og:locale\" content=\"en_GB\" \/>\n<meta property=\"og:type\" content=\"article\" \/>\n<meta property=\"og:title\" content=\"About US | uDestinations\" \/>\n<meta property=\"og:description\" content=\"A\u00f1ade aqu\u00ed tu texto de cabecera \u00bfPor qu\u00e9 este lugar? Queremos compartir contigo nuestro tesoro escondido, remanso de paz en la tierra, que une\" \/>\n<meta property=\"og:url\" content=\"https:\/\/udestinations.es\/en\/about-us\/\" \/>\n<meta property=\"og:site_name\" content=\"uDestinations\" \/>\n<meta property=\"article:publisher\" content=\"https:\/\/www.facebook.com\/UDestinations.experiences\/\" \/>\n<meta property=\"article:modified_time\" content=\"2023-06-21T11:16:29+00:00\" \/>\n<meta property=\"og:image\" content=\"https:\/\/static.wixstatic.com\/media\/e85f73_f2ab45bdc44144e7a3142f73aed48a08~mv2.jpg\/v1\/fill\/w_418,h_594,al_r,lg_1,q_80,enc_auto\/e85f73_f2ab45bdc44144e7a3142f73aed48a08~mv2.jpg\" \/>\n<meta name=\"twitter:card\" content=\"summary_large_image\" \/>\n<meta name=\"twitter:site\" content=\"@udestinations_\" \/>\n<meta name=\"twitter:label1\" content=\"Estimated reading time\" \/>\n\t<meta name=\"twitter:data1\" content=\"1 minute\" \/>\n<script type=\"application\/ld+json\" class=\"yoast-schema-graph\">{\"@context\":\"https:\/\/schema.org\",\"@graph\":[{\"@type\":\"WebPage\",\"@id\":\"https:\/\/udestinations.es\/about-us\/\",\"url\":\"https:\/\/udestinations.es\/about-us\/\",\"name\":\"About US | uDestinations\",\"isPartOf\":{\"@id\":\"https:\/\/udestinations.es\/de\/#website\"},\"primaryImageOfPage\":{\"@id\":\"https:\/\/udestinations.es\/about-us\/#primaryimage\"},\"image\":{\"@id\":\"https:\/\/udestinations.es\/about-us\/#primaryimage\"},\"thumbnailUrl\":\"https:\/\/static.wixstatic.com\/media\/e85f73_f2ab45bdc44144e7a3142f73aed48a08~mv2.jpg\/v1\/fill\/w_418,h_594,al_r,lg_1,q_80,enc_auto\/e85f73_f2ab45bdc44144e7a3142f73aed48a08~mv2.jpg\",\"datePublished\":\"2023-03-17T09:56:10+00:00\",\"dateModified\":\"2023-06-21T11:16:29+00:00\",\"description\":\"A\u00f1ade aqu\u00ed tu texto de cabecera \u00bfPor qu\u00e9 este lugar? Queremos compartir contigo nuestro tesoro escondido, remanso de paz en la tierra, que une\",\"inLanguage\":\"en-GB\",\"potentialAction\":[{\"@type\":\"ReadAction\",\"target\":[\"https:\/\/udestinations.es\/about-us\/\"]}]},{\"@type\":\"ImageObject\",\"inLanguage\":\"en-GB\",\"@id\":\"https:\/\/udestinations.es\/about-us\/#primaryimage\",\"url\":\"https:\/\/static.wixstatic.com\/media\/e85f73_f2ab45bdc44144e7a3142f73aed48a08~mv2.jpg\/v1\/fill\/w_418,h_594,al_r,lg_1,q_80,enc_auto\/e85f73_f2ab45bdc44144e7a3142f73aed48a08~mv2.jpg\",\"contentUrl\":\"https:\/\/static.wixstatic.com\/media\/e85f73_f2ab45bdc44144e7a3142f73aed48a08~mv2.jpg\/v1\/fill\/w_418,h_594,al_r,lg_1,q_80,enc_auto\/e85f73_f2ab45bdc44144e7a3142f73aed48a08~mv2.jpg\"},{\"@type\":\"WebSite\",\"@id\":\"https:\/\/udestinations.es\/de\/#website\",\"url\":\"https:\/\/udestinations.es\/de\/\",\"name\":\"uDestinations\",\"description\":\"\",\"potentialAction\":[{\"@type\":\"SearchAction\",\"target\":{\"@type\":\"EntryPoint\",\"urlTemplate\":\"https:\/\/udestinations.es\/de\/?s={search_term_string}\"},\"query-input\":{\"@type\":\"PropertyValueSpecification\",\"valueRequired\":true,\"valueName\":\"search_term_string\"}}],\"inLanguage\":\"en-GB\"}]}<\/script>\n<!-- \/ Yoast SEO Premium plugin. -->","yoast_head_json":{"title":"About US | uDestinations","description":"A\u00f1ade aqu\u00ed tu texto de cabecera \u00bfPor qu\u00e9 este lugar? Queremos compartir contigo nuestro tesoro escondido, remanso de paz en la tierra, que une","robots":{"index":"index","follow":"follow","max-snippet":"max-snippet:-1","max-image-preview":"max-image-preview:large","max-video-preview":"max-video-preview:-1"},"canonical":"https:\/\/udestinations.es\/en\/about-us\/","og_locale":"en_GB","og_type":"article","og_title":"About US | uDestinations","og_description":"A\u00f1ade aqu\u00ed tu texto de cabecera \u00bfPor qu\u00e9 este lugar? Queremos compartir contigo nuestro tesoro escondido, remanso de paz en la tierra, que une","og_url":"https:\/\/udestinations.es\/en\/about-us\/","og_site_name":"uDestinations","article_publisher":"https:\/\/www.facebook.com\/UDestinations.experiences\/","article_modified_time":"2023-06-21T11:16:29+00:00","og_image":[{"url":"https:\/\/static.wixstatic.com\/media\/e85f73_f2ab45bdc44144e7a3142f73aed48a08~mv2.jpg\/v1\/fill\/w_418,h_594,al_r,lg_1,q_80,enc_auto\/e85f73_f2ab45bdc44144e7a3142f73aed48a08~mv2.jpg"}],"twitter_card":"summary_large_image","twitter_site":"@udestinations_","twitter_misc":{"Estimated reading time":"1 minute"},"schema":{"@context":"https:\/\/schema.org","@graph":[{"@type":"WebPage","@id":"https:\/\/udestinations.es\/about-us\/","url":"https:\/\/udestinations.es\/about-us\/","name":"About US | uDestinations","isPartOf":{"@id":"https:\/\/udestinations.es\/de\/#website"},"primaryImageOfPage":{"@id":"https:\/\/udestinations.es\/about-us\/#primaryimage"},"image":{"@id":"https:\/\/udestinations.es\/about-us\/#primaryimage"},"thumbnailUrl":"https:\/\/static.wixstatic.com\/media\/e85f73_f2ab45bdc44144e7a3142f73aed48a08~mv2.jpg\/v1\/fill\/w_418,h_594,al_r,lg_1,q_80,enc_auto\/e85f73_f2ab45bdc44144e7a3142f73aed48a08~mv2.jpg","datePublished":"2023-03-17T09:56:10+00:00","dateModified":"2023-06-21T11:16:29+00:00","description":"A\u00f1ade aqu\u00ed tu texto de cabecera \u00bfPor qu\u00e9 este lugar? Queremos compartir contigo nuestro tesoro escondido, remanso de paz en la tierra, que une","inLanguage":"en-GB","potentialAction":[{"@type":"ReadAction","target":["https:\/\/udestinations.es\/about-us\/"]}]},{"@type":"ImageObject","inLanguage":"en-GB","@id":"https:\/\/udestinations.es\/about-us\/#primaryimage","url":"https:\/\/static.wixstatic.com\/media\/e85f73_f2ab45bdc44144e7a3142f73aed48a08~mv2.jpg\/v1\/fill\/w_418,h_594,al_r,lg_1,q_80,enc_auto\/e85f73_f2ab45bdc44144e7a3142f73aed48a08~mv2.jpg","contentUrl":"https:\/\/static.wixstatic.com\/media\/e85f73_f2ab45bdc44144e7a3142f73aed48a08~mv2.jpg\/v1\/fill\/w_418,h_594,al_r,lg_1,q_80,enc_auto\/e85f73_f2ab45bdc44144e7a3142f73aed48a08~mv2.jpg"},{"@type":"WebSite","@id":"https:\/\/udestinations.es\/de\/#website","url":"https:\/\/udestinations.es\/de\/","name":"uDestinations","description":"","potentialAction":[{"@type":"SearchAction","target":{"@type":"EntryPoint","urlTemplate":"https:\/\/udestinations.es\/de\/?s={search_term_string}"},"query-input":{"@type":"PropertyValueSpecification","valueRequired":true,"valueName":"search_term_string"}}],"inLanguage":"en-GB"}]}},"_links":{"self":[{"href":"https:\/\/udestinations.es\/en\/wp-json\/wp\/v2\/pages\/7641","targetHints":{"allow":["GET"]}}],"collection":[{"href":"https:\/\/udestinations.es\/en\/wp-json\/wp\/v2\/pages"}],"about":[{"href":"https:\/\/udestinations.es\/en\/wp-json\/wp\/v2\/types\/page"}],"author":[{"embeddable":true,"href":"https:\/\/udestinations.es\/en\/wp-json\/wp\/v2\/users\/7"}],"replies":[{"embeddable":true,"href":"https:\/\/udestinations.es\/en\/wp-json\/wp\/v2\/comments?post=7641"}],"version-history":[{"count":65,"href":"https:\/\/udestinations.es\/en\/wp-json\/wp\/v2\/pages\/7641\/revisions"}],"predecessor-version":[{"id":9575,"href":"https:\/\/udestinations.es\/en\/wp-json\/wp\/v2\/pages\/7641\/revisions\/9575"}],"wp:attachment":[{"href":"https:\/\/udestinations.es\/en\/wp-json\/wp\/v2\/media?parent=7641"}],"curies":[{"name":"wp","href":"https:\/\/api.w.org\/{rel}","templated":true}]}}