{"id":635,"date":"2023-01-26T13:27:15","date_gmt":"2023-01-26T13:27:15","guid":{"rendered":"http:\/\/test.udestinations.es\/?post_type=product&#038;p=635"},"modified":"2023-05-11T11:12:27","modified_gmt":"2023-05-11T11:12:27","slug":"guia-de-viaje-digital","status":"publish","type":"product","link":"https:\/\/udestinations.es\/de\/produkt\/guia-de-viaje-digital\/","title":{"rendered":"Digitaler Reisef\u00fchrer"},"content":{"rendered":"<p><span style=\"color: #c9e5eb;\">Reisef\u00fchrer mit lokalen Tipps, die Ihnen bei der Organisation Ihrer Reise nach Spanien und Portugal helfen:<\/span><\/p>\n<ul>\n<li><span style=\"color: #c9e5eb;\">Digitaler Reisef\u00fchrer<\/span><\/li>\n<li><span style=\"color: #c9e5eb;\">Orte, die Sie in jeder Stadt, die Sie besuchen m\u00f6chten, besuchen k\u00f6nnen.<\/span><\/li>\n<li><span style=\"color: #c9e5eb;\">Denkm\u00e4ler und bedeutende Geb\u00e4ude: Schl\u00f6sser, Kl\u00f6ster, Theater, etc.<\/span><\/li>\n<li><span style=\"color: #c9e5eb;\">\u00d6ffnungszeiten und Preise (um Ihren Besuch zu organisieren).<\/span><\/li>\n<li><span style=\"color: #c9e5eb;\">Empfehlungen f\u00fcr die Unterkunft.<\/span><\/li>\n<li><span style=\"color: #c9e5eb;\">Gastronomische Empfehlungen: verschiedene Preise und Stile in Bars und Restaurants, Weinverkostungen, Kochkurse, etc.<\/span><\/li>\n<li><span style=\"color: #c9e5eb;\">Outdoor-Aktivit\u00e4ten wie Trekking, Bootsfahrten, Hei\u00dfluftballonfl\u00fcge, Astro-Tourismus, etc.<\/span><\/li>\n<li><span style=\"color: #c9e5eb;\">Entspannungs- und Abschaltpl\u00e4ne: Spas, r\u00f6mische Thermalb\u00e4der, nat\u00fcrliche Pools, etc.<\/span><\/li>\n<li><span style=\"color: #c9e5eb;\">Aktivtourismus: Surfen, Kajakfahren, etc.<\/span><\/li>\n<li><span style=\"color: #c9e5eb;\">Routenf\u00fchrer.<\/span><\/li>\n<li><span style=\"color: #c9e5eb;\">St\u00e4dte und Gemeinden in der N\u00e4he des Reiseziels, etc.<\/span><\/li>\n<li><span style=\"color: #c9e5eb;\">&#8230;.<\/span><\/li>\n<\/ul>\n<p><span style=\"color: #c9e5eb;\">Und nat\u00fcrlich Geschichte, ber\u00fchmte Legenden, \"die Orte von Instagram\" und was man nicht verpassen sollte!<\/span><\/p>\n<p><span style=\"color: #c9e5eb;\">Jetzt verf\u00fcgbar: Lissabon | \u00c9vora | Aveiro | M\u00e9rida | C\u00e1ceres | Zafra | Herv\u00e1s | Trujillo | Route der Str\u00e4nde von S\u00fcdspanien und Portugal...<\/span><\/p>\n<p><span style=\"color: #c9e5eb;\">Demn\u00e4chst: Badajoz | Madrid<\/span><\/p>\n<p><span style=\"color: #c9e5eb;\">Wenn Sie Ihren Leitfaden in einem physischen Format w\u00fcnschen, kontaktieren Sie uns bitte.<\/span><\/p>","protected":false},"excerpt":{"rendered":"<p>Dies ist ein digitaler Reisef\u00fchrer. Er ist auf das Reiseziel, das der Kunde besuchen m\u00f6chte, zugeschnitten und enth\u00e4lt alle Informationen \u00fcber Unterk\u00fcnfte, Aktivit\u00e4ten, Restaurants usw.<\/p>","protected":false},"featured_media":529,"comment_status":"open","ping_status":"closed","template":"","meta":{"_acf_changed":false,"neve_meta_sidebar":"","neve_meta_container":"full-width","neve_meta_enable_content_width":"on","neve_meta_content_width":100,"neve_meta_title_alignment":"","neve_meta_author_avatar":"","neve_post_elements_order":"","neve_meta_disable_header":"","neve_meta_disable_footer":"","neve_meta_disable_title":"","neve_meta_reading_time":""},"product_cat":[21,22,23,24],"product_tag":[],"class_list":{"0":"post-635","1":"product","2":"type-product","3":"status-publish","4":"has-post-thumbnail","6":"product_cat-alojamientos","7":"product_cat-espana","8":"product_cat-guia","9":"product_cat-verano","11":"first","12":"instock","13":"taxable","14":"shipping-taxable","15":"purchasable","16":"product-type-variable"},"acf":[],"yoast_head":"<!-- This site is optimized with the Yoast SEO Premium plugin v20.1 (Yoast SEO v23.8) - https:\/\/yoast.com\/wordpress\/plugins\/seo\/ -->\n<title>Gu\u00eda de viaje digital<\/title>\n<meta name=\"robots\" content=\"index, follow, max-snippet:-1, max-image-preview:large, max-video-preview:-1\" \/>\n<link rel=\"canonical\" href=\"https:\/\/udestinations.es\/de\/produkt\/guia-de-viaje-digital\/\" \/>\n<meta property=\"og:locale\" content=\"de_DE\" \/>\n<meta property=\"og:type\" content=\"article\" \/>\n<meta property=\"og:title\" content=\"Gu\u00eda de viaje digital\" \/>\n<meta property=\"og:description\" content=\"Esto es una gu\u00eda de viaje digital. Es personalizada seg\u00fan el destino que quiera conocer el cliente, donde podr\u00e1 contar con toda la informaci\u00f3n sobre alojamientos, actividades que realizar, restauraci\u00f3n, etc.\" \/>\n<meta property=\"og:url\" content=\"https:\/\/udestinations.es\/de\/produkt\/guia-de-viaje-digital\/\" \/>\n<meta property=\"og:site_name\" content=\"uDestinations\" \/>\n<meta property=\"article:publisher\" content=\"https:\/\/www.facebook.com\/UDestinations.experiences\/\" \/>\n<meta property=\"article:modified_time\" content=\"2023-05-11T11:12:27+00:00\" \/>\n<meta property=\"og:image\" content=\"https:\/\/udestinations.es\/wp-content\/uploads\/2023\/01\/titulo-1-1C.webp\" \/>\n\t<meta property=\"og:image:width\" content=\"2142\" \/>\n\t<meta property=\"og:image:height\" content=\"2142\" \/>\n\t<meta property=\"og:image:type\" content=\"image\/webp\" \/>\n<meta name=\"twitter:card\" content=\"summary_large_image\" \/>\n<meta name=\"twitter:site\" content=\"@udestinations_\" \/>\n<meta name=\"twitter:label1\" content=\"Gesch\u00e4tzte Lesezeit\" \/>\n\t<meta name=\"twitter:data1\" content=\"1\u00a0Minute\" \/>\n<script type=\"application\/ld+json\" class=\"yoast-schema-graph\">{\"@context\":\"https:\/\/schema.org\",\"@graph\":[{\"@type\":\"WebPage\",\"@id\":\"https:\/\/udestinations.es\/producto\/guia-de-viaje-digital\/\",\"url\":\"https:\/\/udestinations.es\/producto\/guia-de-viaje-digital\/\",\"name\":\"Gu\u00eda de viaje digital\",\"isPartOf\":{\"@id\":\"https:\/\/udestinations.es\/de\/#website\"},\"primaryImageOfPage\":{\"@id\":\"https:\/\/udestinations.es\/producto\/guia-de-viaje-digital\/#primaryimage\"},\"image\":{\"@id\":\"https:\/\/udestinations.es\/producto\/guia-de-viaje-digital\/#primaryimage\"},\"thumbnailUrl\":\"https:\/\/udestinations.es\/wp-content\/uploads\/2023\/01\/titulo-1-1C.webp\",\"datePublished\":\"2023-01-26T13:27:15+00:00\",\"dateModified\":\"2023-05-11T11:12:27+00:00\",\"breadcrumb\":{\"@id\":\"https:\/\/udestinations.es\/producto\/guia-de-viaje-digital\/#breadcrumb\"},\"inLanguage\":\"de\",\"potentialAction\":[{\"@type\":\"ReadAction\",\"target\":[\"https:\/\/udestinations.es\/producto\/guia-de-viaje-digital\/\"]}]},{\"@type\":\"ImageObject\",\"inLanguage\":\"de\",\"@id\":\"https:\/\/udestinations.es\/producto\/guia-de-viaje-digital\/#primaryimage\",\"url\":\"https:\/\/udestinations.es\/wp-content\/uploads\/2023\/01\/titulo-1-1C.webp\",\"contentUrl\":\"https:\/\/udestinations.es\/wp-content\/uploads\/2023\/01\/titulo-1-1C.webp\",\"width\":2142,\"height\":2142},{\"@type\":\"BreadcrumbList\",\"@id\":\"https:\/\/udestinations.es\/producto\/guia-de-viaje-digital\/#breadcrumb\",\"itemListElement\":[{\"@type\":\"ListItem\",\"position\":1,\"name\":\"Tienda\",\"item\":\"https:\/\/udestinations.es\/tienda\/\"},{\"@type\":\"ListItem\",\"position\":2,\"name\":\"Gu\u00eda de viaje digital\"}]},{\"@type\":\"WebSite\",\"@id\":\"https:\/\/udestinations.es\/de\/#website\",\"url\":\"https:\/\/udestinations.es\/de\/\",\"name\":\"uDestinations\",\"description\":\"\",\"potentialAction\":[{\"@type\":\"SearchAction\",\"target\":{\"@type\":\"EntryPoint\",\"urlTemplate\":\"https:\/\/udestinations.es\/de\/?s={search_term_string}\"},\"query-input\":{\"@type\":\"PropertyValueSpecification\",\"valueRequired\":true,\"valueName\":\"search_term_string\"}}],\"inLanguage\":\"de\"}]}<\/script>\n<!-- \/ Yoast SEO Premium plugin. -->","yoast_head_json":{"title":"Gu\u00eda de viaje digital","robots":{"index":"index","follow":"follow","max-snippet":"max-snippet:-1","max-image-preview":"max-image-preview:large","max-video-preview":"max-video-preview:-1"},"canonical":"https:\/\/udestinations.es\/de\/produkt\/guia-de-viaje-digital\/","og_locale":"de_DE","og_type":"article","og_title":"Gu\u00eda de viaje digital","og_description":"Esto es una gu\u00eda de viaje digital. Es personalizada seg\u00fan el destino que quiera conocer el cliente, donde podr\u00e1 contar con toda la informaci\u00f3n sobre alojamientos, actividades que realizar, restauraci\u00f3n, etc.","og_url":"https:\/\/udestinations.es\/de\/produkt\/guia-de-viaje-digital\/","og_site_name":"uDestinations","article_publisher":"https:\/\/www.facebook.com\/UDestinations.experiences\/","article_modified_time":"2023-05-11T11:12:27+00:00","og_image":[{"width":2142,"height":2142,"url":"https:\/\/udestinations.es\/wp-content\/uploads\/2023\/01\/titulo-1-1C.webp","type":"image\/webp"}],"twitter_card":"summary_large_image","twitter_site":"@udestinations_","twitter_misc":{"Gesch\u00e4tzte Lesezeit":"1\u00a0Minute"},"schema":{"@context":"https:\/\/schema.org","@graph":[{"@type":"WebPage","@id":"https:\/\/udestinations.es\/producto\/guia-de-viaje-digital\/","url":"https:\/\/udestinations.es\/producto\/guia-de-viaje-digital\/","name":"Gu\u00eda de viaje digital","isPartOf":{"@id":"https:\/\/udestinations.es\/de\/#website"},"primaryImageOfPage":{"@id":"https:\/\/udestinations.es\/producto\/guia-de-viaje-digital\/#primaryimage"},"image":{"@id":"https:\/\/udestinations.es\/producto\/guia-de-viaje-digital\/#primaryimage"},"thumbnailUrl":"https:\/\/udestinations.es\/wp-content\/uploads\/2023\/01\/titulo-1-1C.webp","datePublished":"2023-01-26T13:27:15+00:00","dateModified":"2023-05-11T11:12:27+00:00","breadcrumb":{"@id":"https:\/\/udestinations.es\/producto\/guia-de-viaje-digital\/#breadcrumb"},"inLanguage":"de","potentialAction":[{"@type":"ReadAction","target":["https:\/\/udestinations.es\/producto\/guia-de-viaje-digital\/"]}]},{"@type":"ImageObject","inLanguage":"de","@id":"https:\/\/udestinations.es\/producto\/guia-de-viaje-digital\/#primaryimage","url":"https:\/\/udestinations.es\/wp-content\/uploads\/2023\/01\/titulo-1-1C.webp","contentUrl":"https:\/\/udestinations.es\/wp-content\/uploads\/2023\/01\/titulo-1-1C.webp","width":2142,"height":2142},{"@type":"BreadcrumbList","@id":"https:\/\/udestinations.es\/producto\/guia-de-viaje-digital\/#breadcrumb","itemListElement":[{"@type":"ListItem","position":1,"name":"Tienda","item":"https:\/\/udestinations.es\/tienda\/"},{"@type":"ListItem","position":2,"name":"Gu\u00eda de viaje digital"}]},{"@type":"WebSite","@id":"https:\/\/udestinations.es\/de\/#website","url":"https:\/\/udestinations.es\/de\/","name":"uDestinations","description":"","potentialAction":[{"@type":"SearchAction","target":{"@type":"EntryPoint","urlTemplate":"https:\/\/udestinations.es\/de\/?s={search_term_string}"},"query-input":{"@type":"PropertyValueSpecification","valueRequired":true,"valueName":"search_term_string"}}],"inLanguage":"de"}]}},"_links":{"self":[{"href":"https:\/\/udestinations.es\/de\/wp-json\/wp\/v2\/product\/635","targetHints":{"allow":["GET"]}}],"collection":[{"href":"https:\/\/udestinations.es\/de\/wp-json\/wp\/v2\/product"}],"about":[{"href":"https:\/\/udestinations.es\/de\/wp-json\/wp\/v2\/types\/product"}],"replies":[{"embeddable":true,"href":"https:\/\/udestinations.es\/de\/wp-json\/wp\/v2\/comments?post=635"}],"version-history":[{"count":15,"href":"https:\/\/udestinations.es\/de\/wp-json\/wp\/v2\/product\/635\/revisions"}],"predecessor-version":[{"id":5987,"href":"https:\/\/udestinations.es\/de\/wp-json\/wp\/v2\/product\/635\/revisions\/5987"}],"wp:featuredmedia":[{"embeddable":true,"href":"https:\/\/udestinations.es\/de\/wp-json\/wp\/v2\/media\/529"}],"wp:attachment":[{"href":"https:\/\/udestinations.es\/de\/wp-json\/wp\/v2\/media?parent=635"}],"wp:term":[{"taxonomy":"product_cat","embeddable":true,"href":"https:\/\/udestinations.es\/de\/wp-json\/wp\/v2\/product_cat?post=635"},{"taxonomy":"product_tag","embeddable":true,"href":"https:\/\/udestinations.es\/de\/wp-json\/wp\/v2\/product_tag?post=635"}],"curies":[{"name":"wp","href":"https:\/\/api.w.org\/{rel}","templated":true}]}}