{"id":626,"date":"2023-01-26T13:07:10","date_gmt":"2023-01-26T13:07:10","guid":{"rendered":"http:\/\/test.udestinations.es\/?post_type=product&#038;p=626"},"modified":"2023-03-02T12:07:04","modified_gmt":"2023-03-02T12:07:04","slug":"puesta-de-sol-con-brindis-en-alqueva","status":"publish","type":"product","link":"https:\/\/udestinations.es\/de\/produkt\/puesta-de-sol-con-brindis-en-alqueva\/","title":{"rendered":"Sonnenuntergang mit Toast in Alqueva"},"content":{"rendered":"<p><span style=\"color: #c9e5eb;\">Der Alentejo, im S\u00fcden Portugals, grenzt im Osten an Spanien und im S\u00fcden an den Atlantischen Ozean. Es ist ein Gebiet von atemberaubender landschaftlicher Sch\u00f6nheit, einem beneidenswerten arch\u00e4ologischen und ethnographischen Erbe und einer gastronomischen Exzellenz, die sich zum Beispiel in seinen Weinen zeigt.<\/span><\/p>\n<p><span style=\"color: #c9e5eb;\">Der Bereich, in dem die <strong>Alqueva See<\/strong> ist eine wenig besuchte Gegend, aber mit gro\u00dfartigen und sehr interessanten touristischen Alternativen. Es handelt sich um den gr\u00f6\u00dften k\u00fcnstlichen See Westeuropas mit einer Wasserfl\u00e4che von mehr als\u00a0<strong>250km\u00b2 (250km\u00b2)<\/strong>.<\/span><\/p>\n<p><span style=\"color: #c9e5eb;\">Es ist so gro\u00df, dass es f\u00fcr alles genutzt werden kann, vom Wassersport bis hin zu Kreuzfahrten, als ob es \"offshore\" w\u00e4re.<\/span><\/p>\n<p><span style=\"color: #c9e5eb;\"><strong>Genie\u00dfen Sie ein 1,30-st\u00fcndiges Segelerlebnis, um einen ganz besonderen Sonnenuntergang vom Wasser aus mit einem guten Wein aus der Region zu erleben.<\/strong><\/span><\/p>","protected":false},"excerpt":{"rendered":"<p>El Alentejo, al sur de Portugal, limita al este con Espa\u00f1a y al sur con el oc\u00e9ano Atl\u00e1ntico. Se trata de una zona con una belleza paisaj\u00edstica impresionante, un patrimonio arqueol\u00f3gico y etnogr\u00e1fico envidiable y una excelencia gastron\u00f3mica que puede verse, por ejemplo, a trav\u00e9s de sus vinos. La zona donde se encuentra el lago&hellip;&nbsp;<a href=\"https:\/\/udestinations.es\/de\/produkt\/puesta-de-sol-con-brindis-en-alqueva\/\" rel=\"bookmark\">Weiterlesen \"<span class=\"screen-reader-text\">Sonnenuntergang mit Toast in Alqueva<\/span><\/a><\/p>","protected":false},"featured_media":544,"comment_status":"open","ping_status":"closed","template":"","meta":{"_acf_changed":false,"neve_meta_sidebar":"","neve_meta_container":"","neve_meta_enable_content_width":"off","neve_meta_content_width":100,"neve_meta_title_alignment":"","neve_meta_author_avatar":"","neve_post_elements_order":"","neve_meta_disable_header":"","neve_meta_disable_footer":"","neve_meta_disable_title":"","neve_meta_reading_time":""},"product_cat":[31,35,24],"product_tag":[],"class_list":{"0":"post-626","1":"product","2":"type-product","3":"status-publish","4":"has-post-thumbnail","6":"product_cat-experiencias-al-aire-libre","7":"product_cat-recorrido-fotografico","8":"product_cat-verano","10":"first","11":"instock","12":"taxable","13":"shipping-taxable","14":"purchasable","15":"product-type-simple"},"acf":[],"yoast_head":"<!-- This site is optimized with the Yoast SEO Premium plugin v20.1 (Yoast SEO v23.8) - https:\/\/yoast.com\/wordpress\/plugins\/seo\/ -->\n<title>Puesta de sol con brindis en Alqueva<\/title>\n<meta name=\"robots\" content=\"index, follow, max-snippet:-1, max-image-preview:large, max-video-preview:-1\" \/>\n<link rel=\"canonical\" href=\"https:\/\/udestinations.es\/de\/produkt\/puesta-de-sol-con-brindis-en-alqueva\/\" \/>\n<meta property=\"og:locale\" content=\"de_DE\" \/>\n<meta property=\"og:type\" content=\"article\" \/>\n<meta property=\"og:title\" content=\"Puesta de sol con brindis en Alqueva\" \/>\n<meta property=\"og:description\" content=\"El Alentejo, al sur de Portugal, limita al este con Espa\u00f1a y al sur con el oc\u00e9ano Atl\u00e1ntico. Se trata de una zona con una belleza paisaj\u00edstica impresionante, un patrimonio arqueol\u00f3gico y etnogr\u00e1fico envidiable y una excelencia gastron\u00f3mica que puede verse, por ejemplo, a trav\u00e9s de sus vinos. La zona donde se encuentra el lago&hellip;&nbsp;Weiterlesen &raquo;Puesta de sol con brindis en Alqueva\" \/>\n<meta property=\"og:url\" content=\"https:\/\/udestinations.es\/de\/produkt\/puesta-de-sol-con-brindis-en-alqueva\/\" \/>\n<meta property=\"og:site_name\" content=\"uDestinations\" \/>\n<meta property=\"article:publisher\" content=\"https:\/\/www.facebook.com\/UDestinations.experiences\/\" \/>\n<meta property=\"article:modified_time\" content=\"2023-03-02T12:07:04+00:00\" \/>\n<meta property=\"og:image\" content=\"https:\/\/udestinations.es\/wp-content\/uploads\/2023\/01\/3.PUESTA-DE-SOL-CON-BRINDIS.webp\" \/>\n\t<meta property=\"og:image:width\" content=\"640\" \/>\n\t<meta property=\"og:image:height\" content=\"382\" \/>\n\t<meta property=\"og:image:type\" content=\"image\/webp\" \/>\n<meta name=\"twitter:card\" content=\"summary_large_image\" \/>\n<meta name=\"twitter:site\" content=\"@udestinations_\" \/>\n<meta name=\"twitter:label1\" content=\"Gesch\u00e4tzte Lesezeit\" \/>\n\t<meta name=\"twitter:data1\" content=\"1\u00a0Minute\" \/>\n<script type=\"application\/ld+json\" class=\"yoast-schema-graph\">{\"@context\":\"https:\/\/schema.org\",\"@graph\":[{\"@type\":\"WebPage\",\"@id\":\"https:\/\/udestinations.es\/producto\/puesta-de-sol-con-brindis-en-alqueva\/\",\"url\":\"https:\/\/udestinations.es\/producto\/puesta-de-sol-con-brindis-en-alqueva\/\",\"name\":\"Puesta de sol con brindis en Alqueva\",\"isPartOf\":{\"@id\":\"https:\/\/udestinations.es\/de\/#website\"},\"primaryImageOfPage\":{\"@id\":\"https:\/\/udestinations.es\/producto\/puesta-de-sol-con-brindis-en-alqueva\/#primaryimage\"},\"image\":{\"@id\":\"https:\/\/udestinations.es\/producto\/puesta-de-sol-con-brindis-en-alqueva\/#primaryimage\"},\"thumbnailUrl\":\"https:\/\/udestinations.es\/wp-content\/uploads\/2023\/01\/3.PUESTA-DE-SOL-CON-BRINDIS.webp\",\"datePublished\":\"2023-01-26T13:07:10+00:00\",\"dateModified\":\"2023-03-02T12:07:04+00:00\",\"breadcrumb\":{\"@id\":\"https:\/\/udestinations.es\/producto\/puesta-de-sol-con-brindis-en-alqueva\/#breadcrumb\"},\"inLanguage\":\"de\",\"potentialAction\":[{\"@type\":\"ReadAction\",\"target\":[\"https:\/\/udestinations.es\/producto\/puesta-de-sol-con-brindis-en-alqueva\/\"]}]},{\"@type\":\"ImageObject\",\"inLanguage\":\"de\",\"@id\":\"https:\/\/udestinations.es\/producto\/puesta-de-sol-con-brindis-en-alqueva\/#primaryimage\",\"url\":\"https:\/\/udestinations.es\/wp-content\/uploads\/2023\/01\/3.PUESTA-DE-SOL-CON-BRINDIS.webp\",\"contentUrl\":\"https:\/\/udestinations.es\/wp-content\/uploads\/2023\/01\/3.PUESTA-DE-SOL-CON-BRINDIS.webp\",\"width\":640,\"height\":382},{\"@type\":\"BreadcrumbList\",\"@id\":\"https:\/\/udestinations.es\/producto\/puesta-de-sol-con-brindis-en-alqueva\/#breadcrumb\",\"itemListElement\":[{\"@type\":\"ListItem\",\"position\":1,\"name\":\"Tienda\",\"item\":\"https:\/\/udestinations.es\/tienda\/\"},{\"@type\":\"ListItem\",\"position\":2,\"name\":\"Puesta de sol con brindis en Alqueva\"}]},{\"@type\":\"WebSite\",\"@id\":\"https:\/\/udestinations.es\/de\/#website\",\"url\":\"https:\/\/udestinations.es\/de\/\",\"name\":\"uDestinations\",\"description\":\"\",\"potentialAction\":[{\"@type\":\"SearchAction\",\"target\":{\"@type\":\"EntryPoint\",\"urlTemplate\":\"https:\/\/udestinations.es\/de\/?s={search_term_string}\"},\"query-input\":{\"@type\":\"PropertyValueSpecification\",\"valueRequired\":true,\"valueName\":\"search_term_string\"}}],\"inLanguage\":\"de\"}]}<\/script>\n<!-- \/ Yoast SEO Premium plugin. -->","yoast_head_json":{"title":"Puesta de sol con brindis en Alqueva","robots":{"index":"index","follow":"follow","max-snippet":"max-snippet:-1","max-image-preview":"max-image-preview:large","max-video-preview":"max-video-preview:-1"},"canonical":"https:\/\/udestinations.es\/de\/produkt\/puesta-de-sol-con-brindis-en-alqueva\/","og_locale":"de_DE","og_type":"article","og_title":"Puesta de sol con brindis en Alqueva","og_description":"El Alentejo, al sur de Portugal, limita al este con Espa\u00f1a y al sur con el oc\u00e9ano Atl\u00e1ntico. Se trata de una zona con una belleza paisaj\u00edstica impresionante, un patrimonio arqueol\u00f3gico y etnogr\u00e1fico envidiable y una excelencia gastron\u00f3mica que puede verse, por ejemplo, a trav\u00e9s de sus vinos. La zona donde se encuentra el lago&hellip;&nbsp;Weiterlesen &raquo;Puesta de sol con brindis en Alqueva","og_url":"https:\/\/udestinations.es\/de\/produkt\/puesta-de-sol-con-brindis-en-alqueva\/","og_site_name":"uDestinations","article_publisher":"https:\/\/www.facebook.com\/UDestinations.experiences\/","article_modified_time":"2023-03-02T12:07:04+00:00","og_image":[{"width":640,"height":382,"url":"https:\/\/udestinations.es\/wp-content\/uploads\/2023\/01\/3.PUESTA-DE-SOL-CON-BRINDIS.webp","type":"image\/webp"}],"twitter_card":"summary_large_image","twitter_site":"@udestinations_","twitter_misc":{"Gesch\u00e4tzte Lesezeit":"1\u00a0Minute"},"schema":{"@context":"https:\/\/schema.org","@graph":[{"@type":"WebPage","@id":"https:\/\/udestinations.es\/producto\/puesta-de-sol-con-brindis-en-alqueva\/","url":"https:\/\/udestinations.es\/producto\/puesta-de-sol-con-brindis-en-alqueva\/","name":"Puesta de sol con brindis en Alqueva","isPartOf":{"@id":"https:\/\/udestinations.es\/de\/#website"},"primaryImageOfPage":{"@id":"https:\/\/udestinations.es\/producto\/puesta-de-sol-con-brindis-en-alqueva\/#primaryimage"},"image":{"@id":"https:\/\/udestinations.es\/producto\/puesta-de-sol-con-brindis-en-alqueva\/#primaryimage"},"thumbnailUrl":"https:\/\/udestinations.es\/wp-content\/uploads\/2023\/01\/3.PUESTA-DE-SOL-CON-BRINDIS.webp","datePublished":"2023-01-26T13:07:10+00:00","dateModified":"2023-03-02T12:07:04+00:00","breadcrumb":{"@id":"https:\/\/udestinations.es\/producto\/puesta-de-sol-con-brindis-en-alqueva\/#breadcrumb"},"inLanguage":"de","potentialAction":[{"@type":"ReadAction","target":["https:\/\/udestinations.es\/producto\/puesta-de-sol-con-brindis-en-alqueva\/"]}]},{"@type":"ImageObject","inLanguage":"de","@id":"https:\/\/udestinations.es\/producto\/puesta-de-sol-con-brindis-en-alqueva\/#primaryimage","url":"https:\/\/udestinations.es\/wp-content\/uploads\/2023\/01\/3.PUESTA-DE-SOL-CON-BRINDIS.webp","contentUrl":"https:\/\/udestinations.es\/wp-content\/uploads\/2023\/01\/3.PUESTA-DE-SOL-CON-BRINDIS.webp","width":640,"height":382},{"@type":"BreadcrumbList","@id":"https:\/\/udestinations.es\/producto\/puesta-de-sol-con-brindis-en-alqueva\/#breadcrumb","itemListElement":[{"@type":"ListItem","position":1,"name":"Tienda","item":"https:\/\/udestinations.es\/tienda\/"},{"@type":"ListItem","position":2,"name":"Puesta de sol con brindis en Alqueva"}]},{"@type":"WebSite","@id":"https:\/\/udestinations.es\/de\/#website","url":"https:\/\/udestinations.es\/de\/","name":"uDestinations","description":"","potentialAction":[{"@type":"SearchAction","target":{"@type":"EntryPoint","urlTemplate":"https:\/\/udestinations.es\/de\/?s={search_term_string}"},"query-input":{"@type":"PropertyValueSpecification","valueRequired":true,"valueName":"search_term_string"}}],"inLanguage":"de"}]}},"_links":{"self":[{"href":"https:\/\/udestinations.es\/de\/wp-json\/wp\/v2\/product\/626","targetHints":{"allow":["GET"]}}],"collection":[{"href":"https:\/\/udestinations.es\/de\/wp-json\/wp\/v2\/product"}],"about":[{"href":"https:\/\/udestinations.es\/de\/wp-json\/wp\/v2\/types\/product"}],"replies":[{"embeddable":true,"href":"https:\/\/udestinations.es\/de\/wp-json\/wp\/v2\/comments?post=626"}],"version-history":[{"count":1,"href":"https:\/\/udestinations.es\/de\/wp-json\/wp\/v2\/product\/626\/revisions"}],"predecessor-version":[{"id":628,"href":"https:\/\/udestinations.es\/de\/wp-json\/wp\/v2\/product\/626\/revisions\/628"}],"wp:featuredmedia":[{"embeddable":true,"href":"https:\/\/udestinations.es\/de\/wp-json\/wp\/v2\/media\/544"}],"wp:attachment":[{"href":"https:\/\/udestinations.es\/de\/wp-json\/wp\/v2\/media?parent=626"}],"wp:term":[{"taxonomy":"product_cat","embeddable":true,"href":"https:\/\/udestinations.es\/de\/wp-json\/wp\/v2\/product_cat?post=626"},{"taxonomy":"product_tag","embeddable":true,"href":"https:\/\/udestinations.es\/de\/wp-json\/wp\/v2\/product_tag?post=626"}],"curies":[{"name":"wp","href":"https:\/\/api.w.org\/{rel}","templated":true}]}}