{"id":622,"date":"2023-01-26T12:54:35","date_gmt":"2023-01-26T12:54:35","guid":{"rendered":"http:\/\/test.udestinations.es\/?post_type=product&#038;p=622"},"modified":"2024-11-26T20:09:49","modified_gmt":"2024-11-26T20:09:49","slug":"bonos-experiencia-vive-b3","status":"publish","type":"product","link":"https:\/\/udestinations.es\/de\/produkt\/bonos-experiencia-vive-b3\/","title":{"rendered":"Erfahrung Anleihen (B3) - \"Vive\" (Live)"},"content":{"rendered":"<p><span style=\"color: #c9e5eb;\">Die Erlebnisgutscheine umfassen eine Reihe von M\u00f6glichkeiten, aus denen Sie je nach Ihrem Geschmack und Ihren Interessen w\u00e4hlen k\u00f6nnen, in der Region Extremadura in Spanien und den Regionen Alentejo und Centro in Portugal, um die reichsten, am wenigsten \u00fcberlaufenen und exklusivsten Gebiete der Iberischen Halbinsel zu entdecken. Sie k\u00f6nnen frei w\u00e4hlen, welche Erfahrung Sie machen m\u00f6chten: gastronomische, historische, kulturelle, entspannende oder Natur- und Outdoor-Aktivit\u00e4ten, um nur einige zu nennen.<\/span><\/p>\n<p><span style=\"color: #c9e5eb;\">Alle Gutscheine in der Kategorie \"Vive\" enthalten f\u00fcr 2 Personen:<\/span><\/p>\n<ul>\n<li><span style=\"color: #c9e5eb;\">Eine \u00dcbernachtung in einer erstklassigen Unterkunft, die auf Komfort, Sicherheit und exquisite Behandlung des Reisenden ausgerichtet ist, auf Basis von \u00dcbernachtung und Fr\u00fchst\u00fcck.<\/span><\/li>\n<li><span style=\"color: #c9e5eb;\">Mindestens 1 exklusives Erlebnis zur Auswahl, das Sie als Paar genie\u00dfen k\u00f6nnen (alle verf\u00fcgbaren Erlebnisse finden Sie in unserem Abschnitt \"Informationen und Einschr\u00e4nkungen\"). .<\/span><\/li>\n<\/ul>\n<p><span style=\"color: #c9e5eb;\">Diese Gutscheine sind ideal, um sie an unsere Lieben zu verschenken und sie in aller Ruhe zu genie\u00dfen, da sie das ganze Jahr \u00fcber eingel\u00f6st werden k\u00f6nnen. Nutzen Sie den Dezember, um Ihren Liebsten ein Erlebnis zu schenken! Schauen Sie in der Rubrik PROMOTIONEN &amp; DISKONTE nach.<\/span><\/p>\n<p><span style=\"color: #c9e5eb;\">Wir arbeiten noch daran, weitere Optionen in diese Kategorie aufzunehmen, damit Sie in den vollen Genuss kommen. Wir laden Sie ein, die \u00fcbrigen Erlebnisgutscheine, die in unserem Shop erh\u00e4ltlich sind, zu pr\u00fcfen (besuchen Sie die Erlebnisgutscheine \"Conoce\" und \"Vive\") und diese wunderbaren Gegenden von uns zu entdecken.<\/span><\/p>\n<p><span style=\"color: #c9e5eb;\">Extremadura ist eine der am wenigsten bekannten Regionen Spaniens, aber sie verf\u00fcgt \u00fcber ein gro\u00dfartiges historisches und kulturelles Erbe und unglaubliche Naturr\u00e4ume, sowie eine gro\u00dfe gastronomische Tradition und Vielfalt.<\/span><\/p>\n<p><span style=\"color: #c9e5eb;\">Der Alentejo im S\u00fcden Portugals bietet dank seiner Str\u00e4nde eine atemberaubende landschaftliche Sch\u00f6nheit, ein beneidenswertes arch\u00e4ologisches und \u00f6nologisches Erbe und eine ausgezeichnete Gastronomie. Centro ist eine Region voller Kontraste mit gro\u00dfen Bergen im Landesinneren und traditionellen Fischerd\u00f6rfern und Str\u00e4nden am Meer, die f\u00fcr ihre Wellen ber\u00fchmt sind.<\/span><\/p>\n<p><span style=\"color: #c9e5eb;\"><strong>Denken Sie daran, dass Sie den Erlebnisgutschein kaufen k\u00f6nnen, wann immer Sie wollen, und dass Sie ihn das ganze Jahr \u00fcber einl\u00f6sen k\u00f6nnen.<\/strong><\/span><\/p>","protected":false},"excerpt":{"rendered":"<p>Die Erlebnisgutscheine umfassen eine Reihe von M\u00f6glichkeiten, aus denen Sie je nach Ihrem Geschmack und Ihren Interessen w\u00e4hlen k\u00f6nnen. In der Region Extremadura in Spanien und den Regionen Alentejo und Centro in Portugal entdecken Sie die reichsten, am wenigsten \u00fcberlaufenen und exklusivsten Gebiete der Iberischen Halbinsel. Sie k\u00f6nnen frei w\u00e4hlen, welche Erfahrung Sie machen m\u00f6chten...&nbsp;<a href=\"https:\/\/udestinations.es\/de\/produkt\/bonos-experiencia-vive-b3\/\" rel=\"bookmark\">Weiterlesen \"<span class=\"screen-reader-text\">Erfahrung Anleihen (B3) - \"Vive\" (Live)<\/span><\/a><\/p>","protected":false},"featured_media":568,"comment_status":"open","ping_status":"closed","template":"","meta":{"_acf_changed":false,"neve_meta_sidebar":"","neve_meta_container":"","neve_meta_enable_content_width":"off","neve_meta_content_width":100,"neve_meta_title_alignment":"","neve_meta_author_avatar":"","neve_post_elements_order":"","neve_meta_disable_header":"","neve_meta_disable_footer":"","neve_meta_disable_title":"","neve_meta_reading_time":""},"product_cat":[25,22,31,26,32,33],"product_tag":[],"class_list":{"0":"post-622","1":"product","2":"type-product","3":"status-publish","4":"has-post-thumbnail","6":"product_cat-cata-de-quesos","7":"product_cat-espana","8":"product_cat-experiencias-al-aire-libre","9":"product_cat-experiencias-romanticas","10":"product_cat-globo-aerostatico","11":"product_cat-rutas-de-las-bodegas-y-cata-de-vinos","13":"first","14":"instock","15":"taxable","16":"shipping-taxable","17":"purchasable","18":"product-type-variable"},"acf":[],"yoast_head":"<!-- This site is optimized with the Yoast SEO Premium plugin v20.1 (Yoast SEO v23.8) - https:\/\/yoast.com\/wordpress\/plugins\/seo\/ -->\n<title>Bonos Experiencia (B3) - \u201cVive\u201d<\/title>\n<meta name=\"robots\" content=\"index, follow, max-snippet:-1, max-image-preview:large, max-video-preview:-1\" \/>\n<link rel=\"canonical\" href=\"https:\/\/udestinations.es\/de\/produkt\/bonos-experiencia-vive-b3\/\" \/>\n<meta property=\"og:locale\" content=\"de_DE\" \/>\n<meta property=\"og:type\" content=\"article\" \/>\n<meta property=\"og:title\" content=\"Bonos Experiencia (B3) - \u201cVive\u201d\" \/>\n<meta property=\"og:description\" content=\"Los Bonos Experiencias incluyen un abanico de posibilidades para elegir seg\u00fan sus gustos y aficiones, en la regi\u00f3n de Extremadura, en Espa\u00f1a y las regiones de Alentejo y Centro, en Portugal, descubriendo los territorios con mayor riqueza, menos masificados y exclusivos de la pen\u00ednsula ib\u00e9rica. Le permiten escoger libremente la experiencia que desee disfrutar con&hellip;&nbsp;Weiterlesen &raquo;Bonos Experiencia (B3) &#8211; \u201cVive\u201d\" \/>\n<meta property=\"og:url\" content=\"https:\/\/udestinations.es\/de\/produkt\/bonos-experiencia-vive-b3\/\" \/>\n<meta property=\"og:site_name\" content=\"uDestinations\" \/>\n<meta property=\"article:publisher\" content=\"https:\/\/www.facebook.com\/UDestinations.experiences\/\" \/>\n<meta property=\"article:modified_time\" content=\"2024-11-26T20:09:49+00:00\" \/>\n<meta property=\"og:image\" content=\"https:\/\/udestinations.es\/wp-content\/uploads\/2023\/01\/B3-GLOBO2.webp\" \/>\n\t<meta property=\"og:image:width\" content=\"890\" \/>\n\t<meta property=\"og:image:height\" content=\"960\" \/>\n\t<meta property=\"og:image:type\" content=\"image\/webp\" \/>\n<meta name=\"twitter:card\" content=\"summary_large_image\" \/>\n<meta name=\"twitter:site\" content=\"@udestinations_\" \/>\n<meta name=\"twitter:label1\" content=\"Gesch\u00e4tzte Lesezeit\" \/>\n\t<meta name=\"twitter:data1\" content=\"2\u00a0Minuten\" \/>\n<script type=\"application\/ld+json\" class=\"yoast-schema-graph\">{\"@context\":\"https:\/\/schema.org\",\"@graph\":[{\"@type\":\"WebPage\",\"@id\":\"https:\/\/udestinations.es\/producto\/bonos-experiencia-vive-b3\/\",\"url\":\"https:\/\/udestinations.es\/producto\/bonos-experiencia-vive-b3\/\",\"name\":\"Bonos Experiencia (B3) - \u201cVive\u201d\",\"isPartOf\":{\"@id\":\"https:\/\/udestinations.es\/de\/#website\"},\"primaryImageOfPage\":{\"@id\":\"https:\/\/udestinations.es\/producto\/bonos-experiencia-vive-b3\/#primaryimage\"},\"image\":{\"@id\":\"https:\/\/udestinations.es\/producto\/bonos-experiencia-vive-b3\/#primaryimage\"},\"thumbnailUrl\":\"https:\/\/udestinations.es\/wp-content\/uploads\/2023\/01\/B3-GLOBO2.webp\",\"datePublished\":\"2023-01-26T12:54:35+00:00\",\"dateModified\":\"2024-11-26T20:09:49+00:00\",\"breadcrumb\":{\"@id\":\"https:\/\/udestinations.es\/producto\/bonos-experiencia-vive-b3\/#breadcrumb\"},\"inLanguage\":\"de\",\"potentialAction\":[{\"@type\":\"ReadAction\",\"target\":[\"https:\/\/udestinations.es\/producto\/bonos-experiencia-vive-b3\/\"]}]},{\"@type\":\"ImageObject\",\"inLanguage\":\"de\",\"@id\":\"https:\/\/udestinations.es\/producto\/bonos-experiencia-vive-b3\/#primaryimage\",\"url\":\"https:\/\/udestinations.es\/wp-content\/uploads\/2023\/01\/B3-GLOBO2.webp\",\"contentUrl\":\"https:\/\/udestinations.es\/wp-content\/uploads\/2023\/01\/B3-GLOBO2.webp\",\"width\":890,\"height\":960},{\"@type\":\"BreadcrumbList\",\"@id\":\"https:\/\/udestinations.es\/producto\/bonos-experiencia-vive-b3\/#breadcrumb\",\"itemListElement\":[{\"@type\":\"ListItem\",\"position\":1,\"name\":\"Tienda\",\"item\":\"https:\/\/udestinations.es\/tienda\/\"},{\"@type\":\"ListItem\",\"position\":2,\"name\":\"Bonos Experiencia (B3) &#8211; \u201cVive\u201d\"}]},{\"@type\":\"WebSite\",\"@id\":\"https:\/\/udestinations.es\/de\/#website\",\"url\":\"https:\/\/udestinations.es\/de\/\",\"name\":\"uDestinations\",\"description\":\"\",\"potentialAction\":[{\"@type\":\"SearchAction\",\"target\":{\"@type\":\"EntryPoint\",\"urlTemplate\":\"https:\/\/udestinations.es\/de\/?s={search_term_string}\"},\"query-input\":{\"@type\":\"PropertyValueSpecification\",\"valueRequired\":true,\"valueName\":\"search_term_string\"}}],\"inLanguage\":\"de\"}]}<\/script>\n<!-- \/ Yoast SEO Premium plugin. -->","yoast_head_json":{"title":"Bonos Experiencia (B3) - \u201cVive\u201d","robots":{"index":"index","follow":"follow","max-snippet":"max-snippet:-1","max-image-preview":"max-image-preview:large","max-video-preview":"max-video-preview:-1"},"canonical":"https:\/\/udestinations.es\/de\/produkt\/bonos-experiencia-vive-b3\/","og_locale":"de_DE","og_type":"article","og_title":"Bonos Experiencia (B3) - \u201cVive\u201d","og_description":"Los Bonos Experiencias incluyen un abanico de posibilidades para elegir seg\u00fan sus gustos y aficiones, en la regi\u00f3n de Extremadura, en Espa\u00f1a y las regiones de Alentejo y Centro, en Portugal, descubriendo los territorios con mayor riqueza, menos masificados y exclusivos de la pen\u00ednsula ib\u00e9rica. Le permiten escoger libremente la experiencia que desee disfrutar con&hellip;&nbsp;Weiterlesen &raquo;Bonos Experiencia (B3) &#8211; \u201cVive\u201d","og_url":"https:\/\/udestinations.es\/de\/produkt\/bonos-experiencia-vive-b3\/","og_site_name":"uDestinations","article_publisher":"https:\/\/www.facebook.com\/UDestinations.experiences\/","article_modified_time":"2024-11-26T20:09:49+00:00","og_image":[{"width":890,"height":960,"url":"https:\/\/udestinations.es\/wp-content\/uploads\/2023\/01\/B3-GLOBO2.webp","type":"image\/webp"}],"twitter_card":"summary_large_image","twitter_site":"@udestinations_","twitter_misc":{"Gesch\u00e4tzte Lesezeit":"2\u00a0Minuten"},"schema":{"@context":"https:\/\/schema.org","@graph":[{"@type":"WebPage","@id":"https:\/\/udestinations.es\/producto\/bonos-experiencia-vive-b3\/","url":"https:\/\/udestinations.es\/producto\/bonos-experiencia-vive-b3\/","name":"Bonos Experiencia (B3) - \u201cVive\u201d","isPartOf":{"@id":"https:\/\/udestinations.es\/de\/#website"},"primaryImageOfPage":{"@id":"https:\/\/udestinations.es\/producto\/bonos-experiencia-vive-b3\/#primaryimage"},"image":{"@id":"https:\/\/udestinations.es\/producto\/bonos-experiencia-vive-b3\/#primaryimage"},"thumbnailUrl":"https:\/\/udestinations.es\/wp-content\/uploads\/2023\/01\/B3-GLOBO2.webp","datePublished":"2023-01-26T12:54:35+00:00","dateModified":"2024-11-26T20:09:49+00:00","breadcrumb":{"@id":"https:\/\/udestinations.es\/producto\/bonos-experiencia-vive-b3\/#breadcrumb"},"inLanguage":"de","potentialAction":[{"@type":"ReadAction","target":["https:\/\/udestinations.es\/producto\/bonos-experiencia-vive-b3\/"]}]},{"@type":"ImageObject","inLanguage":"de","@id":"https:\/\/udestinations.es\/producto\/bonos-experiencia-vive-b3\/#primaryimage","url":"https:\/\/udestinations.es\/wp-content\/uploads\/2023\/01\/B3-GLOBO2.webp","contentUrl":"https:\/\/udestinations.es\/wp-content\/uploads\/2023\/01\/B3-GLOBO2.webp","width":890,"height":960},{"@type":"BreadcrumbList","@id":"https:\/\/udestinations.es\/producto\/bonos-experiencia-vive-b3\/#breadcrumb","itemListElement":[{"@type":"ListItem","position":1,"name":"Tienda","item":"https:\/\/udestinations.es\/tienda\/"},{"@type":"ListItem","position":2,"name":"Bonos Experiencia (B3) &#8211; \u201cVive\u201d"}]},{"@type":"WebSite","@id":"https:\/\/udestinations.es\/de\/#website","url":"https:\/\/udestinations.es\/de\/","name":"uDestinations","description":"","potentialAction":[{"@type":"SearchAction","target":{"@type":"EntryPoint","urlTemplate":"https:\/\/udestinations.es\/de\/?s={search_term_string}"},"query-input":{"@type":"PropertyValueSpecification","valueRequired":true,"valueName":"search_term_string"}}],"inLanguage":"de"}]}},"_links":{"self":[{"href":"https:\/\/udestinations.es\/de\/wp-json\/wp\/v2\/product\/622","targetHints":{"allow":["GET"]}}],"collection":[{"href":"https:\/\/udestinations.es\/de\/wp-json\/wp\/v2\/product"}],"about":[{"href":"https:\/\/udestinations.es\/de\/wp-json\/wp\/v2\/types\/product"}],"replies":[{"embeddable":true,"href":"https:\/\/udestinations.es\/de\/wp-json\/wp\/v2\/comments?post=622"}],"version-history":[{"count":7,"href":"https:\/\/udestinations.es\/de\/wp-json\/wp\/v2\/product\/622\/revisions"}],"predecessor-version":[{"id":10526,"href":"https:\/\/udestinations.es\/de\/wp-json\/wp\/v2\/product\/622\/revisions\/10526"}],"wp:featuredmedia":[{"embeddable":true,"href":"https:\/\/udestinations.es\/de\/wp-json\/wp\/v2\/media\/568"}],"wp:attachment":[{"href":"https:\/\/udestinations.es\/de\/wp-json\/wp\/v2\/media?parent=622"}],"wp:term":[{"taxonomy":"product_cat","embeddable":true,"href":"https:\/\/udestinations.es\/de\/wp-json\/wp\/v2\/product_cat?post=622"},{"taxonomy":"product_tag","embeddable":true,"href":"https:\/\/udestinations.es\/de\/wp-json\/wp\/v2\/product_tag?post=622"}],"curies":[{"name":"wp","href":"https:\/\/api.w.org\/{rel}","templated":true}]}}