{"id":619,"date":"2023-01-26T12:49:48","date_gmt":"2023-01-26T12:49:48","guid":{"rendered":"http:\/\/test.udestinations.es\/?post_type=product&#038;p=619"},"modified":"2023-05-23T12:05:57","modified_gmt":"2023-05-23T12:05:57","slug":"bonos-experiencia-conoce-b2","status":"publish","type":"product","link":"https:\/\/udestinations.es\/de\/produkt\/bonos-experiencia-conoce-b2\/","title":{"rendered":"Erfahrungsbonus (B2) - \"Kennenlernen\"."},"content":{"rendered":"<p><span style=\"color: #c9e5eb;\">Die Erlebnisgutscheine umfassen eine Reihe von M\u00f6glichkeiten, aus denen Sie je nach Ihrem Geschmack und Ihren Interessen w\u00e4hlen k\u00f6nnen, in der Region Extremadura in Spanien und den Regionen Alentejo und Centro in Portugal, um die reichsten, am wenigsten \u00fcberlaufenen und exklusivsten Gebiete der Iberischen Halbinsel zu entdecken. Sie k\u00f6nnen frei w\u00e4hlen, welche Erfahrung Sie machen m\u00f6chten: gastronomische, historische, kulturelle, entspannende oder Natur- und Outdoor-Aktivit\u00e4ten, um nur einige zu nennen.<\/span><\/p>\n<p><span style=\"color: #c9e5eb;\">Alle Gutscheine in der Kategorie \"Kennenlernen\" beinhalten f\u00fcr 2 Personen:<\/span><\/p>\n<ul>\n<li><span style=\"color: #c9e5eb;\">1 \u00dcbernachtung in einer hochwertigen Unterkunft mit \u00dcbernachtung und Fr\u00fchst\u00fcck, die auf Komfort, Sicherheit und exquisite Behandlung des Reisenden ausgerichtet ist.<\/span><\/li>\n<li><span style=\"color: #c9e5eb;\">Mindestens zwei Erlebnisse zur Auswahl, die Sie als Paar genie\u00dfen k\u00f6nnen (siehe Abschnitt \"Produktinformationen und Einschr\u00e4nkungen\" f\u00fcr die verf\u00fcgbaren Erlebnisse).<\/span><\/li>\n<\/ul>\n<p><span style=\"color: #c9e5eb;\">Diese Gutscheine sind ideal, um sie an Ihre Lieben zu verschenken und sie in aller Ruhe zu genie\u00dfen, denn sie k\u00f6nnen das ganze Jahr \u00fcber eingel\u00f6st werden. Nutzen Sie den Februar, den Monat der Liebe und der Freundschaft, um Ihren Lieben ein Erlebnis zu schenken! Werfen Sie einen Blick auf die Rubrik PROMOTIONEN &amp; DISKONTE.<\/span><\/p>\n<p><span style=\"color: #c9e5eb;\">Wir arbeiten noch daran, weitere Optionen in diese Kategorie aufzunehmen, damit Sie in den vollen Genuss kommen, und wir laden Sie ein, die \u00fcbrigen in unserem Shop verf\u00fcgbaren Erlebnisgutscheine zu pr\u00fcfen (besuchen Sie die Erlebnisgutscheine \"Conoce\" und \"Vive\") und diese wundervollen Gegenden bei uns zu entdecken.<\/span><\/p>\n<p><span style=\"color: #c9e5eb;\">Extremadura ist eine der am wenigsten bekannten Regionen Spaniens, aber sie verf\u00fcgt \u00fcber ein gro\u00dfartiges historisches und kulturelles Erbe und unglaubliche Naturr\u00e4ume, sowie eine gro\u00dfe gastronomische Tradition und Vielfalt.<\/span><\/p>\n<p><span style=\"color: #c9e5eb;\">Der Alentejo im S\u00fcden Portugals bietet dank seiner Str\u00e4nde eine atemberaubende landschaftliche Sch\u00f6nheit, ein beneidenswertes arch\u00e4ologisches und \u00f6nologisches Erbe und eine ausgezeichnete Gastronomie. Centro ist eine Region voller Kontraste mit gro\u00dfen Bergen im Landesinneren und traditionellen Fischerd\u00f6rfern und Str\u00e4nden am Meer, die f\u00fcr ihre Wellen ber\u00fchmt sind.<\/span><\/p>\n<p><span style=\"color: #c9e5eb;\">&#8211;<\/span><\/p>\n<p><span style=\"color: #c9e5eb;\"><strong>Denken Sie daran, dass Sie den Erlebnisgutschein kaufen k\u00f6nnen, wann immer Sie wollen, und dass Sie ihn im Laufe eines Jahres einl\u00f6sen k\u00f6nnen.<\/strong><\/span><\/p>","protected":false},"excerpt":{"rendered":"<p>Die Erlebnisgutscheine umfassen eine Reihe von M\u00f6glichkeiten, aus denen Sie je nach Ihrem Geschmack und Ihren Interessen w\u00e4hlen k\u00f6nnen. In der Region Extremadura in Spanien und den Regionen Alentejo und Centro in Portugal entdecken Sie die reichsten, am wenigsten \u00fcberlaufenen und exklusivsten Gebiete der Iberischen Halbinsel. Sie k\u00f6nnen frei w\u00e4hlen, welche Erfahrung Sie machen m\u00f6chten...&nbsp;<a href=\"https:\/\/udestinations.es\/de\/produkt\/bonos-experiencia-conoce-b2\/\" rel=\"bookmark\">Weiterlesen \"<span class=\"screen-reader-text\">Erfahrungsbonus (B2) - \"Kennenlernen\".<\/span><\/a><\/p>","protected":false},"featured_media":547,"comment_status":"open","ping_status":"closed","template":"","meta":{"_acf_changed":false,"neve_meta_sidebar":"","neve_meta_container":"","neve_meta_enable_content_width":"off","neve_meta_content_width":100,"neve_meta_title_alignment":"","neve_meta_author_avatar":"","neve_post_elements_order":"","neve_meta_disable_header":"","neve_meta_disable_footer":"","neve_meta_disable_title":"","neve_meta_reading_time":""},"product_cat":[36,25,22,26,27,34,35,33,28,29,24],"product_tag":[30],"class_list":{"0":"post-619","1":"product","2":"type-product","3":"status-publish","4":"has-post-thumbnail","6":"product_cat-caballeros-templarios","7":"product_cat-cata-de-quesos","8":"product_cat-espana","9":"product_cat-experiencias-romanticas","10":"product_cat-iglesias-y-capillas","11":"product_cat-obras-al-aire-libre","12":"product_cat-recorrido-fotografico","13":"product_cat-rutas-de-las-bodegas-y-cata-de-vinos","14":"product_cat-spa-y-masajes","15":"product_cat-teatro-clasico","16":"product_cat-verano","17":"product_tag-reav","19":"first","20":"instock","21":"taxable","22":"shipping-taxable","23":"purchasable","24":"product-type-variable"},"acf":[],"yoast_head":"<!-- This site is optimized with the Yoast SEO Premium plugin v20.1 (Yoast SEO v23.8) - https:\/\/yoast.com\/wordpress\/plugins\/seo\/ -->\n<title>Bonos Experiencia (B2) - \u201cConoce\u201d<\/title>\n<meta name=\"robots\" content=\"index, follow, max-snippet:-1, max-image-preview:large, max-video-preview:-1\" \/>\n<link rel=\"canonical\" href=\"https:\/\/udestinations.es\/de\/produkt\/bonos-experiencia-conoce-b2\/\" \/>\n<meta property=\"og:locale\" content=\"de_DE\" \/>\n<meta property=\"og:type\" content=\"article\" \/>\n<meta property=\"og:title\" content=\"Bonos Experiencia (B2) - \u201cConoce\u201d\" \/>\n<meta property=\"og:description\" content=\"Los Bonos Experiencias incluyen un abanico de posibilidades para elegir seg\u00fan sus gustos y aficiones, en la regi\u00f3n de Extremadura, en Espa\u00f1a y las regiones de Alentejo y Centro, en Portugal, descubriendo los territorios con mayor riqueza, menos masificados y exclusivos de la pen\u00ednsula ib\u00e9rica. Le permiten escoger libremente la experiencia que desee disfrutar con&hellip;&nbsp;Weiterlesen &raquo;Bonos Experiencia (B2) &#8211; \u201cConoce\u201d\" \/>\n<meta property=\"og:url\" content=\"https:\/\/udestinations.es\/de\/produkt\/bonos-experiencia-conoce-b2\/\" \/>\n<meta property=\"og:site_name\" content=\"uDestinations\" \/>\n<meta property=\"article:publisher\" content=\"https:\/\/www.facebook.com\/UDestinations.experiences\/\" \/>\n<meta property=\"article:modified_time\" content=\"2023-05-23T12:05:57+00:00\" \/>\n<meta property=\"og:image\" content=\"https:\/\/udestinations.es\/wp-content\/uploads\/2023\/01\/04-1.webp\" \/>\n\t<meta property=\"og:image:width\" content=\"1137\" \/>\n\t<meta property=\"og:image:height\" content=\"853\" \/>\n\t<meta property=\"og:image:type\" content=\"image\/webp\" \/>\n<meta name=\"twitter:card\" content=\"summary_large_image\" \/>\n<meta name=\"twitter:site\" content=\"@udestinations_\" \/>\n<meta name=\"twitter:label1\" content=\"Gesch\u00e4tzte Lesezeit\" \/>\n\t<meta name=\"twitter:data1\" content=\"2\u00a0Minuten\" \/>\n<script type=\"application\/ld+json\" class=\"yoast-schema-graph\">{\"@context\":\"https:\/\/schema.org\",\"@graph\":[{\"@type\":\"WebPage\",\"@id\":\"https:\/\/udestinations.es\/producto\/bonos-experiencia-conoce-b2\/\",\"url\":\"https:\/\/udestinations.es\/producto\/bonos-experiencia-conoce-b2\/\",\"name\":\"Bonos Experiencia (B2) - \u201cConoce\u201d\",\"isPartOf\":{\"@id\":\"https:\/\/udestinations.es\/de\/#website\"},\"primaryImageOfPage\":{\"@id\":\"https:\/\/udestinations.es\/producto\/bonos-experiencia-conoce-b2\/#primaryimage\"},\"image\":{\"@id\":\"https:\/\/udestinations.es\/producto\/bonos-experiencia-conoce-b2\/#primaryimage\"},\"thumbnailUrl\":\"https:\/\/udestinations.es\/wp-content\/uploads\/2023\/01\/04-1.webp\",\"datePublished\":\"2023-01-26T12:49:48+00:00\",\"dateModified\":\"2023-05-23T12:05:57+00:00\",\"breadcrumb\":{\"@id\":\"https:\/\/udestinations.es\/producto\/bonos-experiencia-conoce-b2\/#breadcrumb\"},\"inLanguage\":\"de\",\"potentialAction\":[{\"@type\":\"ReadAction\",\"target\":[\"https:\/\/udestinations.es\/producto\/bonos-experiencia-conoce-b2\/\"]}]},{\"@type\":\"ImageObject\",\"inLanguage\":\"de\",\"@id\":\"https:\/\/udestinations.es\/producto\/bonos-experiencia-conoce-b2\/#primaryimage\",\"url\":\"https:\/\/udestinations.es\/wp-content\/uploads\/2023\/01\/04-1.webp\",\"contentUrl\":\"https:\/\/udestinations.es\/wp-content\/uploads\/2023\/01\/04-1.webp\",\"width\":1137,\"height\":853},{\"@type\":\"BreadcrumbList\",\"@id\":\"https:\/\/udestinations.es\/producto\/bonos-experiencia-conoce-b2\/#breadcrumb\",\"itemListElement\":[{\"@type\":\"ListItem\",\"position\":1,\"name\":\"Tienda\",\"item\":\"https:\/\/udestinations.es\/tienda\/\"},{\"@type\":\"ListItem\",\"position\":2,\"name\":\"Bonos Experiencia (B2) &#8211; \u201cConoce\u201d\"}]},{\"@type\":\"WebSite\",\"@id\":\"https:\/\/udestinations.es\/de\/#website\",\"url\":\"https:\/\/udestinations.es\/de\/\",\"name\":\"uDestinations\",\"description\":\"\",\"potentialAction\":[{\"@type\":\"SearchAction\",\"target\":{\"@type\":\"EntryPoint\",\"urlTemplate\":\"https:\/\/udestinations.es\/de\/?s={search_term_string}\"},\"query-input\":{\"@type\":\"PropertyValueSpecification\",\"valueRequired\":true,\"valueName\":\"search_term_string\"}}],\"inLanguage\":\"de\"}]}<\/script>\n<!-- \/ Yoast SEO Premium plugin. -->","yoast_head_json":{"title":"Bonos Experiencia (B2) - \u201cConoce\u201d","robots":{"index":"index","follow":"follow","max-snippet":"max-snippet:-1","max-image-preview":"max-image-preview:large","max-video-preview":"max-video-preview:-1"},"canonical":"https:\/\/udestinations.es\/de\/produkt\/bonos-experiencia-conoce-b2\/","og_locale":"de_DE","og_type":"article","og_title":"Bonos Experiencia (B2) - \u201cConoce\u201d","og_description":"Los Bonos Experiencias incluyen un abanico de posibilidades para elegir seg\u00fan sus gustos y aficiones, en la regi\u00f3n de Extremadura, en Espa\u00f1a y las regiones de Alentejo y Centro, en Portugal, descubriendo los territorios con mayor riqueza, menos masificados y exclusivos de la pen\u00ednsula ib\u00e9rica. Le permiten escoger libremente la experiencia que desee disfrutar con&hellip;&nbsp;Weiterlesen &raquo;Bonos Experiencia (B2) &#8211; \u201cConoce\u201d","og_url":"https:\/\/udestinations.es\/de\/produkt\/bonos-experiencia-conoce-b2\/","og_site_name":"uDestinations","article_publisher":"https:\/\/www.facebook.com\/UDestinations.experiences\/","article_modified_time":"2023-05-23T12:05:57+00:00","og_image":[{"width":1137,"height":853,"url":"https:\/\/udestinations.es\/wp-content\/uploads\/2023\/01\/04-1.webp","type":"image\/webp"}],"twitter_card":"summary_large_image","twitter_site":"@udestinations_","twitter_misc":{"Gesch\u00e4tzte Lesezeit":"2\u00a0Minuten"},"schema":{"@context":"https:\/\/schema.org","@graph":[{"@type":"WebPage","@id":"https:\/\/udestinations.es\/producto\/bonos-experiencia-conoce-b2\/","url":"https:\/\/udestinations.es\/producto\/bonos-experiencia-conoce-b2\/","name":"Bonos Experiencia (B2) - \u201cConoce\u201d","isPartOf":{"@id":"https:\/\/udestinations.es\/de\/#website"},"primaryImageOfPage":{"@id":"https:\/\/udestinations.es\/producto\/bonos-experiencia-conoce-b2\/#primaryimage"},"image":{"@id":"https:\/\/udestinations.es\/producto\/bonos-experiencia-conoce-b2\/#primaryimage"},"thumbnailUrl":"https:\/\/udestinations.es\/wp-content\/uploads\/2023\/01\/04-1.webp","datePublished":"2023-01-26T12:49:48+00:00","dateModified":"2023-05-23T12:05:57+00:00","breadcrumb":{"@id":"https:\/\/udestinations.es\/producto\/bonos-experiencia-conoce-b2\/#breadcrumb"},"inLanguage":"de","potentialAction":[{"@type":"ReadAction","target":["https:\/\/udestinations.es\/producto\/bonos-experiencia-conoce-b2\/"]}]},{"@type":"ImageObject","inLanguage":"de","@id":"https:\/\/udestinations.es\/producto\/bonos-experiencia-conoce-b2\/#primaryimage","url":"https:\/\/udestinations.es\/wp-content\/uploads\/2023\/01\/04-1.webp","contentUrl":"https:\/\/udestinations.es\/wp-content\/uploads\/2023\/01\/04-1.webp","width":1137,"height":853},{"@type":"BreadcrumbList","@id":"https:\/\/udestinations.es\/producto\/bonos-experiencia-conoce-b2\/#breadcrumb","itemListElement":[{"@type":"ListItem","position":1,"name":"Tienda","item":"https:\/\/udestinations.es\/tienda\/"},{"@type":"ListItem","position":2,"name":"Bonos Experiencia (B2) &#8211; \u201cConoce\u201d"}]},{"@type":"WebSite","@id":"https:\/\/udestinations.es\/de\/#website","url":"https:\/\/udestinations.es\/de\/","name":"uDestinations","description":"","potentialAction":[{"@type":"SearchAction","target":{"@type":"EntryPoint","urlTemplate":"https:\/\/udestinations.es\/de\/?s={search_term_string}"},"query-input":{"@type":"PropertyValueSpecification","valueRequired":true,"valueName":"search_term_string"}}],"inLanguage":"de"}]}},"_links":{"self":[{"href":"https:\/\/udestinations.es\/de\/wp-json\/wp\/v2\/product\/619","targetHints":{"allow":["GET"]}}],"collection":[{"href":"https:\/\/udestinations.es\/de\/wp-json\/wp\/v2\/product"}],"about":[{"href":"https:\/\/udestinations.es\/de\/wp-json\/wp\/v2\/types\/product"}],"replies":[{"embeddable":true,"href":"https:\/\/udestinations.es\/de\/wp-json\/wp\/v2\/comments?post=619"}],"version-history":[{"count":10,"href":"https:\/\/udestinations.es\/de\/wp-json\/wp\/v2\/product\/619\/revisions"}],"predecessor-version":[{"id":9067,"href":"https:\/\/udestinations.es\/de\/wp-json\/wp\/v2\/product\/619\/revisions\/9067"}],"wp:featuredmedia":[{"embeddable":true,"href":"https:\/\/udestinations.es\/de\/wp-json\/wp\/v2\/media\/547"}],"wp:attachment":[{"href":"https:\/\/udestinations.es\/de\/wp-json\/wp\/v2\/media?parent=619"}],"wp:term":[{"taxonomy":"product_cat","embeddable":true,"href":"https:\/\/udestinations.es\/de\/wp-json\/wp\/v2\/product_cat?post=619"},{"taxonomy":"product_tag","embeddable":true,"href":"https:\/\/udestinations.es\/de\/wp-json\/wp\/v2\/product_tag?post=619"}],"curies":[{"name":"wp","href":"https:\/\/api.w.org\/{rel}","templated":true}]}}