{"id":304,"date":"2023-01-25T11:04:37","date_gmt":"2023-01-25T11:04:37","guid":{"rendered":"https:\/\/test.udestinations.es\/?page_id=304"},"modified":"2023-05-11T10:59:32","modified_gmt":"2023-05-11T10:59:32","slug":"mi-perfil","status":"publish","type":"page","link":"https:\/\/udestinations.es\/de\/mi-perfil\/","title":{"rendered":"Mein Profil"},"content":{"rendered":"<div data-elementor-type=\"wp-page\" data-elementor-id=\"304\" class=\"elementor elementor-304\" data-elementor-post-type=\"page\">\n\t\t\t\t\t\t<section data-particle_enable=\"false\" data-particle-mobile-disabled=\"false\" class=\"elementor-section elementor-top-section elementor-element elementor-element-ee8cd7c elementor-section-boxed elementor-section-height-default elementor-section-height-default\" data-id=\"ee8cd7c\" data-element_type=\"section\">\n\t\t\t\t\t\t<div class=\"elementor-container elementor-column-gap-default\">\n\t\t\t\t\t<div class=\"elementor-column elementor-col-100 elementor-top-column elementor-element elementor-element-f554920\" data-id=\"f554920\" data-element_type=\"column\">\n\t\t\t<div class=\"elementor-widget-wrap elementor-element-populated\">\n\t\t\t\t\t\t<div class=\"elementor-element elementor-element-4a6c8be elementor-widget elementor-widget-heading\" data-id=\"4a6c8be\" data-element_type=\"widget\" data-widget_type=\"heading.default\">\n\t\t\t\t<div class=\"elementor-widget-container\">\n\t\t\t<style>\/*! elementor - v3.23.0 - 05-08-2024 *\/\n.elementor-heading-title{padding:0;margin:0;line-height:1}.elementor-widget-heading .elementor-heading-title[class*=elementor-size-]>a{color:inherit;font-size:inherit;line-height:inherit}.elementor-widget-heading .elementor-heading-title.elementor-size-small{font-size:15px}.elementor-widget-heading .elementor-heading-title.elementor-size-medium{font-size:19px}.elementor-widget-heading .elementor-heading-title.elementor-size-large{font-size:29px}.elementor-widget-heading .elementor-heading-title.elementor-size-xl{font-size:39px}.elementor-widget-heading .elementor-heading-title.elementor-size-xxl{font-size:59px}<\/style><h5 class=\"elementor-heading-title elementor-size-default\">Sie m\u00fcssen eingeloggt sein, um den Profilbereich zu sehen<\/h5>\t\t<\/div>\n\t\t\t\t<\/div>\n\t\t\t\t\t<\/div>\n\t\t<\/div>\n\t\t\t\t\t<\/div>\n\t\t<\/section>\n\t\t\t\t<section data-particle_enable=\"false\" data-particle-mobile-disabled=\"false\" class=\"elementor-section elementor-top-section elementor-element elementor-element-67867de elementor-section-boxed elementor-section-height-default elementor-section-height-default\" data-id=\"67867de\" data-element_type=\"section\">\n\t\t\t\t\t\t<div class=\"elementor-container elementor-column-gap-default\">\n\t\t\t\t\t<div class=\"elementor-column elementor-col-100 elementor-top-column elementor-element elementor-element-b709f24\" data-id=\"b709f24\" data-element_type=\"column\">\n\t\t\t<div class=\"elementor-widget-wrap elementor-element-populated\">\n\t\t\t\t\t\t\t<\/div>\n\t\t<\/div>\n\t\t\t\t\t<\/div>\n\t\t<\/section>\n\t\t\t\t<\/div>","protected":false},"excerpt":{"rendered":"<p>Necesita iniciar sesi\u00f3n para visualizar la secci\u00f3n de perfil Escritorio Pedidos Descargas Direcciones Detalles Mi Perfil Aragorn Edit Profile Logout Barra de progreso 0% Datos del usuario Entradas del blog Comentarios del blog Compras Comentarios sobre los productos Redes Mi Viaje N\u00famero de Telefono G\u00e9nero Fecha de nacimiento Edad Biograf\u00eda Pa\u00eds Lenguajes Intereses Editar datos&hellip;&nbsp;<a href=\"https:\/\/udestinations.es\/de\/mi-perfil\/\" rel=\"bookmark\">Weiterlesen \"<span class=\"screen-reader-text\">Mein Profil<\/span><\/a><\/p>","protected":false},"author":2,"featured_media":0,"parent":0,"menu_order":0,"comment_status":"closed","ping_status":"closed","template":"elementor_header_footer","meta":{"_acf_changed":false,"neve_meta_sidebar":"","neve_meta_container":"","neve_meta_enable_content_width":"off","neve_meta_content_width":100,"neve_meta_title_alignment":"","neve_meta_author_avatar":"","neve_post_elements_order":"","neve_meta_disable_header":"","neve_meta_disable_footer":"","neve_meta_disable_title":"","neve_meta_reading_time":"","footnotes":""},"class_list":["post-304","page","type-page","status-publish","hentry"],"acf":[],"yoast_head":"<!-- This site is optimized with the Yoast SEO Premium plugin v20.1 (Yoast SEO v23.8) - https:\/\/yoast.com\/wordpress\/plugins\/seo\/ -->\n<title>Mi Perfil | uDestinations<\/title>\n<meta name=\"description\" content=\"Necesita iniciar sesi\u00f3n para visualizar la secci\u00f3n de perfil Escritorio Pedidos Descargas Direcciones Detalles Mi Perfil Aragorn Edit Profile Logout Barra\" \/>\n<meta name=\"robots\" content=\"index, follow, max-snippet:-1, max-image-preview:large, max-video-preview:-1\" \/>\n<link rel=\"canonical\" href=\"https:\/\/udestinations.es\/de\/mi-perfil\/\" \/>\n<meta property=\"og:locale\" content=\"de_DE\" \/>\n<meta property=\"og:type\" content=\"article\" \/>\n<meta property=\"og:title\" content=\"Mi Perfil | uDestinations\" \/>\n<meta property=\"og:description\" content=\"Necesita iniciar sesi\u00f3n para visualizar la secci\u00f3n de perfil Escritorio Pedidos Descargas Direcciones Detalles Mi Perfil Aragorn Edit Profile Logout Barra\" \/>\n<meta property=\"og:url\" content=\"https:\/\/udestinations.es\/de\/mi-perfil\/\" \/>\n<meta property=\"og:site_name\" content=\"uDestinations\" \/>\n<meta property=\"article:publisher\" content=\"https:\/\/www.facebook.com\/UDestinations.experiences\/\" \/>\n<meta property=\"article:modified_time\" content=\"2023-05-11T10:59:32+00:00\" \/>\n<meta property=\"og:image\" content=\"https:\/\/secure.gravatar.com\/avatar\/48415d141f4371dc6dc83e4d1f2ede52?s=128&#038;d=mm&#038;r=g\" \/>\n<meta name=\"twitter:card\" content=\"summary_large_image\" \/>\n<meta name=\"twitter:site\" content=\"@udestinations_\" \/>\n<meta name=\"twitter:label1\" content=\"Gesch\u00e4tzte Lesezeit\" \/>\n\t<meta name=\"twitter:data1\" content=\"1\u00a0Minute\" \/>\n<script type=\"application\/ld+json\" class=\"yoast-schema-graph\">{\"@context\":\"https:\/\/schema.org\",\"@graph\":[{\"@type\":\"WebPage\",\"@id\":\"https:\/\/udestinations.es\/mi-perfil\/\",\"url\":\"https:\/\/udestinations.es\/mi-perfil\/\",\"name\":\"Mi Perfil | uDestinations\",\"isPartOf\":{\"@id\":\"https:\/\/udestinations.es\/de\/#website\"},\"primaryImageOfPage\":{\"@id\":\"https:\/\/udestinations.es\/mi-perfil\/#primaryimage\"},\"image\":{\"@id\":\"https:\/\/udestinations.es\/mi-perfil\/#primaryimage\"},\"thumbnailUrl\":\"https:\/\/secure.gravatar.com\/avatar\/48415d141f4371dc6dc83e4d1f2ede52?s=128&#038;d=mm&#038;r=g\",\"datePublished\":\"2023-01-25T11:04:37+00:00\",\"dateModified\":\"2023-05-11T10:59:32+00:00\",\"description\":\"Necesita iniciar sesi\u00f3n para visualizar la secci\u00f3n de perfil Escritorio Pedidos Descargas Direcciones Detalles Mi Perfil Aragorn Edit Profile Logout Barra\",\"inLanguage\":\"de\",\"potentialAction\":[{\"@type\":\"ReadAction\",\"target\":[\"https:\/\/udestinations.es\/mi-perfil\/\"]}]},{\"@type\":\"ImageObject\",\"inLanguage\":\"de\",\"@id\":\"https:\/\/udestinations.es\/mi-perfil\/#primaryimage\",\"url\":\"https:\/\/secure.gravatar.com\/avatar\/48415d141f4371dc6dc83e4d1f2ede52?s=128&#038;d=mm&#038;r=g\",\"contentUrl\":\"https:\/\/secure.gravatar.com\/avatar\/48415d141f4371dc6dc83e4d1f2ede52?s=128&#038;d=mm&#038;r=g\"},{\"@type\":\"WebSite\",\"@id\":\"https:\/\/udestinations.es\/de\/#website\",\"url\":\"https:\/\/udestinations.es\/de\/\",\"name\":\"uDestinations\",\"description\":\"\",\"potentialAction\":[{\"@type\":\"SearchAction\",\"target\":{\"@type\":\"EntryPoint\",\"urlTemplate\":\"https:\/\/udestinations.es\/de\/?s={search_term_string}\"},\"query-input\":{\"@type\":\"PropertyValueSpecification\",\"valueRequired\":true,\"valueName\":\"search_term_string\"}}],\"inLanguage\":\"de\"}]}<\/script>\n<!-- \/ Yoast SEO Premium plugin. -->","yoast_head_json":{"title":"Mi Perfil | uDestinations","description":"Necesita iniciar sesi\u00f3n para visualizar la secci\u00f3n de perfil Escritorio Pedidos Descargas Direcciones Detalles Mi Perfil Aragorn Edit Profile Logout Barra","robots":{"index":"index","follow":"follow","max-snippet":"max-snippet:-1","max-image-preview":"max-image-preview:large","max-video-preview":"max-video-preview:-1"},"canonical":"https:\/\/udestinations.es\/de\/mi-perfil\/","og_locale":"de_DE","og_type":"article","og_title":"Mi Perfil | uDestinations","og_description":"Necesita iniciar sesi\u00f3n para visualizar la secci\u00f3n de perfil Escritorio Pedidos Descargas Direcciones Detalles Mi Perfil Aragorn Edit Profile Logout Barra","og_url":"https:\/\/udestinations.es\/de\/mi-perfil\/","og_site_name":"uDestinations","article_publisher":"https:\/\/www.facebook.com\/UDestinations.experiences\/","article_modified_time":"2023-05-11T10:59:32+00:00","og_image":[{"url":"https:\/\/secure.gravatar.com\/avatar\/48415d141f4371dc6dc83e4d1f2ede52?s=128&#038;d=mm&#038;r=g"}],"twitter_card":"summary_large_image","twitter_site":"@udestinations_","twitter_misc":{"Gesch\u00e4tzte Lesezeit":"1\u00a0Minute"},"schema":{"@context":"https:\/\/schema.org","@graph":[{"@type":"WebPage","@id":"https:\/\/udestinations.es\/mi-perfil\/","url":"https:\/\/udestinations.es\/mi-perfil\/","name":"Mi Perfil | uDestinations","isPartOf":{"@id":"https:\/\/udestinations.es\/de\/#website"},"primaryImageOfPage":{"@id":"https:\/\/udestinations.es\/mi-perfil\/#primaryimage"},"image":{"@id":"https:\/\/udestinations.es\/mi-perfil\/#primaryimage"},"thumbnailUrl":"https:\/\/secure.gravatar.com\/avatar\/48415d141f4371dc6dc83e4d1f2ede52?s=128&#038;d=mm&#038;r=g","datePublished":"2023-01-25T11:04:37+00:00","dateModified":"2023-05-11T10:59:32+00:00","description":"Necesita iniciar sesi\u00f3n para visualizar la secci\u00f3n de perfil Escritorio Pedidos Descargas Direcciones Detalles Mi Perfil Aragorn Edit Profile Logout Barra","inLanguage":"de","potentialAction":[{"@type":"ReadAction","target":["https:\/\/udestinations.es\/mi-perfil\/"]}]},{"@type":"ImageObject","inLanguage":"de","@id":"https:\/\/udestinations.es\/mi-perfil\/#primaryimage","url":"https:\/\/secure.gravatar.com\/avatar\/48415d141f4371dc6dc83e4d1f2ede52?s=128&#038;d=mm&#038;r=g","contentUrl":"https:\/\/secure.gravatar.com\/avatar\/48415d141f4371dc6dc83e4d1f2ede52?s=128&#038;d=mm&#038;r=g"},{"@type":"WebSite","@id":"https:\/\/udestinations.es\/de\/#website","url":"https:\/\/udestinations.es\/de\/","name":"uDestinations","description":"","potentialAction":[{"@type":"SearchAction","target":{"@type":"EntryPoint","urlTemplate":"https:\/\/udestinations.es\/de\/?s={search_term_string}"},"query-input":{"@type":"PropertyValueSpecification","valueRequired":true,"valueName":"search_term_string"}}],"inLanguage":"de"}]}},"_links":{"self":[{"href":"https:\/\/udestinations.es\/de\/wp-json\/wp\/v2\/pages\/304","targetHints":{"allow":["GET"]}}],"collection":[{"href":"https:\/\/udestinations.es\/de\/wp-json\/wp\/v2\/pages"}],"about":[{"href":"https:\/\/udestinations.es\/de\/wp-json\/wp\/v2\/types\/page"}],"author":[{"embeddable":true,"href":"https:\/\/udestinations.es\/de\/wp-json\/wp\/v2\/users\/2"}],"replies":[{"embeddable":true,"href":"https:\/\/udestinations.es\/de\/wp-json\/wp\/v2\/comments?post=304"}],"version-history":[{"count":81,"href":"https:\/\/udestinations.es\/de\/wp-json\/wp\/v2\/pages\/304\/revisions"}],"predecessor-version":[{"id":8830,"href":"https:\/\/udestinations.es\/de\/wp-json\/wp\/v2\/pages\/304\/revisions\/8830"}],"wp:attachment":[{"href":"https:\/\/udestinations.es\/de\/wp-json\/wp\/v2\/media?parent=304"}],"curies":[{"name":"wp","href":"https:\/\/api.w.org\/{rel}","templated":true}]}}